{"id":140984,"date":"2025-01-30T00:00:00","date_gmt":"2025-01-29T23:00:00","guid":{"rendered":"https:\/\/gpl-love.com\/fr\/produit\/everest-forms-geolocation-1-1-5\/"},"modified":"2026-04-02T12:31:11","modified_gmt":"2026-04-02T10:31:11","slug":"everest-forms-geolocation-1-1-5","status":"publish","type":"product","link":"https:\/\/gpl-love.com\/fr\/produit\/everest-forms-geolocation-1-1-5\/","title":{"rendered":"Everest Forms Geolocation 1.1.7"},"content":{"rendered":"<h3>Everest Forms Geolocation Traits<\/h3>\n<p>D\u00e9couvrez la puissance de la g\u00e9olocalisation d&rsquo;Everest Forms<\/p>\n<p>Am\u00e9liorez votre exp\u00e9rience de formulaire avec la g\u00e9olocalisation d&rsquo;Everest Forms, la solution ultime pour la collecte de donn\u00e9es de localisation pr\u00e9cises. Id\u00e9ale pour les entreprises comme pour les d\u00e9veloppeurs, cette fonctionnalit\u00e9 de g\u00e9olocalisation avanc\u00e9e s&rsquo;int\u00e8gre parfaitement \u00e0 Everest Forms et fournit des informations de localisation pr\u00e9cises et en temps r\u00e9el \u00e0 vos utilisateurs.<\/p>\n<p>Gr\u00e2ce \u00e0 la g\u00e9olocalisation d&rsquo;Everest Forms, vous pouvez facilement suivre la localisation des utilisateurs, am\u00e9liorer la pr\u00e9cision des donn\u00e9es et rationaliser vos op\u00e9rations. Id\u00e9al pour les services de livraison, l&rsquo;organisation d&rsquo;\u00e9v\u00e9nements et les enqu\u00eates clients, cet outil vous garantit des donn\u00e9es exactes \u00e0 chaque fois.<\/p>\n<p>Notre fonctionnalit\u00e9 de g\u00e9olocalisation est facile \u00e0 configurer et ne n\u00e9cessite aucune comp\u00e9tence en codage. Activez-la simplement dans les param\u00e8tres d&rsquo;Everest Forms et c&rsquo;est parti. Compatible avec Google Maps, elle offre une interface fiable et intuitive.<\/p>\n<p>Optimisez votre flux de travail et prenez des d\u00e9cisions \u00e9clair\u00e9es avec la g\u00e9olocalisation d&rsquo;Everest Forms. Am\u00e9liorez vos formulaires d\u00e8s aujourd&rsquo;hui et profitez de donn\u00e9es de localisation pr\u00e9cises et fiables. Essayez la g\u00e9olocalisation d&rsquo;Everest Forms d\u00e8s maintenant et transformez votre fa\u00e7on de collecter des informations.<\/p>\n<p>Mots-cl\u00e9s\u00a0: Everest Forms Ge<\/p>\n<ul>\n<li>Int\u00e9gration transparente avec Everest Forms<\/li>\n<li>D\u00e9tection automatique de la localisation de l&rsquo;utilisateur<\/li>\n<li>Prise en charge de plusieurs services de g\u00e9olocalisation<\/li>\n<li>Champs de localisation personnalisables<\/li>\n<li>Suggestions d&rsquo;adresses en temps r\u00e9el<\/li>\n<li>Pr\u00e9cision du formulaire am\u00e9lior\u00e9e gr\u00e2ce aux donn\u00e9es de localisation<\/li>\n<li>Conception optimis\u00e9e pour les appareils mobiles<\/li>\n<li>Traitement des donn\u00e9es conforme au RGPD<\/li>\n<li>Interface conviviale<\/li>\n<li>Compatibilit\u00e9 avec les th\u00e8mes et extensions WordPress populaires<\/li>\n<\/ul>\n","protected":false},"excerpt":{"rendered":"<p>D\u00e9couvrez Everest Forms Geolocation, l&rsquo;outil ultime pour am\u00e9liorer l&rsquo;exp\u00e9rience utilisateur sur votre site web. Gr\u00e2ce \u00e0 ses fonctionnalit\u00e9s de g\u00e9olocalisation avanc\u00e9es, ce plugin vous permet de cr\u00e9er des formulaires personnalis\u00e9s qui d\u00e9tectent et renseignent automatiquement la localisation des utilisateurs. Id\u00e9al pour les entreprises souhaitant rationaliser leurs processus et am\u00e9liorer la pr\u00e9cision de leurs donn\u00e9es. Optimisez vos formulaires d\u00e8s aujourd&rsquo;hui avec Everest Forms Geolocation et boostez l&rsquo;engagement de vos clients.<\/p>\n","protected":false},"featured_media":147068,"comment_status":"open","ping_status":"open","template":"","meta":[],"product_brand":[2681],"product_cat":[1189,1181,1186],"product_tag":[2210],"class_list":{"0":"post-140984","1":"product","2":"type-product","3":"status-publish","4":"has-post-thumbnail","6":"product_brand-wpeverest","7":"product_cat-personnalisation","8":"product_cat-plugins","9":"product_cat-wordpress-plugins","10":"product_tag-wpeverest","11":"member-discount","12":"discount-restricted","14":"first","15":"instock","16":"sale","17":"downloadable","18":"virtual","19":"sold-individually","20":"purchasable","21":"product-type-simple"},"_links":{"self":[{"href":"https:\/\/gpl-love.com\/fr\/wp-json\/wp\/v2\/product\/140984","targetHints":{"allow":["GET"]}}],"collection":[{"href":"https:\/\/gpl-love.com\/fr\/wp-json\/wp\/v2\/product"}],"about":[{"href":"https:\/\/gpl-love.com\/fr\/wp-json\/wp\/v2\/types\/product"}],"replies":[{"embeddable":true,"href":"https:\/\/gpl-love.com\/fr\/wp-json\/wp\/v2\/comments?post=140984"}],"wp:featuredmedia":[{"embeddable":true,"href":"https:\/\/gpl-love.com\/fr\/wp-json\/wp\/v2\/media\/147068"}],"wp:attachment":[{"href":"https:\/\/gpl-love.com\/fr\/wp-json\/wp\/v2\/media?parent=140984"}],"wp:term":[{"taxonomy":"product_brand","embeddable":true,"href":"https:\/\/gpl-love.com\/fr\/wp-json\/wp\/v2\/product_brand?post=140984"},{"taxonomy":"product_cat","embeddable":true,"href":"https:\/\/gpl-love.com\/fr\/wp-json\/wp\/v2\/product_cat?post=140984"},{"taxonomy":"product_tag","embeddable":true,"href":"https:\/\/gpl-love.com\/fr\/wp-json\/wp\/v2\/product_tag?post=140984"}],"curies":[{"name":"wp","href":"https:\/\/api.w.org\/{rel}","templated":true}]}}