{"id":140982,"date":"2024-09-21T00:00:00","date_gmt":"2024-09-20T22:00:00","guid":{"rendered":"https:\/\/gpl-love.com\/fr\/produit\/everest-forms-salesforce-1-0-2\/"},"modified":"2026-04-04T06:31:04","modified_gmt":"2026-04-04T04:31:04","slug":"everest-forms-salesforce-1-0-2","status":"publish","type":"product","link":"https:\/\/gpl-love.com\/fr\/produit\/everest-forms-salesforce-1-0-2\/","title":{"rendered":"Everest Forms Salesforce 1.0.4"},"content":{"rendered":"<h3>Everest Forms Salesforce Traits<\/h3>\n<p>Exploitez tout le potentiel de votre gestion de donn\u00e9es gr\u00e2ce \u00e0 l&rsquo;int\u00e9gration Everest Forms Salesforce. Notre puissant plugin Everest Forms Salesforce connecte facilement vos formulaires WordPress \u00e0 Salesforce, simplifiant ainsi votre flux de travail et boostant votre productivit\u00e9. Que vous soyez d\u00e9butant ou expert, notre configuration Everest Forms Salesforce \u00e9tape par \u00e9tape vous garantit une exp\u00e9rience fluide et sans tracas.<\/p>\n<p>Besoin d&rsquo;aide pour d\u00e9marrer\u00a0? D\u00e9couvrez notre tutoriel Everest Forms Salesforce complet et notre guide Everest Forms Salesforce. Ces ressources regorgent d&rsquo;instructions d\u00e9taill\u00e9es et de conseils pratiques pour vous aider \u00e0 ma\u00eetriser le connecteur Everest Forms Salesforce. De la configuration initiale \u00e0 la personnalisation avanc\u00e9e, nos guides couvrent tout ce que vous devez savoir.<\/p>\n<p>Envie de comprendre son fonctionnement\u00a0? Nos tutoriels Everest Forms Salesforce proposent des explications claires et concises ainsi que des aides visuelles pour un processus simple et intuitif.<\/p>\n<p>Avec Everest Forms Salesforce, g\u00e9rez facilement vos prospects, vos contacts et bien plus encore, directement depuis votre site WordPress. Dites adieu aux donn\u00e9es manuelles.<\/p>\n<ul>\n<li>Int\u00e9gration transparente avec Salesforce CRM<\/li>\n<li>G\u00e9n\u00e9rateur de formulaires par glisser-d\u00e9poser<\/li>\n<li>Champs de formulaire personnalisables<\/li>\n<li>Synchronisation des donn\u00e9es en temps r\u00e9el<\/li>\n<li>Logique conditionnelle pour formulaires dynamiques<\/li>\n<li>Fonctionnalit\u00e9s de formulaires multi-\u00e9tapes<\/li>\n<li>Protection anti-spam avec reCAPTCHA<\/li>\n<li>Mod\u00e8les de formulaires pr\u00e9d\u00e9finis<\/li>\n<li>Conception adapt\u00e9e aux appareils mobiles<\/li>\n<li>Analyses et rapports d\u00e9taill\u00e9s des soumissions<\/li>\n<\/ul>\n","protected":false},"excerpt":{"rendered":"<p>D\u00e9couvrez l&rsquo;int\u00e9gration Everest Forms Salesforce, la solution id\u00e9ale pour une gestion fluide de vos donn\u00e9es\u00a0! Gr\u00e2ce au puissant plugin Everest Forms Salesforce, connectez facilement vos formulaires \u00e0 Salesforce. Notre connecteur intuitif Everest Forms Salesforce simplifie la configuration et garantit un fonctionnement optimal. Que vous ayez besoin d&rsquo;un tutoriel Everest Forms Salesforce ou d&rsquo;un guide complet Everest Forms Salesforce, nous avons ce qu&rsquo;il vous faut. D\u00e9couvrez la simplicit\u00e9 d&rsquo;utilisation d&rsquo;Everest Forms Salesforce gr\u00e2ce \u00e0 nos ressources pratiques. Optimisez votre exp\u00e9rience de gestion des donn\u00e9es d\u00e8s aujourd&rsquo;hui avec Everest Forms et Salesforce\u00a0: l&rsquo;alliance de l&rsquo;efficacit\u00e9 et de la simplicit\u00e9.<\/p>\n","protected":false},"featured_media":147067,"comment_status":"open","ping_status":"open","template":"","meta":[],"product_brand":[2681],"product_cat":[1207,1181,1186],"product_tag":[2210],"class_list":{"0":"post-140982","1":"product","2":"type-product","3":"status-publish","4":"has-post-thumbnail","6":"product_brand-wpeverest","7":"product_cat-commercialisation-wordpress-plugins","8":"product_cat-plugins","9":"product_cat-wordpress-plugins","10":"product_tag-wpeverest","11":"member-discount","12":"discount-restricted","14":"first","15":"instock","16":"sale","17":"downloadable","18":"virtual","19":"sold-individually","20":"purchasable","21":"product-type-simple"},"_links":{"self":[{"href":"https:\/\/gpl-love.com\/fr\/wp-json\/wp\/v2\/product\/140982","targetHints":{"allow":["GET"]}}],"collection":[{"href":"https:\/\/gpl-love.com\/fr\/wp-json\/wp\/v2\/product"}],"about":[{"href":"https:\/\/gpl-love.com\/fr\/wp-json\/wp\/v2\/types\/product"}],"replies":[{"embeddable":true,"href":"https:\/\/gpl-love.com\/fr\/wp-json\/wp\/v2\/comments?post=140982"}],"wp:featuredmedia":[{"embeddable":true,"href":"https:\/\/gpl-love.com\/fr\/wp-json\/wp\/v2\/media\/147067"}],"wp:attachment":[{"href":"https:\/\/gpl-love.com\/fr\/wp-json\/wp\/v2\/media?parent=140982"}],"wp:term":[{"taxonomy":"product_brand","embeddable":true,"href":"https:\/\/gpl-love.com\/fr\/wp-json\/wp\/v2\/product_brand?post=140982"},{"taxonomy":"product_cat","embeddable":true,"href":"https:\/\/gpl-love.com\/fr\/wp-json\/wp\/v2\/product_cat?post=140982"},{"taxonomy":"product_tag","embeddable":true,"href":"https:\/\/gpl-love.com\/fr\/wp-json\/wp\/v2\/product_tag?post=140982"}],"curies":[{"name":"wp","href":"https:\/\/api.w.org\/{rel}","templated":true}]}}