{"id":140980,"date":"2024-09-21T00:00:00","date_gmt":"2024-09-20T22:00:00","guid":{"rendered":"https:\/\/gpl-love.com\/fr\/produit\/everest-forms-mailerlite-1-0-3\/"},"modified":"2026-03-21T00:03:43","modified_gmt":"2026-03-20T23:03:43","slug":"everest-forms-mailerlite-1-0-3","status":"publish","type":"product","link":"https:\/\/gpl-love.com\/fr\/produit\/everest-forms-mailerlite-1-0-3\/","title":{"rendered":"Everest Forms MailerLite 1.0.3"},"content":{"rendered":"<h3>Everest Forms MailerLite Traits<\/h3>\n<p>D\u00e9couvrez l&rsquo;int\u00e9gration Everest Forms MailerLite\u00a0: la solution ultime pour une automatisation fluide de votre marketing par e-mail\u00a0! Ce puissant plugin Everest Forms MailerLite est con\u00e7u pour optimiser votre flux de travail et simplifier la connexion de vos formulaires \u00e0 MailerLite.<\/p>\n<p>Gr\u00e2ce \u00e0 notre configuration compl\u00e8te Everest Forms MailerLite, vous pouvez int\u00e9grer rapidement vos formulaires et commencer \u00e0 cr\u00e9er vos listes d&rsquo;e-mails sans effort. Que vous soyez d\u00e9butant ou expert en marketing, notre tutoriel Everest Forms MailerLite \u00e9tape par \u00e9tape et notre guide d\u00e9taill\u00e9 vous guideront \u00e0 chaque \u00e9tape du processus.<\/p>\n<p>D\u00e9couvrez les fonctionnalit\u00e9s in\u00e9gal\u00e9es d&rsquo;Everest Forms MailerLite qui vous permettent d&rsquo;automatiser vos campagnes d&rsquo;e-mailing, de suivre l&rsquo;activit\u00e9 de vos abonn\u00e9s et de booster l&rsquo;engagement. D\u00e9couvrez les nombreux avantages d&rsquo;Everest Forms MailerLite, comme une productivit\u00e9 accrue et une communication optimis\u00e9e avec votre audience.<\/p>\n<p>Besoin d&rsquo;aide\u00a0? Notre \u00e9quipe d&rsquo;assistance Everest Forms MailerLite est toujours l\u00e0 pour vous aider, quelle que soit votre question ou votre probl\u00e8me. Am\u00e9liorez votre strat\u00e9gie de marketing par e-mail d\u00e8s aujourd&rsquo;hui avec Everest Forms MailerLite\u00a0!<\/p>\n<ul>\n<li>Int\u00e9gration transparente avec MailerLite<\/li>\n<li>Cr\u00e9ation de formulaires simplifi\u00e9e gr\u00e2ce \u00e0 un outil de cr\u00e9ation par glisser-d\u00e9poser<\/li>\n<li>Notifications par e-mail automatis\u00e9es<\/li>\n<li>Mod\u00e8les d&rsquo;e-mails personnalisables<\/li>\n<li>Conformit\u00e9 au RGPD avec options de consentement<\/li>\n<li>Protection anti-spam avanc\u00e9e avec reCAPTCHA<\/li>\n<li>Analyses et rapports en temps r\u00e9el<\/li>\n<li>Design adaptatif pour mobile<\/li>\n<li>Support multilingue<\/li>\n<li>Compatibilit\u00e9 avec divers th\u00e8mes et extensions WordPress<\/li>\n<\/ul>\n","protected":false},"excerpt":{"rendered":"<p>D\u00e9couvrez l&rsquo;int\u00e9gration Everest Forms MailerLite\u00a0: l&rsquo;outil id\u00e9al pour booster votre strat\u00e9gie d&#8217;email marketing\u00a0! L&rsquo;extension Everest Forms MailerLite offre une configuration fluide et vous permet d&rsquo;automatiser vos campagnes sans effort. Gr\u00e2ce \u00e0 notre tutoriel et guide complets Everest Forms MailerLite, vous ma\u00eetriserez toutes les fonctionnalit\u00e9s en un rien de temps. B\u00e9n\u00e9ficiez d&rsquo;une automatisation avanc\u00e9e, de puissantes fonctionnalit\u00e9s d&#8217;email marketing et d&rsquo;un support exceptionnel. D\u00e9couvrez les avantages incomparables des fonctionnalit\u00e9s d&rsquo;Everest Forms MailerLite et boostez votre strat\u00e9gie marketing d\u00e8s aujourd&rsquo;hui\u00a0!<\/p>\n","protected":false},"featured_media":147066,"comment_status":"open","ping_status":"open","template":"","meta":[],"product_brand":[2681],"product_cat":[1207,1181,1186],"product_tag":[2210],"class_list":{"0":"post-140980","1":"product","2":"type-product","3":"status-publish","4":"has-post-thumbnail","6":"product_brand-wpeverest","7":"product_cat-commercialisation-wordpress-plugins","8":"product_cat-plugins","9":"product_cat-wordpress-plugins","10":"product_tag-wpeverest","11":"member-discount","12":"discount-restricted","14":"first","15":"instock","16":"sale","17":"downloadable","18":"virtual","19":"sold-individually","20":"purchasable","21":"product-type-simple"},"_links":{"self":[{"href":"https:\/\/gpl-love.com\/fr\/wp-json\/wp\/v2\/product\/140980","targetHints":{"allow":["GET"]}}],"collection":[{"href":"https:\/\/gpl-love.com\/fr\/wp-json\/wp\/v2\/product"}],"about":[{"href":"https:\/\/gpl-love.com\/fr\/wp-json\/wp\/v2\/types\/product"}],"replies":[{"embeddable":true,"href":"https:\/\/gpl-love.com\/fr\/wp-json\/wp\/v2\/comments?post=140980"}],"wp:featuredmedia":[{"embeddable":true,"href":"https:\/\/gpl-love.com\/fr\/wp-json\/wp\/v2\/media\/147066"}],"wp:attachment":[{"href":"https:\/\/gpl-love.com\/fr\/wp-json\/wp\/v2\/media?parent=140980"}],"wp:term":[{"taxonomy":"product_brand","embeddable":true,"href":"https:\/\/gpl-love.com\/fr\/wp-json\/wp\/v2\/product_brand?post=140980"},{"taxonomy":"product_cat","embeddable":true,"href":"https:\/\/gpl-love.com\/fr\/wp-json\/wp\/v2\/product_cat?post=140980"},{"taxonomy":"product_tag","embeddable":true,"href":"https:\/\/gpl-love.com\/fr\/wp-json\/wp\/v2\/product_tag?post=140980"}],"curies":[{"name":"wp","href":"https:\/\/api.w.org\/{rel}","templated":true}]}}