{"id":140978,"date":"2024-09-21T00:00:00","date_gmt":"2024-09-20T22:00:00","guid":{"rendered":"https:\/\/gpl-love.com\/fr\/produit\/everest-forms-convertkit-1-1-3\/"},"modified":"2026-03-21T00:03:42","modified_gmt":"2026-03-20T23:03:42","slug":"everest-forms-convertkit-1-1-3","status":"publish","type":"product","link":"https:\/\/gpl-love.com\/fr\/produit\/everest-forms-convertkit-1-1-3\/","title":{"rendered":"Everest Forms ConvertKit 1.1.3"},"content":{"rendered":"<h3>Everest Forms ConvertKit Traits<\/h3>\n<p>Exploitez tout le potentiel de votre marketing par e-mail gr\u00e2ce \u00e0 l&rsquo;int\u00e9gration Everest Forms ConvertKit. Cet outil puissant connecte facilement Everest Forms \u00e0 ConvertKit, simplifiant ainsi votre flux de travail et am\u00e9liorant l&rsquo;engagement de votre audience. Que vous recherchiez un tutoriel complet sur Everest Forms ConvertKit ou un guide d&rsquo;installation \u00e9tape par \u00e9tape, nous avons ce qu&rsquo;il vous faut.<\/p>\n<p>Nos fonctionnalit\u00e9s d&rsquo;automatisation Everest Forms ConvertKit vous permettent de g\u00e9rer facilement vos listes d&rsquo;e-mails et vos campagnes. Gr\u00e2ce \u00e0 notre guide d\u00e9taill\u00e9 sur Everest Forms ConvertKit, vous pourrez configurer vos formulaires en un rien de temps. Explorez les nombreuses fonctionnalit\u00e9s d&rsquo;Everest Forms ConvertKit qui simplifient plus que jamais la capture de prospects et le d\u00e9veloppement de votre base d&rsquo;abonn\u00e9s.<\/p>\n<p>Vous recherchez les meilleures pratiques pour Everest Forms ConvertKit\u00a0? Nos conseils d&rsquo;experts vous permettront d&rsquo;optimiser votre efficacit\u00e9. D\u00e9couvrez un exemple d&rsquo;int\u00e9gration Everest Forms ConvertKit pour d\u00e9couvrir comment d&rsquo;autres utilisateurs tirent parti de cette int\u00e9gration pour r\u00e9ussir.<\/p>\n<p>Ne manquez pas le guide Everest Forms ConvertKit qui transformera votre gestion de l&rsquo;e-mailing. Plongez dans nos conseils Everest Forms ConvertKit et am\u00e9liorez votre e-mail<\/p>\n<ul>\n<li>Int\u00e9gration transparente avec ConvertKit<\/li>\n<li>Cr\u00e9ation de formulaires simple par glisser-d\u00e9poser<\/li>\n<li>Mod\u00e8les de formulaires pr\u00e9d\u00e9finis<\/li>\n<li>Conception adapt\u00e9e aux appareils mobiles<\/li>\n<li>Champs de formulaire personnalisables<\/li>\n<li>Notifications par e-mail en temps r\u00e9el<\/li>\n<li>Logique conditionnelle pour les formulaires avanc\u00e9s<\/li>\n<li>Conformit\u00e9 au RGPD<\/li>\n<li>Protection anti-spam avec reCAPTCHA<\/li>\n<li>Analyses d\u00e9taill\u00e9es des soumissions de formulaires<\/li>\n<\/ul>\n","protected":false},"excerpt":{"rendered":"<p>D\u00e9couvrez l&rsquo;int\u00e9gration Everest Forms ConvertKit, la solution id\u00e9ale pour une automatisation fluide de votre marketing par e-mail\u00a0! Cet outil puissant simplifie votre flux de travail gr\u00e2ce \u00e0 une configuration facile d&rsquo;Everest Forms ConvertKit et \u00e0 des tutoriels intuitifs. D\u00e9couvrez un guide d\u00e9taill\u00e9 et une proc\u00e9dure pas \u00e0 pas pour ma\u00eetriser chaque fonctionnalit\u00e9 d&rsquo;Everest Forms ConvertKit. Apprenez les meilleures pratiques et astuces pour optimiser vos formulaires en toute simplicit\u00e9. Gr\u00e2ce \u00e0 des exemples concrets et des explications d\u00e9taill\u00e9es, notre automatisation Everest Forms ConvertKit vous permet de capturer et de fid\u00e9liser vos prospects comme un pro. Lib\u00e9rez tout le potentiel de votre marketing par e-mail avec Everest Forms ConvertKit d\u00e8s aujourd&rsquo;hui\u00a0!<\/p>\n","protected":false},"featured_media":147065,"comment_status":"open","ping_status":"open","template":"","meta":[],"product_brand":[2681],"product_cat":[1207,1181,1186],"product_tag":[2210],"class_list":{"0":"post-140978","1":"product","2":"type-product","3":"status-publish","4":"has-post-thumbnail","6":"product_brand-wpeverest","7":"product_cat-commercialisation-wordpress-plugins","8":"product_cat-plugins","9":"product_cat-wordpress-plugins","10":"product_tag-wpeverest","11":"member-discount","12":"discount-restricted","14":"first","15":"instock","16":"sale","17":"downloadable","18":"virtual","19":"sold-individually","20":"purchasable","21":"product-type-simple"},"_links":{"self":[{"href":"https:\/\/gpl-love.com\/fr\/wp-json\/wp\/v2\/product\/140978","targetHints":{"allow":["GET"]}}],"collection":[{"href":"https:\/\/gpl-love.com\/fr\/wp-json\/wp\/v2\/product"}],"about":[{"href":"https:\/\/gpl-love.com\/fr\/wp-json\/wp\/v2\/types\/product"}],"replies":[{"embeddable":true,"href":"https:\/\/gpl-love.com\/fr\/wp-json\/wp\/v2\/comments?post=140978"}],"wp:featuredmedia":[{"embeddable":true,"href":"https:\/\/gpl-love.com\/fr\/wp-json\/wp\/v2\/media\/147065"}],"wp:attachment":[{"href":"https:\/\/gpl-love.com\/fr\/wp-json\/wp\/v2\/media?parent=140978"}],"wp:term":[{"taxonomy":"product_brand","embeddable":true,"href":"https:\/\/gpl-love.com\/fr\/wp-json\/wp\/v2\/product_brand?post=140978"},{"taxonomy":"product_cat","embeddable":true,"href":"https:\/\/gpl-love.com\/fr\/wp-json\/wp\/v2\/product_cat?post=140978"},{"taxonomy":"product_tag","embeddable":true,"href":"https:\/\/gpl-love.com\/fr\/wp-json\/wp\/v2\/product_tag?post=140978"}],"curies":[{"name":"wp","href":"https:\/\/api.w.org\/{rel}","templated":true}]}}