{"id":140976,"date":"2024-09-21T00:00:00","date_gmt":"2024-09-20T22:00:00","guid":{"rendered":"https:\/\/gpl-love.com\/fr\/produit\/everest-forms-pipedrive-1-0-4\/"},"modified":"2026-03-21T00:03:41","modified_gmt":"2026-03-20T23:03:41","slug":"everest-forms-pipedrive-1-0-4","status":"publish","type":"product","link":"https:\/\/gpl-love.com\/fr\/produit\/everest-forms-pipedrive-1-0-4\/","title":{"rendered":"Everest Forms Pipedrive 1.0.4"},"content":{"rendered":"<h3>Everest Forms Pipedrive Traits<\/h3>\n<p>Boostez votre flux de travail gr\u00e2ce \u00e0 l&rsquo;int\u00e9gration Everest Forms et Pipedrive<\/p>\n<p>Optimisez vos op\u00e9rations commerciales gr\u00e2ce \u00e0 la puissante int\u00e9gration Everest Forms et Pipedrive. Ce duo dynamique est con\u00e7u pour optimiser votre flux de travail, vous permettant de capturer des prospects en toute fluidit\u00e9 et de g\u00e9rer efficacement vos relations clients.<\/p>\n<p>Everest Forms offre une interface conviviale qui simplifie la cr\u00e9ation de formulaires personnalis\u00e9s, simplifiant ainsi la collecte de donn\u00e9es. Int\u00e9gr\u00e9s \u00e0 Pipedrive, ces formulaires alimentent directement votre pipeline de vente, garantissant ainsi la r\u00e9ussite de tous vos prospects.<\/p>\n<p>Gr\u00e2ce \u00e0 la collaboration entre Everest Forms et Pipedrive, vous pouvez automatiser vos suivis, suivre les interactions clients et conclure des affaires plus rapidement. Cette int\u00e9gration est id\u00e9ale pour les entreprises qui cherchent \u00e0 am\u00e9liorer leurs fonctionnalit\u00e9s CRM et leur productivit\u00e9.<\/p>\n<p>Ne manquez pas cette opportunit\u00e9 d&rsquo;optimiser vos processus m\u00e9tier. Essayez l&rsquo;int\u00e9gration Everest Forms et Pipedrive d\u00e8s aujourd&rsquo;hui et d\u00e9couvrez une gestion plus efficace de vos donn\u00e9es clients et de vos prospects.<\/p>\n<p>#EverestForms #Pipedrive #CRM #LeadManagement #BusinessAutomation #SalesPipeline #<\/p>\n<ul>\n<li>Int\u00e9gration transparente avec Pipedrive CRM<\/li>\n<li>Cr\u00e9ation de formulaires par glisser-d\u00e9poser facile \u00e0 utiliser<\/li>\n<li>Champs de formulaire personnalisables pour r\u00e9pondre aux besoins de votre entreprise<\/li>\n<li>G\u00e9n\u00e9ration de leads et capture de donn\u00e9es automatiques<\/li>\n<li>Synchronisation en temps r\u00e9el avec les contacts Pipedrive<\/li>\n<li>Logique conditionnelle pour un comportement dynamique des formulaires<\/li>\n<li>Transmission s\u00e9curis\u00e9e des donn\u00e9es gr\u00e2ce au cryptage SSL<\/li>\n<li>Formulaires multi-\u00e9tapes pour une exp\u00e9rience utilisateur am\u00e9lior\u00e9e<\/li>\n<li>Analyses et rapports d\u00e9taill\u00e9s des formulaires<\/li>\n<li>Conception mobile pour un acc\u00e8s mobile<\/li>\n<\/ul>\n","protected":false},"excerpt":{"rendered":"<p>D\u00e9couvrez l&rsquo;int\u00e9gration Everest Forms-Pipedrive\u00a0: connectez facilement vos formulaires \u00e0 Pipedrive pour optimiser votre CRM. Cet outil puissant vous permet de capturer et de g\u00e9rer facilement vos prospects, garantissant ainsi qu&rsquo;aucune opportunit\u00e9 ne soit manqu\u00e9e. Gr\u00e2ce \u00e0 l&rsquo;interface conviviale d&rsquo;Everest Forms et aux puissantes fonctionnalit\u00e9s CRM de Pipedrive, optimisez votre processus de vente, am\u00e9liorez votre productivit\u00e9 et boostez vos conversions. Id\u00e9al pour les entreprises de toutes tailles souhaitant optimiser leur gestion de la relation client. Essayez l&rsquo;int\u00e9gration Everest Forms-Pipedrive d\u00e8s aujourd&rsquo;hui et d\u00e9couvrez une gestion plus intelligente de votre pipeline de ventes\u00a0!<\/p>\n","protected":false},"featured_media":147064,"comment_status":"open","ping_status":"open","template":"","meta":[],"product_brand":[2681],"product_cat":[1207,1181,1186],"product_tag":[2210],"class_list":{"0":"post-140976","1":"product","2":"type-product","3":"status-publish","4":"has-post-thumbnail","6":"product_brand-wpeverest","7":"product_cat-commercialisation-wordpress-plugins","8":"product_cat-plugins","9":"product_cat-wordpress-plugins","10":"product_tag-wpeverest","11":"member-discount","12":"discount-restricted","14":"first","15":"instock","16":"sale","17":"downloadable","18":"virtual","19":"sold-individually","20":"purchasable","21":"product-type-simple"},"_links":{"self":[{"href":"https:\/\/gpl-love.com\/fr\/wp-json\/wp\/v2\/product\/140976","targetHints":{"allow":["GET"]}}],"collection":[{"href":"https:\/\/gpl-love.com\/fr\/wp-json\/wp\/v2\/product"}],"about":[{"href":"https:\/\/gpl-love.com\/fr\/wp-json\/wp\/v2\/types\/product"}],"replies":[{"embeddable":true,"href":"https:\/\/gpl-love.com\/fr\/wp-json\/wp\/v2\/comments?post=140976"}],"wp:featuredmedia":[{"embeddable":true,"href":"https:\/\/gpl-love.com\/fr\/wp-json\/wp\/v2\/media\/147064"}],"wp:attachment":[{"href":"https:\/\/gpl-love.com\/fr\/wp-json\/wp\/v2\/media?parent=140976"}],"wp:term":[{"taxonomy":"product_brand","embeddable":true,"href":"https:\/\/gpl-love.com\/fr\/wp-json\/wp\/v2\/product_brand?post=140976"},{"taxonomy":"product_cat","embeddable":true,"href":"https:\/\/gpl-love.com\/fr\/wp-json\/wp\/v2\/product_cat?post=140976"},{"taxonomy":"product_tag","embeddable":true,"href":"https:\/\/gpl-love.com\/fr\/wp-json\/wp\/v2\/product_tag?post=140976"}],"curies":[{"name":"wp","href":"https:\/\/api.w.org\/{rel}","templated":true}]}}