{"id":140974,"date":"2024-09-21T00:00:00","date_gmt":"2024-09-20T22:00:00","guid":{"rendered":"https:\/\/gpl-love.com\/fr\/produit\/everest-forms-mailchimp-1-1-4\/"},"modified":"2026-03-21T00:03:39","modified_gmt":"2026-03-20T23:03:39","slug":"everest-forms-mailchimp-1-1-4","status":"publish","type":"product","link":"https:\/\/gpl-love.com\/fr\/produit\/everest-forms-mailchimp-1-1-4\/","title":{"rendered":"Everest Forms Mailchimp 1.1.4"},"content":{"rendered":"<h3>Everest Forms Mailchimp Traits<\/h3>\n<p>Transformez votre marketing par e-mail gr\u00e2ce \u00e0 la puissante combinaison d&rsquo;Everest Forms et de Mailchimp. Id\u00e9al pour les entreprises de toutes tailles, Everest Forms s&rsquo;int\u00e8gre parfaitement \u00e0 Mailchimp, vous permettant de cr\u00e9er des formulaires percutants qui stimulent l&rsquo;engagement et les conversions. Qu&rsquo;il s&rsquo;agisse d&rsquo;un simple formulaire de contact ou d&rsquo;une enqu\u00eate complexe en plusieurs \u00e9tapes, Everest Forms offre une interface intuitive par glisser-d\u00e9poser qui ne n\u00e9cessite aucune comp\u00e9tence en codage.<\/p>\n<p>En l&rsquo;associant \u00e0 la plateforme d&rsquo;e-mailing robuste de Mailchimp, vous pouvez facilement synchroniser les soumissions de formulaires, segmenter votre audience et envoyer des campagnes cibl\u00e9es et percutantes. L&rsquo;int\u00e9gration Everest Forms-Mailchimp assure la fluidit\u00e9 de vos donn\u00e9es, automatise vos efforts marketing et vous fait gagner un temps pr\u00e9cieux. Optimisez votre strat\u00e9gie d&rsquo;e-mailing d\u00e8s aujourd&rsquo;hui avec Everest Forms et Mailchimp\u00a0: la combinaison de formulaires performants et d&rsquo;un marketing efficace.<\/p>\n<ul>\n<li>Int\u00e9gration transparente avec Mailchimp<\/li>\n<li>Cr\u00e9ation de formulaires simple par glisser-d\u00e9poser<\/li>\n<li>Champs de formulaire personnalisables<\/li>\n<li>Gestion automatis\u00e9e des listes de diffusion<\/li>\n<li>Mises \u00e0 jour des abonnements par e-mail en temps r\u00e9el<\/li>\n<li>Fonctionnalit\u00e9s conformes au RGPD<\/li>\n<li>Mod\u00e8les de formulaires pr\u00e9d\u00e9finis<\/li>\n<li>Design r\u00e9actif et adapt\u00e9 aux mobiles<\/li>\n<li>Protection anti-spam avanc\u00e9e<\/li>\n<li>Analyses et rapports d\u00e9taill\u00e9s des formulaires<\/li>\n<\/ul>\n","protected":false},"excerpt":{"rendered":"<p>D\u00e9couvrez l&rsquo;int\u00e9gration Everest Forms-Mailchimp\u00a0: la solution ultime pour un marketing par e-mail fluide. Cr\u00e9ez et g\u00e9rez facilement vos formulaires avec Everest Forms et synchronisez vos contacts avec Mailchimp sans effort. Gagnez du temps et gagnez en efficacit\u00e9 gr\u00e2ce \u00e0 notre interface intuitive et conviviale. Id\u00e9al pour les entreprises de toutes tailles, cet outil performant optimise vos campagnes e-mail en garantissant une collecte de donn\u00e9es pr\u00e9cise et une communication optimis\u00e9e. Optimisez votre strat\u00e9gie marketing d\u00e8s aujourd&rsquo;hui gr\u00e2ce \u00e0 l&rsquo;int\u00e9gration Everest Forms-Mailchimp\u00a0!<\/p>\n","protected":false},"featured_media":147063,"comment_status":"open","ping_status":"open","template":"","meta":[],"product_brand":[2681],"product_cat":[1207,1181,1186],"product_tag":[2210],"class_list":{"0":"post-140974","1":"product","2":"type-product","3":"status-publish","4":"has-post-thumbnail","6":"product_brand-wpeverest","7":"product_cat-commercialisation-wordpress-plugins","8":"product_cat-plugins","9":"product_cat-wordpress-plugins","10":"product_tag-wpeverest","11":"member-discount","12":"discount-restricted","14":"first","15":"instock","16":"sale","17":"downloadable","18":"virtual","19":"sold-individually","20":"purchasable","21":"product-type-simple"},"_links":{"self":[{"href":"https:\/\/gpl-love.com\/fr\/wp-json\/wp\/v2\/product\/140974","targetHints":{"allow":["GET"]}}],"collection":[{"href":"https:\/\/gpl-love.com\/fr\/wp-json\/wp\/v2\/product"}],"about":[{"href":"https:\/\/gpl-love.com\/fr\/wp-json\/wp\/v2\/types\/product"}],"replies":[{"embeddable":true,"href":"https:\/\/gpl-love.com\/fr\/wp-json\/wp\/v2\/comments?post=140974"}],"wp:featuredmedia":[{"embeddable":true,"href":"https:\/\/gpl-love.com\/fr\/wp-json\/wp\/v2\/media\/147063"}],"wp:attachment":[{"href":"https:\/\/gpl-love.com\/fr\/wp-json\/wp\/v2\/media?parent=140974"}],"wp:term":[{"taxonomy":"product_brand","embeddable":true,"href":"https:\/\/gpl-love.com\/fr\/wp-json\/wp\/v2\/product_brand?post=140974"},{"taxonomy":"product_cat","embeddable":true,"href":"https:\/\/gpl-love.com\/fr\/wp-json\/wp\/v2\/product_cat?post=140974"},{"taxonomy":"product_tag","embeddable":true,"href":"https:\/\/gpl-love.com\/fr\/wp-json\/wp\/v2\/product_tag?post=140974"}],"curies":[{"name":"wp","href":"https:\/\/api.w.org\/{rel}","templated":true}]}}