{"id":140972,"date":"2024-09-21T00:00:00","date_gmt":"2024-09-20T22:00:00","guid":{"rendered":"https:\/\/gpl-love.com\/fr\/produit\/everest-forms-zoho-crm-1-0-1\/"},"modified":"2026-04-02T12:31:10","modified_gmt":"2026-04-02T10:31:10","slug":"everest-forms-zoho-crm-1-0-1","status":"publish","type":"product","link":"https:\/\/gpl-love.com\/fr\/produit\/everest-forms-zoho-crm-1-0-1\/","title":{"rendered":"Everest Forms Zoho CRM 1.0.2"},"content":{"rendered":"<h3>Everest Forms Zoho CRM Traits<\/h3>\n<p>Everest Forms et Zoho CRM\u00a0: Simplifiez votre flux de travail<\/p>\n<p>Am\u00e9liorez l&rsquo;efficacit\u00e9 de votre entreprise gr\u00e2ce \u00e0 l&rsquo;int\u00e9gration d&rsquo;Everest Forms et de Zoho CRM. Connectez facilement Everest Forms \u00e0 Zoho CRM et observez la transformation de votre flux de travail. Qu&rsquo;il s&rsquo;agisse de capturer des prospects, de g\u00e9rer les informations clients ou d&rsquo;automatiser les suivis, ce duo performant vous permet de toujours avoir une longueur d&rsquo;avance.<\/p>\n<p>Everest Forms offre une interface conviviale vous permettant de cr\u00e9er des formulaires personnalisables en quelques minutes. Associ\u00e9 \u00e0 Zoho CRM, chaque soumission de formulaire est automatiquement synchronis\u00e9e, garantissant ainsi que votre CRM est toujours \u00e0 jour avec les donn\u00e9es les plus r\u00e9centes. Fini la saisie manuelle de donn\u00e9es et les opportunit\u00e9s manqu\u00e9es\u00a0; tout ce dont vous avez besoin est \u00e0 port\u00e9e de main.<\/p>\n<p>Id\u00e9al pour les entreprises de toutes tailles, l&rsquo;int\u00e9gration d&rsquo;Everest Forms \u00e0 Zoho CRM am\u00e9liore la productivit\u00e9 et la gestion de la relation client. B\u00e9n\u00e9ficiez de mises \u00e0 jour en temps r\u00e9el, d&rsquo;analyses d\u00e9taill\u00e9es et d&rsquo;un processus simplifi\u00e9. Simplifiez vos t\u00e2ches et concentrez-vous sur la croissance de votre entreprise.<\/p>\n<p>Exploitez tout le potentiel d&rsquo;Everest Forms et de Zoho CRM d\u00e8s aujourd&rsquo;hui. Transformez votre g\u00e9n\u00e9ration de leads, am\u00e9liorez les interactions avec vos clients et<\/p>\n<ul>\n<li>Int\u00e9gration transparente avec Zoho CRM<\/li>\n<li>Interface de cr\u00e9ation de formulaires conviviale<\/li>\n<li>Champs de formulaire personnalisables<\/li>\n<li>Synchronisation des donn\u00e9es en temps r\u00e9el<\/li>\n<li>Cr\u00e9ation de formulaires par glisser-d\u00e9poser<\/li>\n<li>Logique conditionnelle pour les champs de formulaire<\/li>\n<li>Protection anti-spam int\u00e9gr\u00e9e<\/li>\n<li>Formulaires adapt\u00e9s aux appareils mobiles<\/li>\n<li>Formulaires multi-\u00e9tapes<\/li>\n<li>Rapports d\u00e9taill\u00e9s sur les soumissions de formulaires<\/li>\n<\/ul>\n","protected":false},"excerpt":{"rendered":"<p>D\u00e9couvrez Everest Forms, la solution transparente pour int\u00e9grer Zoho CRM \u00e0 votre site web\u00a0! Everest Forms offre une interface intuitive qui simplifie la cr\u00e9ation de formulaires personnalis\u00e9s et la capture de prospects directement dans Zoho CRM. Optimisez votre gestion de la relation client gr\u00e2ce \u00e0 la synchronisation des donn\u00e9es en temps r\u00e9el, pour ne jamais manquer un client potentiel. Id\u00e9al pour les entreprises de toutes tailles, Everest Forms simplifie vos flux de travail et optimise votre productivit\u00e9. Convertissez d\u00e8s aujourd&rsquo;hui les visiteurs de votre site web en clients fid\u00e8les gr\u00e2ce \u00e0 Everest Forms et Zoho CRM.<\/p>\n","protected":false},"featured_media":147062,"comment_status":"open","ping_status":"open","template":"","meta":[],"product_brand":[2681],"product_cat":[1207,1181,1186],"product_tag":[2210],"class_list":{"0":"post-140972","1":"product","2":"type-product","3":"status-publish","4":"has-post-thumbnail","6":"product_brand-wpeverest","7":"product_cat-commercialisation-wordpress-plugins","8":"product_cat-plugins","9":"product_cat-wordpress-plugins","10":"product_tag-wpeverest","11":"member-discount","12":"discount-restricted","14":"first","15":"instock","16":"sale","17":"downloadable","18":"virtual","19":"sold-individually","20":"purchasable","21":"product-type-simple"},"_links":{"self":[{"href":"https:\/\/gpl-love.com\/fr\/wp-json\/wp\/v2\/product\/140972","targetHints":{"allow":["GET"]}}],"collection":[{"href":"https:\/\/gpl-love.com\/fr\/wp-json\/wp\/v2\/product"}],"about":[{"href":"https:\/\/gpl-love.com\/fr\/wp-json\/wp\/v2\/types\/product"}],"replies":[{"embeddable":true,"href":"https:\/\/gpl-love.com\/fr\/wp-json\/wp\/v2\/comments?post=140972"}],"wp:featuredmedia":[{"embeddable":true,"href":"https:\/\/gpl-love.com\/fr\/wp-json\/wp\/v2\/media\/147062"}],"wp:attachment":[{"href":"https:\/\/gpl-love.com\/fr\/wp-json\/wp\/v2\/media?parent=140972"}],"wp:term":[{"taxonomy":"product_brand","embeddable":true,"href":"https:\/\/gpl-love.com\/fr\/wp-json\/wp\/v2\/product_brand?post=140972"},{"taxonomy":"product_cat","embeddable":true,"href":"https:\/\/gpl-love.com\/fr\/wp-json\/wp\/v2\/product_cat?post=140972"},{"taxonomy":"product_tag","embeddable":true,"href":"https:\/\/gpl-love.com\/fr\/wp-json\/wp\/v2\/product_tag?post=140972"}],"curies":[{"name":"wp","href":"https:\/\/api.w.org\/{rel}","templated":true}]}}