{"id":140970,"date":"2025-04-18T00:00:00","date_gmt":"2025-04-17T22:00:00","guid":{"rendered":"https:\/\/gpl-love.com\/fr\/produit\/everest-forms-razorpay-1-0-5\/"},"modified":"2026-04-02T12:31:09","modified_gmt":"2026-04-02T10:31:09","slug":"everest-forms-razorpay-1-0-5","status":"publish","type":"product","link":"https:\/\/gpl-love.com\/fr\/produit\/everest-forms-razorpay-1-0-5\/","title":{"rendered":"Everest Forms Razorpay 1.0.8"},"content":{"rendered":"<h3>Everest Forms Razorpay Traits<\/h3>\n<p>B\u00e9n\u00e9ficiez d&rsquo;un traitement des paiements fluide gr\u00e2ce \u00e0 l&rsquo;int\u00e9gration Everest Forms Razorpay. Simplifiez les transactions sur votre site web gr\u00e2ce \u00e0 la passerelle de paiement robuste Everest Forms Razorpay. Notre configuration compl\u00e8te Everest Forms Razorpay vous permet d&rsquo;accepter des paiements en un rien de temps.<\/p>\n<p>Besoin d&rsquo;un guide \u00e9tape par \u00e9tape\u00a0? D\u00e9couvrez notre tutoriel d\u00e9taill\u00e9 Everest Forms Razorpay ou suivez le guide Everest Forms Razorpay pour une configuration simplifi\u00e9e. Que vous soyez d\u00e9butant ou expert, nos instructions Everest Forms Razorpay vous guideront tout au long du processus.<\/p>\n<p>Vous vous demandez comment utiliser Everest Forms avec Razorpay\u00a0? Le plugin intuitif Everest Forms Razorpay simplifie l&rsquo;int\u00e9gration. De plus, notre \u00e9quipe d&rsquo;assistance d\u00e9di\u00e9e Everest Forms Razorpay est toujours disponible pour vous aider en cas de question ou de probl\u00e8me.<\/p>\n<p>D\u00e9couvrez la simplicit\u00e9 d&rsquo;utilisation de la solution Everest Forms Razorpay et optimisez les fonctionnalit\u00e9s de paiement de votre site web d\u00e8s aujourd&rsquo;hui\u00a0!<\/p>\n<ul>\n<li>Int\u00e9gration transparente avec la passerelle de paiement Razorpay<\/li>\n<li>Prise en charge de plusieurs modes de paiement, notamment les cartes de cr\u00e9dit, les cartes de d\u00e9bit, les services bancaires en ligne et UPI<\/li>\n<li>Transactions s\u00e9curis\u00e9es et crypt\u00e9es<\/li>\n<li>Installation et configuration faciles dans Everest Forms<\/li>\n<li>Mise \u00e0 jour des statuts de paiement en temps r\u00e9el<\/li>\n<li>Formulaires de paiement personnalisables<\/li>\n<li>Design adaptatif et mobile<\/li>\n<li>Rapports et analyses de transactions d\u00e9taill\u00e9s<\/li>\n<li>Prise en charge des paiements r\u00e9currents pour les abonnements<\/li>\n<li>Compatible avec les sites web WordPress<\/li>\n<\/ul>\n","protected":false},"excerpt":{"rendered":"<p>D\u00e9couvrez l&rsquo;int\u00e9gration Everest Forms Razorpay\u00a0: la solution id\u00e9ale pour des paiements en ligne fluides\u00a0! Notre passerelle de paiement Everest Forms Razorpay offre une configuration facile et un tutoriel complet pour une prise en main rapide. D\u00e9couvrez notre guide d\u00e9taill\u00e9 pour une configuration \u00e9tape par \u00e9tape et des instructions claires sur l&rsquo;utilisation d&rsquo;Everest Forms avec Razorpay. Ce puissant plugin garantit des transactions fluides et une assistance exceptionnelle. Optimisez le traitement de vos paiements d\u00e8s aujourd&rsquo;hui avec le plugin Everest Forms Razorpay\u00a0!<\/p>\n","protected":false},"featured_media":147061,"comment_status":"open","ping_status":"open","template":"","meta":[],"product_brand":[2681],"product_cat":[1253,1181,1186],"product_tag":[2210],"class_list":{"0":"post-140970","1":"product","2":"type-product","3":"status-publish","4":"has-post-thumbnail","6":"product_brand-wpeverest","7":"product_cat-paiement","8":"product_cat-plugins","9":"product_cat-wordpress-plugins","10":"product_tag-wpeverest","11":"member-discount","12":"discount-restricted","14":"first","15":"instock","16":"sale","17":"downloadable","18":"virtual","19":"sold-individually","20":"purchasable","21":"product-type-simple"},"_links":{"self":[{"href":"https:\/\/gpl-love.com\/fr\/wp-json\/wp\/v2\/product\/140970","targetHints":{"allow":["GET"]}}],"collection":[{"href":"https:\/\/gpl-love.com\/fr\/wp-json\/wp\/v2\/product"}],"about":[{"href":"https:\/\/gpl-love.com\/fr\/wp-json\/wp\/v2\/types\/product"}],"replies":[{"embeddable":true,"href":"https:\/\/gpl-love.com\/fr\/wp-json\/wp\/v2\/comments?post=140970"}],"wp:featuredmedia":[{"embeddable":true,"href":"https:\/\/gpl-love.com\/fr\/wp-json\/wp\/v2\/media\/147061"}],"wp:attachment":[{"href":"https:\/\/gpl-love.com\/fr\/wp-json\/wp\/v2\/media?parent=140970"}],"wp:term":[{"taxonomy":"product_brand","embeddable":true,"href":"https:\/\/gpl-love.com\/fr\/wp-json\/wp\/v2\/product_brand?post=140970"},{"taxonomy":"product_cat","embeddable":true,"href":"https:\/\/gpl-love.com\/fr\/wp-json\/wp\/v2\/product_cat?post=140970"},{"taxonomy":"product_tag","embeddable":true,"href":"https:\/\/gpl-love.com\/fr\/wp-json\/wp\/v2\/product_tag?post=140970"}],"curies":[{"name":"wp","href":"https:\/\/api.w.org\/{rel}","templated":true}]}}