{"id":140968,"date":"2024-09-21T00:00:00","date_gmt":"2024-09-20T22:00:00","guid":{"rendered":"https:\/\/gpl-love.com\/fr\/produit\/everest-forms-hubspot-1-0-2\/"},"modified":"2026-04-02T12:31:08","modified_gmt":"2026-04-02T10:31:08","slug":"everest-forms-hubspot-1-0-2","status":"publish","type":"product","link":"https:\/\/gpl-love.com\/fr\/produit\/everest-forms-hubspot-1-0-2\/","title":{"rendered":"Everest Forms Hubspot 1.0.3"},"content":{"rendered":"<h3>Everest Forms Hubspot Traits<\/h3>\n<p>Exploitez tout le potentiel de votre g\u00e9n\u00e9ration de leads gr\u00e2ce \u00e0 l&rsquo;int\u00e9gration fluide d&rsquo;Everest Forms et HubSpot. Con\u00e7ue pour l&rsquo;efficacit\u00e9, cette int\u00e9gration connecte directement Everest Forms \u00e0 HubSpot CRM, rationalisant ainsi votre flux de donn\u00e9es et garantissant qu&rsquo;aucun lead ne passe inaper\u00e7u. B\u00e9n\u00e9ficiez d&rsquo;une automatisation simple d&rsquo;Everest Forms et HubSpot, qui vous fera gagner du temps et boostera votre productivit\u00e9.<\/p>\n<p>Gr\u00e2ce \u00e0 une configuration simple d&rsquo;Everest Forms et HubSpot, vous pouvez rapidement connecter vos formulaires \u00e0 HubSpot et commencer \u00e0 g\u00e9n\u00e9rer des leads pr\u00e9cieux en un rien de temps. Besoin d&rsquo;aide pour d\u00e9marrer\u00a0? Notre tutoriel complet et notre guide Everest Forms et HubSpot vous guident \u00e9tape par \u00e9tape pour une int\u00e9gration fluide.<\/p>\n<p>D\u00e9couvrez les puissantes fonctionnalit\u00e9s d&rsquo;Everest Forms et HubSpot qui transformeront vos efforts marketing. Des workflows automatis\u00e9s aux analyses d\u00e9taill\u00e9es, notre int\u00e9gration offre de nombreux avantages d&rsquo;Everest Forms et HubSpot, con\u00e7us pour optimiser la croissance de votre entreprise.<\/p>\n<ul>\n<li>Int\u00e9gration transparente avec HubSpot CRM<\/li>\n<li>Cr\u00e9ateur de formulaires convivial par glisser-d\u00e9poser<\/li>\n<li>Mod\u00e8les de formulaires pr\u00e9d\u00e9finis pour une configuration rapide<\/li>\n<li>Champs et mises en page de formulaire personnalisables<\/li>\n<li>Logique conditionnelle avanc\u00e9e pour des formulaires personnalis\u00e9s<\/li>\n<li>Synchronisation des donn\u00e9es en temps r\u00e9el avec HubSpot<\/li>\n<li>Conformit\u00e9 au RGPD avec traitement s\u00e9curis\u00e9 des donn\u00e9es<\/li>\n<li>Notifications par e-mail pour les soumissions de formulaires<\/li>\n<li>Formulaires adapt\u00e9s aux appareils mobiles<\/li>\n<li>Analyses et rapports d\u00e9taill\u00e9s des formulaires<\/li>\n<\/ul>\n","protected":false},"excerpt":{"rendered":"<p>D\u00e9couvrez l&rsquo;int\u00e9gration Everest Forms Hubspot\u00a0: la solution id\u00e9ale pour une g\u00e9n\u00e9ration de leads et une gestion CRM fluides. Automatisez vos t\u00e2ches en toute simplicit\u00e9 gr\u00e2ce \u00e0 l&rsquo;automatisation Everest Forms Hubspot, optimisez votre productivit\u00e9 et capturez chaque lead potentiel. Notre configuration compl\u00e8te d&rsquo;Everest Forms Hubspot et notre tutoriel d\u00e9taill\u00e9 garantissent une int\u00e9gration fluide. D\u00e9couvrez les fonctionnalit\u00e9s et avantages puissants d&rsquo;Everest Forms Hubspot gr\u00e2ce \u00e0 notre guide pratique. B\u00e9n\u00e9ficiez \u00e9galement d&rsquo;un support in\u00e9gal\u00e9 pour optimiser votre exp\u00e9rience CRM. Transformez vos op\u00e9rations commerciales d\u00e8s aujourd&rsquo;hui avec Everest Forms Hubspot\u00a0!<\/p>\n","protected":false},"featured_media":147060,"comment_status":"open","ping_status":"open","template":"","meta":[],"product_brand":[2681],"product_cat":[1191,1181,1186],"product_tag":[2210],"class_list":{"0":"post-140968","1":"product","2":"type-product","3":"status-publish","4":"has-post-thumbnail","6":"product_brand-wpeverest","7":"product_cat-formes","8":"product_cat-plugins","9":"product_cat-wordpress-plugins","10":"product_tag-wpeverest","11":"member-discount","12":"discount-restricted","14":"first","15":"instock","16":"sale","17":"downloadable","18":"virtual","19":"sold-individually","20":"purchasable","21":"product-type-simple"},"_links":{"self":[{"href":"https:\/\/gpl-love.com\/fr\/wp-json\/wp\/v2\/product\/140968","targetHints":{"allow":["GET"]}}],"collection":[{"href":"https:\/\/gpl-love.com\/fr\/wp-json\/wp\/v2\/product"}],"about":[{"href":"https:\/\/gpl-love.com\/fr\/wp-json\/wp\/v2\/types\/product"}],"replies":[{"embeddable":true,"href":"https:\/\/gpl-love.com\/fr\/wp-json\/wp\/v2\/comments?post=140968"}],"wp:featuredmedia":[{"embeddable":true,"href":"https:\/\/gpl-love.com\/fr\/wp-json\/wp\/v2\/media\/147060"}],"wp:attachment":[{"href":"https:\/\/gpl-love.com\/fr\/wp-json\/wp\/v2\/media?parent=140968"}],"wp:term":[{"taxonomy":"product_brand","embeddable":true,"href":"https:\/\/gpl-love.com\/fr\/wp-json\/wp\/v2\/product_brand?post=140968"},{"taxonomy":"product_cat","embeddable":true,"href":"https:\/\/gpl-love.com\/fr\/wp-json\/wp\/v2\/product_cat?post=140968"},{"taxonomy":"product_tag","embeddable":true,"href":"https:\/\/gpl-love.com\/fr\/wp-json\/wp\/v2\/product_tag?post=140968"}],"curies":[{"name":"wp","href":"https:\/\/api.w.org\/{rel}","templated":true}]}}