{"id":140966,"date":"2024-09-21T00:00:00","date_gmt":"2024-09-20T22:00:00","guid":{"rendered":"https:\/\/gpl-love.com\/fr\/produit\/everest-forms-coupons-1-0-5\/"},"modified":"2026-03-21T00:03:36","modified_gmt":"2026-03-20T23:03:36","slug":"everest-forms-coupons-1-0-5","status":"publish","type":"product","link":"https:\/\/gpl-love.com\/fr\/produit\/everest-forms-coupons-1-0-5\/","title":{"rendered":"Everest Forms Coupons 1.0.5"},"content":{"rendered":"<h3>Everest Forms Coupons Traits<\/h3>\n<p>Lib\u00e9rez la puissance de la cr\u00e9ation de formulaires fluide avec Everest Forms\u00a0! Nos coupons Everest Forms exclusifs offrent des r\u00e9ductions imbattables et vous permettent de cr\u00e9er des formulaires professionnels et personnalis\u00e9s sans vous ruiner. Qu&rsquo;il s&rsquo;agisse d&rsquo;un simple formulaire de contact ou d&rsquo;une enqu\u00eate complexe de plusieurs pages, Everest Forms offre une interface intuitive par glisser-d\u00e9poser, permettant \u00e0 chacun de cr\u00e9er facilement des formulaires \u00e9poustouflants en quelques minutes.<\/p>\n<p>Pourquoi choisir Everest Forms\u00a0? Notre plateforme offre un large \u00e9ventail de fonctionnalit\u00e9s, notamment des mod\u00e8les pr\u00e9d\u00e9finis, un design adaptatif et des options de champs avanc\u00e9es. De plus, avec nos coupons Everest Forms, vous b\u00e9n\u00e9ficiez de tous ces avantages \u00e0 un prix tr\u00e8s avantageux. Id\u00e9al pour les entreprises, les blogueurs et les sites e-commerce, Everest Forms s&rsquo;int\u00e8gre facilement aux services d&rsquo;e-mail marketing et aux passerelles de paiement les plus populaires.<\/p>\n<p>Ne manquez pas cette occasion d&rsquo;am\u00e9liorer l&rsquo;exp\u00e9rience utilisateur de votre site web. Utilisez vos coupons Everest Forms d\u00e8s aujourd&rsquo;hui et commencez \u00e0 cr\u00e9er des formulaires non seulement esth\u00e9tiques, mais aussi performants. Profitez d\u00e8s maintenant de notre offre \u00e0 dur\u00e9e limit\u00e9e pour optimiser votre pr\u00e9sence num\u00e9rique avec Everest Forms\u00a0!<\/p>\n<ul>\n<li>Interface conviviale<\/li>\n<li>G\u00e9n\u00e9rateur de formulaires par glisser-d\u00e9poser<\/li>\n<li>Champs de coupon personnalisables<\/li>\n<li>Prise en charge de plusieurs types de coupons<\/li>\n<li>Logique conditionnelle pour l&rsquo;application des coupons<\/li>\n<li>Int\u00e9gration aux principales passerelles de paiement<\/li>\n<li>Conception adapt\u00e9e aux appareils mobiles<\/li>\n<li>Rapports d\u00e9taill\u00e9s sur l&rsquo;utilisation des coupons<\/li>\n<li>Traitement s\u00e9curis\u00e9 des donn\u00e9es<\/li>\n<li>Compatibilit\u00e9 avec les th\u00e8mes et extensions WordPress<\/li>\n<\/ul>\n","protected":false},"excerpt":{"rendered":"<p>D\u00e9couvrez Everest Forms, la solution ultime pour cr\u00e9er facilement des formulaires attrayants et conviviaux. B\u00e9n\u00e9ficiez d&rsquo;offres exceptionnelles gr\u00e2ce aux coupons Everest Forms et profitez d&rsquo;une exp\u00e9rience de cr\u00e9ation de formulaires fluide. Que vous soyez blogueur, entrepreneur ou d\u00e9veloppeur, Everest Forms offre une fonctionnalit\u00e9 glisser-d\u00e9poser intuitive, des options de personnalisation robustes et des fonctionnalit\u00e9s de s\u00e9curit\u00e9 de pointe. Commencez \u00e0 \u00e9conomiser d\u00e8s aujourd&rsquo;hui et optimisez les fonctionnalit\u00e9s de votre site web avec Everest Forms\u00a0!<\/p>\n","protected":false},"featured_media":147059,"comment_status":"open","ping_status":"open","template":"","meta":[],"product_brand":[2681],"product_cat":[1191,1181,1186],"product_tag":[2210],"class_list":{"0":"post-140966","1":"product","2":"type-product","3":"status-publish","4":"has-post-thumbnail","6":"product_brand-wpeverest","7":"product_cat-formes","8":"product_cat-plugins","9":"product_cat-wordpress-plugins","10":"product_tag-wpeverest","11":"member-discount","12":"discount-restricted","14":"first","15":"instock","16":"sale","17":"downloadable","18":"virtual","19":"sold-individually","20":"purchasable","21":"product-type-simple"},"_links":{"self":[{"href":"https:\/\/gpl-love.com\/fr\/wp-json\/wp\/v2\/product\/140966","targetHints":{"allow":["GET"]}}],"collection":[{"href":"https:\/\/gpl-love.com\/fr\/wp-json\/wp\/v2\/product"}],"about":[{"href":"https:\/\/gpl-love.com\/fr\/wp-json\/wp\/v2\/types\/product"}],"replies":[{"embeddable":true,"href":"https:\/\/gpl-love.com\/fr\/wp-json\/wp\/v2\/comments?post=140966"}],"wp:featuredmedia":[{"embeddable":true,"href":"https:\/\/gpl-love.com\/fr\/wp-json\/wp\/v2\/media\/147059"}],"wp:attachment":[{"href":"https:\/\/gpl-love.com\/fr\/wp-json\/wp\/v2\/media?parent=140966"}],"wp:term":[{"taxonomy":"product_brand","embeddable":true,"href":"https:\/\/gpl-love.com\/fr\/wp-json\/wp\/v2\/product_brand?post=140966"},{"taxonomy":"product_cat","embeddable":true,"href":"https:\/\/gpl-love.com\/fr\/wp-json\/wp\/v2\/product_cat?post=140966"},{"taxonomy":"product_tag","embeddable":true,"href":"https:\/\/gpl-love.com\/fr\/wp-json\/wp\/v2\/product_tag?post=140966"}],"curies":[{"name":"wp","href":"https:\/\/api.w.org\/{rel}","templated":true}]}}