{"id":140964,"date":"2025-08-11T00:00:00","date_gmt":"2025-08-10T22:00:00","guid":{"rendered":"https:\/\/gpl-love.com\/fr\/produit\/everest-forms-zapier-1-0-3\/"},"modified":"2026-04-02T12:31:08","modified_gmt":"2026-04-02T10:31:08","slug":"everest-forms-zapier-1-0-3","status":"publish","type":"product","link":"https:\/\/gpl-love.com\/fr\/produit\/everest-forms-zapier-1-0-3\/","title":{"rendered":"Everest Forms Zapier 1.1.1"},"content":{"rendered":"<h3>Everest Forms Zapier Traits<\/h3>\n<p>Exploitez tout le potentiel de vos formulaires gr\u00e2ce \u00e0 l&rsquo;int\u00e9gration Everest Forms-Zapier\u00a0! Automatisez Everest Forms avec Zapier en toute simplicit\u00e9 pour rationaliser vos flux de travail et gagner un temps pr\u00e9cieux. Notre connexion Everest Forms-Zapier vous permet de connecter facilement Everest Forms \u00e0 Zapier, ouvrant ainsi un monde de possibilit\u00e9s d&rsquo;automatisation.<\/p>\n<p>Que vous souhaitiez utiliser Zapier avec Everest Forms pour l&rsquo;e-mail marketing, les mises \u00e0 jour CRM ou la gestion de projet, notre configuration intuitive simplifie la t\u00e2che. L&rsquo;outil d&rsquo;automatisation Everest Forms assure la fluidit\u00e9 de vos donn\u00e9es entre les applications, am\u00e9liorant ainsi votre productivit\u00e9 et votre efficacit\u00e9.<\/p>\n<p>Gr\u00e2ce \u00e0 notre tutoriel complet sur Everest Forms-Zapier, connecter Everest Forms \u00e0 Zapier n&rsquo;a jamais \u00e9t\u00e9 aussi simple. Suivez notre guide \u00e9tape par \u00e9tape pour une configuration Everest Forms-Zapier sans effort. Cr\u00e9ez des flux de travail personnalis\u00e9s, automatisez les t\u00e2ches r\u00e9p\u00e9titives et transformez vos soumissions de formulaires en informations exploitables.<\/p>\n<ul>\n<li>Int\u00e9gration transparente avec Zapier<\/li>\n<li>Automatisez les flux de travail entre Everest Forms et plus de 2\u00a0000 applications<\/li>\n<li>Interface facile \u00e0 utiliser pour la configuration des connexions<\/li>\n<li>Aucun codage requis<\/li>\n<li>Transfert de donn\u00e9es de formulaire en temps r\u00e9el<\/li>\n<li>Prise en charge de la logique conditionnelle<\/li>\n<li>Mappage de champs personnalisable<\/li>\n<li>Transmission de donn\u00e9es s\u00e9curis\u00e9e<\/li>\n<li>Adapt\u00e9 aux petites et grandes entreprises<\/li>\n<li>Documentation et assistance d\u00e9taill\u00e9es disponibles<\/li>\n<\/ul>\n","protected":false},"excerpt":{"rendered":"<p>D\u00e9couvrez la solution ultime pour une automatisation fluide des formulaires\u00a0: l&rsquo;int\u00e9gration Everest Forms-Zapier. Automatisez facilement Everest Forms avec Zapier et gagnez en productivit\u00e9 et en efficacit\u00e9. Connectez Everest Forms \u00e0 Zapier en quelques \u00e9tapes seulement, en tirant parti du puissant outil d&rsquo;automatisation Everest Forms pour des flux de travail optimis\u00e9s. Notre tutoriel complet sur Everest Forms-Zapier simplifie la configuration et garantit une connexion fluide entre Everest Forms et Zapier. Que vous connectiez Everest Forms \u00e0 Zapier pour la premi\u00e8re fois ou que vous optimisiez un processus existant, cette int\u00e9gration transforme votre exp\u00e9rience de gestion des formulaires. Profitez d\u00e8s aujourd&rsquo;hui d&rsquo;une simplicit\u00e9 et d&rsquo;une efficacit\u00e9 in\u00e9gal\u00e9es en utilisant Zapier avec Everest Forms\u00a0!<\/p>\n","protected":false},"featured_media":147058,"comment_status":"open","ping_status":"open","template":"","meta":[],"product_brand":[2681],"product_cat":[1191,1181,1186],"product_tag":[2210],"class_list":{"0":"post-140964","1":"product","2":"type-product","3":"status-publish","4":"has-post-thumbnail","6":"product_brand-wpeverest","7":"product_cat-formes","8":"product_cat-plugins","9":"product_cat-wordpress-plugins","10":"product_tag-wpeverest","11":"member-discount","12":"discount-restricted","14":"first","15":"instock","16":"sale","17":"downloadable","18":"virtual","19":"sold-individually","20":"purchasable","21":"product-type-simple"},"_links":{"self":[{"href":"https:\/\/gpl-love.com\/fr\/wp-json\/wp\/v2\/product\/140964","targetHints":{"allow":["GET"]}}],"collection":[{"href":"https:\/\/gpl-love.com\/fr\/wp-json\/wp\/v2\/product"}],"about":[{"href":"https:\/\/gpl-love.com\/fr\/wp-json\/wp\/v2\/types\/product"}],"replies":[{"embeddable":true,"href":"https:\/\/gpl-love.com\/fr\/wp-json\/wp\/v2\/comments?post=140964"}],"wp:featuredmedia":[{"embeddable":true,"href":"https:\/\/gpl-love.com\/fr\/wp-json\/wp\/v2\/media\/147058"}],"wp:attachment":[{"href":"https:\/\/gpl-love.com\/fr\/wp-json\/wp\/v2\/media?parent=140964"}],"wp:term":[{"taxonomy":"product_brand","embeddable":true,"href":"https:\/\/gpl-love.com\/fr\/wp-json\/wp\/v2\/product_brand?post=140964"},{"taxonomy":"product_cat","embeddable":true,"href":"https:\/\/gpl-love.com\/fr\/wp-json\/wp\/v2\/product_cat?post=140964"},{"taxonomy":"product_tag","embeddable":true,"href":"https:\/\/gpl-love.com\/fr\/wp-json\/wp\/v2\/product_tag?post=140964"}],"curies":[{"name":"wp","href":"https:\/\/api.w.org\/{rel}","templated":true}]}}