{"id":140962,"date":"2025-08-11T00:00:00","date_gmt":"2025-08-10T22:00:00","guid":{"rendered":"https:\/\/gpl-love.com\/fr\/produit\/everest-forms-stripe\/"},"modified":"2026-04-02T12:31:07","modified_gmt":"2026-04-02T10:31:07","slug":"everest-forms-stripe","status":"publish","type":"product","link":"https:\/\/gpl-love.com\/fr\/produit\/everest-forms-stripe\/","title":{"rendered":"Everest Forms Stripe 1.3.9"},"content":{"rendered":"<h3>Everest Forms Stripe Traits<\/h3>\n<p>D\u00e9couvrez l&rsquo;int\u00e9gration Stripe d&rsquo;Everest Forms\u00a0: la solution id\u00e9ale pour des paiements en ligne fluides\u00a0! Avec Everest Forms et Stripe, optimisez facilement les fonctionnalit\u00e9s de votre site WordPress. Con\u00e7ue pour faciliter les transactions, cette puissante int\u00e9gration garantit \u00e0 vos utilisateurs des paiements sans tracas \u00e0 chaque fois.<\/p>\n<p>Everest Forms est un plugin de cr\u00e9ation de formulaires de premier plan qui vous permet de cr\u00e9er facilement des formulaires professionnels et conviviaux. Associ\u00e9 \u00e0 la passerelle de paiement s\u00e9curis\u00e9e de Stripe, vous pouvez accepter les paiements par carte bancaire directement via vos formulaires, offrant ainsi une solution de paiement pratique et fiable \u00e0 vos clients.<\/p>\n<p>Pourquoi choisir l&rsquo;int\u00e9gration Stripe d&rsquo;Everest Forms\u00a0? Facile \u00e0 configurer, elle offre une s\u00e9curit\u00e9 renforc\u00e9e et prend en charge plusieurs devises, ce qui la rend id\u00e9ale pour les entreprises de toutes tailles. Que vous dirigiez une boutique en ligne, une association \u00e0 but non lucratif ou un site d&rsquo;adh\u00e9sion, l&rsquo;int\u00e9gration Stripe d&rsquo;Everest Forms simplifie vos processus de paiement et optimise votre efficacit\u00e9 globale.<\/p>\n<ul>\n<li>Int\u00e9gration transparente avec la passerelle de paiement Stripe<\/li>\n<li>Prise en charge de plusieurs modes de paiement<\/li>\n<li>Transactions s\u00e9curis\u00e9es et crypt\u00e9es<\/li>\n<li>Configuration facile et interface conviviale<\/li>\n<li>Formulaires de paiement personnalisables<\/li>\n<li>Suivi des transactions en temps r\u00e9el<\/li>\n<li>Notifications de paiement automatiques<\/li>\n<li>Prise en charge des paiements r\u00e9currents et des abonnements<\/li>\n<li>Conception adapt\u00e9e aux appareils mobiles<\/li>\n<li>Documentation et assistance compl\u00e8tes<\/li>\n<\/ul>\n","protected":false},"excerpt":{"rendered":"<p>Everest Forms Stripe, la solution ultime pour des paiements en ligne fluides. Gr\u00e2ce \u00e0 l&rsquo;interface intuitive d&rsquo;Everest Forms et \u00e0 la passerelle de paiement s\u00e9curis\u00e9e de Stripe, cr\u00e9ez facilement des formulaires de paiement personnalisables pour votre site web. Id\u00e9ale pour les entreprises de toutes tailles, cette int\u00e9gration garantit des transactions rapides, une s\u00e9curit\u00e9 renforc\u00e9e et une satisfaction client accrue. Simplifiez votre processus de paiement et d\u00e9veloppez votre activit\u00e9 avec Everest Forms Stripe.<\/p>\n","protected":false},"featured_media":147057,"comment_status":"open","ping_status":"open","template":"","meta":[],"product_brand":[2681],"product_cat":[1253,1181,1186],"product_tag":[2210],"class_list":{"0":"post-140962","1":"product","2":"type-product","3":"status-publish","4":"has-post-thumbnail","6":"product_brand-wpeverest","7":"product_cat-paiement","8":"product_cat-plugins","9":"product_cat-wordpress-plugins","10":"product_tag-wpeverest","11":"member-discount","12":"discount-restricted","14":"first","15":"instock","16":"sale","17":"downloadable","18":"virtual","19":"sold-individually","20":"purchasable","21":"product-type-simple"},"_links":{"self":[{"href":"https:\/\/gpl-love.com\/fr\/wp-json\/wp\/v2\/product\/140962","targetHints":{"allow":["GET"]}}],"collection":[{"href":"https:\/\/gpl-love.com\/fr\/wp-json\/wp\/v2\/product"}],"about":[{"href":"https:\/\/gpl-love.com\/fr\/wp-json\/wp\/v2\/types\/product"}],"replies":[{"embeddable":true,"href":"https:\/\/gpl-love.com\/fr\/wp-json\/wp\/v2\/comments?post=140962"}],"wp:featuredmedia":[{"embeddable":true,"href":"https:\/\/gpl-love.com\/fr\/wp-json\/wp\/v2\/media\/147057"}],"wp:attachment":[{"href":"https:\/\/gpl-love.com\/fr\/wp-json\/wp\/v2\/media?parent=140962"}],"wp:term":[{"taxonomy":"product_brand","embeddable":true,"href":"https:\/\/gpl-love.com\/fr\/wp-json\/wp\/v2\/product_brand?post=140962"},{"taxonomy":"product_cat","embeddable":true,"href":"https:\/\/gpl-love.com\/fr\/wp-json\/wp\/v2\/product_cat?post=140962"},{"taxonomy":"product_tag","embeddable":true,"href":"https:\/\/gpl-love.com\/fr\/wp-json\/wp\/v2\/product_tag?post=140962"}],"curies":[{"name":"wp","href":"https:\/\/api.w.org\/{rel}","templated":true}]}}