{"id":140960,"date":"2024-09-21T00:00:00","date_gmt":"2024-09-20T22:00:00","guid":{"rendered":"https:\/\/gpl-love.com\/fr\/produit\/everest-forms-brevo\/"},"modified":"2026-03-21T00:03:34","modified_gmt":"2026-03-20T23:03:34","slug":"everest-forms-brevo","status":"publish","type":"product","link":"https:\/\/gpl-love.com\/fr\/produit\/everest-forms-brevo\/","title":{"rendered":"Everest Forms Brevo 1.0.2"},"content":{"rendered":"<h3>Everest Forms Brevo Traits<\/h3>\n<p>D\u00e9couvrez Everest Forms\u00a0: la solution id\u00e9ale pour cr\u00e9er des formulaires performants et fonctionnels pour votre site web. Con\u00e7u pour l&rsquo;exp\u00e9rience utilisateur, Everest Forms vous permet de cr\u00e9er facilement des formulaires personnalis\u00e9s gr\u00e2ce \u00e0 son interface intuitive par glisser-d\u00e9poser. Que vous ayez besoin de formulaires de contact, d&rsquo;inscription ou d&rsquo;enqu\u00eate, Everest Forms est l\u00e0 pour vous.<\/p>\n<p>Mais ce n&rsquo;est pas tout\u00a0! Everest Forms s&rsquo;int\u00e8gre parfaitement \u00e0 Brevo, vous offrant des fonctionnalit\u00e9s d&rsquo;e-mail marketing in\u00e9gal\u00e9es. Collectez les informations des utilisateurs et synchronisez-les automatiquement avec votre compte Brevo pour optimiser vos campagnes d&rsquo;e-mailing. Cette puissante combinaison vous permet non seulement de capter des prospects, mais aussi de les fid\u00e9liser efficacement.<\/p>\n<p>Avec Everest Forms et Brevo, optimisez les fonctionnalit\u00e9s de votre site web et dynamisez vos efforts marketing. Ne manquez pas ce duo dynamique\u00a0: cr\u00e9ez, connectez et convertissez comme jamais\u00a0!<\/p>\n<ul>\n<li>G\u00e9n\u00e9rateur de formulaires convivial par glisser-d\u00e9poser<\/li>\n<li>Mod\u00e8les de formulaires pr\u00e9d\u00e9finis<\/li>\n<li>Design adaptatif pour mobile<\/li>\n<li>Logique conditionnelle pour formulaires dynamiques<\/li>\n<li>Notifications et confirmations par e-mail<\/li>\n<li>Int\u00e9gration aux services d&rsquo;e-mail marketing les plus populaires<\/li>\n<li>Protection anti-spam avec reCAPTCHA<\/li>\n<li>Options de mise en page multicolonne<\/li>\n<li>Style de formulaire personnalisable<\/li>\n<li>Documentation et assistance compl\u00e8tes<\/li>\n<\/ul>\n","protected":false},"excerpt":{"rendered":"<p>D\u00e9couvrez Everest Forms, la solution id\u00e9ale pour cr\u00e9er des formulaires attrayants et conviviaux sur votre site web. S&rsquo;int\u00e9grant parfaitement \u00e0 Brevo, Everest Forms vous permet de cr\u00e9er facilement des formulaires personnalis\u00e9s pour tous vos besoins, des formulaires de contact aux enqu\u00eates. Notre interface intuitive par glisser-d\u00e9poser garantit une exp\u00e9rience fluide, tandis que des fonctionnalit\u00e9s avanc\u00e9es comme la logique conditionnelle et les formulaires en plusieurs \u00e9tapes optimisent l&rsquo;engagement des utilisateurs. Optimisez vos interactions web et rationalisez la collecte de donn\u00e9es avec Everest Forms, votre outil incontournable pour des formulaires performants et professionnels.<\/p>\n","protected":false},"featured_media":147056,"comment_status":"open","ping_status":"open","template":"","meta":[],"product_brand":[2681],"product_cat":[1207,1181,1186],"product_tag":[2210],"class_list":{"0":"post-140960","1":"product","2":"type-product","3":"status-publish","4":"has-post-thumbnail","6":"product_brand-wpeverest","7":"product_cat-commercialisation-wordpress-plugins","8":"product_cat-plugins","9":"product_cat-wordpress-plugins","10":"product_tag-wpeverest","11":"member-discount","12":"discount-restricted","14":"first","15":"instock","16":"sale","17":"downloadable","18":"virtual","19":"sold-individually","20":"purchasable","21":"product-type-simple"},"_links":{"self":[{"href":"https:\/\/gpl-love.com\/fr\/wp-json\/wp\/v2\/product\/140960","targetHints":{"allow":["GET"]}}],"collection":[{"href":"https:\/\/gpl-love.com\/fr\/wp-json\/wp\/v2\/product"}],"about":[{"href":"https:\/\/gpl-love.com\/fr\/wp-json\/wp\/v2\/types\/product"}],"replies":[{"embeddable":true,"href":"https:\/\/gpl-love.com\/fr\/wp-json\/wp\/v2\/comments?post=140960"}],"wp:featuredmedia":[{"embeddable":true,"href":"https:\/\/gpl-love.com\/fr\/wp-json\/wp\/v2\/media\/147056"}],"wp:attachment":[{"href":"https:\/\/gpl-love.com\/fr\/wp-json\/wp\/v2\/media?parent=140960"}],"wp:term":[{"taxonomy":"product_brand","embeddable":true,"href":"https:\/\/gpl-love.com\/fr\/wp-json\/wp\/v2\/product_brand?post=140960"},{"taxonomy":"product_cat","embeddable":true,"href":"https:\/\/gpl-love.com\/fr\/wp-json\/wp\/v2\/product_cat?post=140960"},{"taxonomy":"product_tag","embeddable":true,"href":"https:\/\/gpl-love.com\/fr\/wp-json\/wp\/v2\/product_tag?post=140960"}],"curies":[{"name":"wp","href":"https:\/\/api.w.org\/{rel}","templated":true}]}}