{"id":140958,"date":"2024-09-21T00:00:00","date_gmt":"2024-09-20T22:00:00","guid":{"rendered":"https:\/\/gpl-love.com\/fr\/produit\/everest-forms-drip\/"},"modified":"2026-03-21T00:03:33","modified_gmt":"2026-03-20T23:03:33","slug":"everest-forms-drip","status":"publish","type":"product","link":"https:\/\/gpl-love.com\/fr\/produit\/everest-forms-drip\/","title":{"rendered":"Everest Forms Drip 1.0.2"},"content":{"rendered":"<h3>Everest Forms Drip Traits<\/h3>\n<p>D\u00e9couvrez Everest Form Drip, la solution ultime pour une gestion fluide des formulaires et une int\u00e9gration optimale de l&#8217;email marketing\u00a0! Con\u00e7u pour optimiser votre flux de travail, Everest Form Drip associe de puissantes fonctionnalit\u00e9s de cr\u00e9ation de formulaires \u00e0 des campagnes d&#8217;email marketing automatis\u00e9es, vous assurant ainsi de ne manquer aucun prospect.<\/p>\n<p>Everest Form Drip propose un g\u00e9n\u00e9rateur de formulaires intuitif par glisser-d\u00e9poser, facilitant la cr\u00e9ation de formulaires personnalis\u00e9s en quelques minutes. Que vous ayez besoin de formulaires de contact, d&rsquo;inscription ou d&rsquo;enqu\u00eate, notre outil est l\u00e0 pour vous. Gr\u00e2ce \u00e0 des fonctionnalit\u00e9s avanc\u00e9es comme la logique conditionnelle, les formulaires multi-\u00e9tapes et les int\u00e9grations de paiement, vous pouvez personnaliser chaque formulaire selon vos besoins sp\u00e9cifiques.<\/p>\n<p>Mais ce n&rsquo;est pas tout\u00a0! Everest Form Drip s&rsquo;int\u00e8gre parfaitement \u00e0 vos plateformes d&#8217;email marketing pr\u00e9f\u00e9r\u00e9es, vous permettant de configurer des campagnes d&#8217;email marketing automatis\u00e9es en fonction des soumissions de formulaires. Engagez vos prospects avec des s\u00e9quences d&#8217;emails personnalis\u00e9es et boostez ainsi votre engagement et vos taux de conversion sans effort.<\/p>\n<p>Con\u00e7u pour les entreprises de toutes tailles, Everest Form Drip est convivial et ne n\u00e9cessite aucune comp\u00e9tence en codage. D\u00e9couvrez la puissance d&rsquo;une gestion efficace des formulaires et d&rsquo;un email marketing automatis\u00e9 dans un seul outil complet.<\/p>\n<ul>\n<li>Construction durable et de haute qualit\u00e9<\/li>\n<li>Conception ergonomique pour une utilisation confortable<\/li>\n<li>Surface facile \u00e0 nettoyer<\/li>\n<li>Poign\u00e9e antid\u00e9rapante pour plus de s\u00e9curit\u00e9<\/li>\n<li>L\u00e9ger et portable<\/li>\n<li>Apparence \u00e9l\u00e9gante et moderne<\/li>\n<li>Polyvalent pour diverses applications<\/li>\n<li>Mat\u00e9riaux \u00e9cologiques<\/li>\n<li>Performances durables<\/li>\n<li>Disponible en plusieurs coloris<\/li>\n<\/ul>\n","protected":false},"excerpt":{"rendered":"<p>D\u00e9couvrez Everest Form Drip, la solution ultime pour des formulaires en ligne fluides et \u00e0 fort taux de conversion. Con\u00e7u pour la simplicit\u00e9 et l&rsquo;efficacit\u00e9, notre outil performant vous permet de cr\u00e9er, personnaliser et g\u00e9rer vos formulaires en toute simplicit\u00e9. Avec Everest Form Drip, vous pouvez capter des prospects, booster l&rsquo;engagement et rationaliser votre collecte de donn\u00e9es. Ses principales fonctionnalit\u00e9s incluent un g\u00e9n\u00e9rateur de formulaires intuitif par glisser-d\u00e9poser, un design r\u00e9actif et une int\u00e9gration robuste avec les applications les plus populaires. Id\u00e9al pour les entreprises de toutes tailles, Everest Form Drip am\u00e9liore l&rsquo;exp\u00e9rience utilisateur et optimise vos efforts marketing. Essayez Everest Form Drip d\u00e8s aujourd&rsquo;hui et propulsez vos interactions en ligne vers de nouveaux sommets\u00a0!<\/p>\n","protected":false},"featured_media":147055,"comment_status":"open","ping_status":"open","template":"","meta":[],"product_brand":[2681],"product_cat":[1207,1181,1186],"product_tag":[2210],"class_list":{"0":"post-140958","1":"product","2":"type-product","3":"status-publish","4":"has-post-thumbnail","6":"product_brand-wpeverest","7":"product_cat-commercialisation-wordpress-plugins","8":"product_cat-plugins","9":"product_cat-wordpress-plugins","10":"product_tag-wpeverest","11":"member-discount","12":"discount-restricted","14":"first","15":"instock","16":"sale","17":"downloadable","18":"virtual","19":"sold-individually","20":"purchasable","21":"product-type-simple"},"_links":{"self":[{"href":"https:\/\/gpl-love.com\/fr\/wp-json\/wp\/v2\/product\/140958","targetHints":{"allow":["GET"]}}],"collection":[{"href":"https:\/\/gpl-love.com\/fr\/wp-json\/wp\/v2\/product"}],"about":[{"href":"https:\/\/gpl-love.com\/fr\/wp-json\/wp\/v2\/types\/product"}],"replies":[{"embeddable":true,"href":"https:\/\/gpl-love.com\/fr\/wp-json\/wp\/v2\/comments?post=140958"}],"wp:featuredmedia":[{"embeddable":true,"href":"https:\/\/gpl-love.com\/fr\/wp-json\/wp\/v2\/media\/147055"}],"wp:attachment":[{"href":"https:\/\/gpl-love.com\/fr\/wp-json\/wp\/v2\/media?parent=140958"}],"wp:term":[{"taxonomy":"product_brand","embeddable":true,"href":"https:\/\/gpl-love.com\/fr\/wp-json\/wp\/v2\/product_brand?post=140958"},{"taxonomy":"product_cat","embeddable":true,"href":"https:\/\/gpl-love.com\/fr\/wp-json\/wp\/v2\/product_cat?post=140958"},{"taxonomy":"product_tag","embeddable":true,"href":"https:\/\/gpl-love.com\/fr\/wp-json\/wp\/v2\/product_tag?post=140958"}],"curies":[{"name":"wp","href":"https:\/\/api.w.org\/{rel}","templated":true}]}}