{"id":140905,"date":"2025-04-11T00:00:00","date_gmt":"2025-04-10T22:00:00","guid":{"rendered":"https:\/\/gpl-love.com\/fr\/produit\/wpforo-embeds\/"},"modified":"2026-03-21T00:03:23","modified_gmt":"2026-03-20T23:03:23","slug":"wpforo-embeds","status":"publish","type":"product","link":"https:\/\/gpl-love.com\/fr\/produit\/wpforo-embeds\/","title":{"rendered":"WPForo Embeds 3.0.10"},"content":{"rendered":"<h3>WPForo Embeds Traits<\/h3>\n<p>D\u00e9couvrez la solution id\u00e9ale pour une int\u00e9gration de contenu fluide avec WPForo Embeds. Con\u00e7u sp\u00e9cifiquement pour WPForo, cet outil puissant vous permet d&rsquo;int\u00e9grer facilement des \u00e9l\u00e9ments multim\u00e9dias \u00e0 vos messages de forum, renfor\u00e7ant ainsi l&rsquo;engagement et l&rsquo;interaction des utilisateurs. Vid\u00e9os, images ou contenu des r\u00e9seaux sociaux\u00a0: WPForo Embeds rend le processus simple et intuitif.<\/p>\n<p>Avec WPForo Embeds, transformez votre forum en un espace communautaire dynamique et interactif. L&rsquo;extension prend en charge un large \u00e9ventail de types de m\u00e9dias, garantissant des messages toujours dynamiques et attrayants. De plus, elle est enti\u00e8rement compatible avec les derni\u00e8res mises \u00e0 jour de WordPress, assurant ainsi des performances optimales.<\/p>\n<p>Am\u00e9liorez l&rsquo;attractivit\u00e9 de votre forum et fid\u00e9lisez votre audience gr\u00e2ce \u00e0 WPForo Embeds. Facile \u00e0 installer et encore plus facile \u00e0 utiliser, cette extension est indispensable pour tout utilisateur de WPForo souhaitant enrichir l&rsquo;exp\u00e9rience de son forum. Ne laissez pas votre contenu passer inaper\u00e7u\u00a0: donnez-lui du peps avec WPForo Embeds d\u00e8s aujourd&rsquo;hui\u00a0!<\/p>\n<ul>\n<li>Int\u00e9gration fluide avec WordPress<\/li>\n<li>Prise en charge de l&rsquo;int\u00e9gration de contenu provenant de diverses plateformes<\/li>\n<li>Interface conviviale pour une int\u00e9gration facile<\/li>\n<li>Options d&rsquo;int\u00e9gration personnalisables<\/li>\n<li>Design adaptatif<\/li>\n<li>Compatible avec les th\u00e8mes WordPress populaires<\/li>\n<li>L\u00e9ger et optimis\u00e9 pour la performance<\/li>\n<li>Documentation d\u00e9taill\u00e9e et assistance<\/li>\n<li>Mises \u00e0 jour et am\u00e9liorations r\u00e9guli\u00e8res<\/li>\n<li>Fonctionnalit\u00e9s s\u00e9curis\u00e9es et fiables<\/li>\n<\/ul>\n","protected":false},"excerpt":{"rendered":"<p>WPForo Embeds est la solution id\u00e9ale pour int\u00e9grer facilement du contenu multim\u00e9dia \u00e0 vos discussions de forum. Avec WPForo Embeds, int\u00e9grez sans effort vid\u00e9os, images et publications de r\u00e9seaux sociaux, et dynamisez vos \u00e9changes en stimulant l&rsquo;engagement des utilisateurs. Cet outil performant est compatible avec de nombreuses plateformes, garantissant ainsi un forum interactif et attrayant. Que vous partagiez des tutoriels, pr\u00e9sentiez des produits ou souhaitiez simplement favoriser les interactions au sein de votre communaut\u00e9, WPForo Embeds simplifie le processus, vous fait gagner du temps et am\u00e9liore l&rsquo;exp\u00e9rience utilisateur. Optimisez votre forum d\u00e8s aujourd&rsquo;hui avec WPForo Embeds et captivez votre audience\u00a0!<\/p>\n","protected":false},"featured_media":147044,"comment_status":"open","ping_status":"open","template":"","meta":[],"product_brand":[2784],"product_cat":[1189,1181,1186],"product_tag":[2383],"class_list":{"0":"post-140905","1":"product","2":"type-product","3":"status-publish","4":"has-post-thumbnail","6":"product_brand-gvectors-team","7":"product_cat-personnalisation","8":"product_cat-plugins","9":"product_cat-wordpress-plugins","10":"product_tag-gvectors-team","11":"member-discount","12":"discount-restricted","14":"first","15":"instock","16":"sale","17":"downloadable","18":"virtual","19":"sold-individually","20":"purchasable","21":"product-type-simple"},"_links":{"self":[{"href":"https:\/\/gpl-love.com\/fr\/wp-json\/wp\/v2\/product\/140905","targetHints":{"allow":["GET"]}}],"collection":[{"href":"https:\/\/gpl-love.com\/fr\/wp-json\/wp\/v2\/product"}],"about":[{"href":"https:\/\/gpl-love.com\/fr\/wp-json\/wp\/v2\/types\/product"}],"replies":[{"embeddable":true,"href":"https:\/\/gpl-love.com\/fr\/wp-json\/wp\/v2\/comments?post=140905"}],"wp:featuredmedia":[{"embeddable":true,"href":"https:\/\/gpl-love.com\/fr\/wp-json\/wp\/v2\/media\/147044"}],"wp:attachment":[{"href":"https:\/\/gpl-love.com\/fr\/wp-json\/wp\/v2\/media?parent=140905"}],"wp:term":[{"taxonomy":"product_brand","embeddable":true,"href":"https:\/\/gpl-love.com\/fr\/wp-json\/wp\/v2\/product_brand?post=140905"},{"taxonomy":"product_cat","embeddable":true,"href":"https:\/\/gpl-love.com\/fr\/wp-json\/wp\/v2\/product_cat?post=140905"},{"taxonomy":"product_tag","embeddable":true,"href":"https:\/\/gpl-love.com\/fr\/wp-json\/wp\/v2\/product_tag?post=140905"}],"curies":[{"name":"wp","href":"https:\/\/api.w.org\/{rel}","templated":true}]}}