{"id":140903,"date":"2024-09-17T00:00:00","date_gmt":"2024-09-16T22:00:00","guid":{"rendered":"https:\/\/gpl-love.com\/fr\/produit\/wpforo-paid-memberships-pro\/"},"modified":"2026-03-21T00:03:21","modified_gmt":"2026-03-20T23:03:21","slug":"wpforo-paid-memberships-pro","status":"publish","type":"product","link":"https:\/\/gpl-love.com\/fr\/produit\/wpforo-paid-memberships-pro\/","title":{"rendered":"WPForo Paid Memberships Pro 1.2.0"},"content":{"rendered":"<h3>WPForo Paid Memberships Pro Traits<\/h3>\n<p>Lib\u00e9rez tout le potentiel de votre communaut\u00e9 en ligne avec wpForo Paid Memberships Pro\u00a0! Am\u00e9liorez l&rsquo;exp\u00e9rience de votre forum en proposant du contenu exclusif, des fonctionnalit\u00e9s premium et un acc\u00e8s r\u00e9serv\u00e9 aux membres. Con\u00e7u pour une int\u00e9gration fluide, wpForo Paid Memberships Pro vous permet de g\u00e9rer facilement les abonnements, de dynamiser l&rsquo;engagement et de mon\u00e9tiser votre forum.<\/p>\n<p>Notre extension performante est id\u00e9ale pour les responsables de communaut\u00e9 qui souhaitent cr\u00e9er un espace interactif et dynamique. Avec wpForo Paid Memberships Pro, vous pouvez facilement configurer diff\u00e9rents niveaux d&rsquo;abonnement, offrant des avantages vari\u00e9s. Personnalisez vos formules d&rsquo;abonnement en fonction des besoins de votre public et observez votre communaut\u00e9 grandir.<\/p>\n<ul>\n<li>Int\u00e9gration fluide avec les forums WPForo<\/li>\n<li>Plusieurs niveaux d&rsquo;abonnement<\/li>\n<li>Formules d&rsquo;abonnement personnalisables<\/li>\n<li>Prise en charge des principales cartes de cr\u00e9dit et de PayPal<\/li>\n<li>Acc\u00e8s au contenu r\u00e9serv\u00e9 aux membres<\/li>\n<li>Renouvellements d&rsquo;abonnement automatiques<\/li>\n<li>Rapports et analyses d\u00e9taill\u00e9s<\/li>\n<li>Notifications par e-mail concernant l&rsquo;activit\u00e9 des membres<\/li>\n<li>Gestion des codes de r\u00e9duction et des promotions<\/li>\n<li>Configuration et installation simplifi\u00e9es<\/li>\n<\/ul>\n","protected":false},"excerpt":{"rendered":"<p>D\u00e9couvrez WPForo Paid Memberships Pro, la solution id\u00e9ale pour g\u00e9rer le contenu exclusif de votre site WordPress. Ce puissant plugin s&rsquo;int\u00e8gre parfaitement et vous permet de cr\u00e9er, g\u00e9rer et mon\u00e9tiser vos abonnements en toute simplicit\u00e9. Avec WPForo Paid Memberships Pro, proposez diff\u00e9rents niveaux d&rsquo;abonnement, prot\u00e9gez votre contenu pr\u00e9cieux et offrez une exp\u00e9rience utilisateur exceptionnelle. Optimisez les fonctionnalit\u00e9s de votre site et d\u00e9veloppez votre communaut\u00e9 gr\u00e2ce \u00e0 cet outil intuitif et riche en fonctionnalit\u00e9s. Essayez WPForo Paid Memberships Pro d\u00e8s aujourd&rsquo;hui et transformez votre site WordPress en une plateforme d&rsquo;abonnements performante\u00a0!<\/p>\n","protected":false},"featured_media":147043,"comment_status":"open","ping_status":"open","template":"","meta":[],"product_brand":[2784],"product_cat":[1189,1181,1186],"product_tag":[2383],"class_list":{"0":"post-140903","1":"product","2":"type-product","3":"status-publish","4":"has-post-thumbnail","6":"product_brand-gvectors-team","7":"product_cat-personnalisation","8":"product_cat-plugins","9":"product_cat-wordpress-plugins","10":"product_tag-gvectors-team","11":"member-discount","12":"discount-restricted","14":"first","15":"instock","16":"sale","17":"downloadable","18":"virtual","19":"sold-individually","20":"purchasable","21":"product-type-simple"},"_links":{"self":[{"href":"https:\/\/gpl-love.com\/fr\/wp-json\/wp\/v2\/product\/140903","targetHints":{"allow":["GET"]}}],"collection":[{"href":"https:\/\/gpl-love.com\/fr\/wp-json\/wp\/v2\/product"}],"about":[{"href":"https:\/\/gpl-love.com\/fr\/wp-json\/wp\/v2\/types\/product"}],"replies":[{"embeddable":true,"href":"https:\/\/gpl-love.com\/fr\/wp-json\/wp\/v2\/comments?post=140903"}],"wp:featuredmedia":[{"embeddable":true,"href":"https:\/\/gpl-love.com\/fr\/wp-json\/wp\/v2\/media\/147043"}],"wp:attachment":[{"href":"https:\/\/gpl-love.com\/fr\/wp-json\/wp\/v2\/media?parent=140903"}],"wp:term":[{"taxonomy":"product_brand","embeddable":true,"href":"https:\/\/gpl-love.com\/fr\/wp-json\/wp\/v2\/product_brand?post=140903"},{"taxonomy":"product_cat","embeddable":true,"href":"https:\/\/gpl-love.com\/fr\/wp-json\/wp\/v2\/product_cat?post=140903"},{"taxonomy":"product_tag","embeddable":true,"href":"https:\/\/gpl-love.com\/fr\/wp-json\/wp\/v2\/product_tag?post=140903"}],"curies":[{"name":"wp","href":"https:\/\/api.w.org\/{rel}","templated":true}]}}