{"id":140901,"date":"2024-09-17T00:00:00","date_gmt":"2024-09-16T22:00:00","guid":{"rendered":"https:\/\/gpl-love.com\/fr\/produit\/wpforo-polls\/"},"modified":"2026-04-18T06:34:01","modified_gmt":"2026-04-18T04:34:01","slug":"wpforo-polls","status":"publish","type":"product","link":"https:\/\/gpl-love.com\/fr\/produit\/wpforo-polls\/","title":{"rendered":"WPForo Polls 3.0.2"},"content":{"rendered":"<h3>WPForo Polls Traits<\/h3>\n<p>Dynamisez l&rsquo;engagement de votre communaut\u00e9 avec WPForo Polls, l&rsquo;extension WordPress id\u00e9ale pour booster les interactions sur votre forum. Cet outil polyvalent vous permet de cr\u00e9er des sondages interactifs en temps r\u00e9el qui captivent votre audience et fournissent des informations pr\u00e9cieuses. Avec WPForo Polls, personnalisez facilement les options de vos sondages, d\u00e9finissez des limites de vote et analysez les r\u00e9sultats gr\u00e2ce \u00e0 des statistiques d\u00e9taill\u00e9es.<\/p>\n<p>Parfait pour les forums de toutes tailles, WPForo Polls s&rsquo;int\u00e8gre parfaitement \u00e0 votre installation WPForo existante, pour une exp\u00e9rience utilisateur optimale. Que vous souhaitiez recueillir des avis, r\u00e9aliser une \u00e9tude de march\u00e9 ou simplement susciter des discussions, cette extension est la solution id\u00e9ale.<\/p>\n<p>Ses principales fonctionnalit\u00e9s incluent la cr\u00e9ation de sondages intuitive, de nombreux types de questions et une conception responsive, la rendant accessible sur tous les appareils. Am\u00e9liorez votre forum d\u00e8s aujourd&rsquo;hui avec WPForo Polls et voyez votre communaut\u00e9 s&rsquo;\u00e9panouir\u00a0!<\/p>\n<ul>\n<li>Int\u00e9gration fluide avec l&rsquo;extension de forum WPForo<\/li>\n<li>Interface conviviale pour la cr\u00e9ation et la gestion de sondages<\/li>\n<li>Plusieurs types de questions (choix unique, choix multiple, etc.)<\/li>\n<li>Apparence et mise en page personnalisables pour les sondages<\/li>\n<li>Vote et r\u00e9sultats en temps r\u00e9el<\/li>\n<li>Possibilit\u00e9 d&rsquo;autoriser ou de restreindre le vote aux utilisateurs inscrits<\/li>\n<li>Options de planification et d&rsquo;expiration des sondages<\/li>\n<li>Analyses et rapports d\u00e9taill\u00e9s sur les r\u00e9sultats des sondages<\/li>\n<li>Conception adapt\u00e9e aux mobiles<\/li>\n<li>Prise en charge de plusieurs langues et localisations<\/li>\n<\/ul>\n","protected":false},"excerpt":{"rendered":"<p>Transformez les interactions de votre forum avec WPForo Polls\u00a0! Ce puissant plugin s&rsquo;int\u00e8gre parfaitement \u00e0 votre forum WPForo et vous permet de cr\u00e9er facilement des sondages interactifs et captivants. Stimulez l&rsquo;engagement des utilisateurs, recueillez des informations pr\u00e9cieuses et enrichissez les discussions de votre communaut\u00e9 gr\u00e2ce \u00e0 des outils de cr\u00e9ation de sondages intuitifs. Id\u00e9al pour les forums de toutes tailles, WPForo Polls offre des options personnalisables pour s&rsquo;adapter \u00e0 l&rsquo;esth\u00e9tique et aux besoins de votre forum. Am\u00e9liorez l&rsquo;exp\u00e9rience de votre forum d\u00e8s aujourd&rsquo;hui et d\u00e9couvrez pourquoi WPForo Polls est indispensable \u00e0 toute communaut\u00e9 en ligne dynamique.<\/p>\n","protected":false},"featured_media":147042,"comment_status":"open","ping_status":"open","template":"","meta":[],"product_brand":[2784],"product_cat":[1189,1181,1186],"product_tag":[2383],"class_list":{"0":"post-140901","1":"product","2":"type-product","3":"status-publish","4":"has-post-thumbnail","6":"product_brand-gvectors-team","7":"product_cat-personnalisation","8":"product_cat-plugins","9":"product_cat-wordpress-plugins","10":"product_tag-gvectors-team","11":"member-discount","12":"discount-restricted","14":"first","15":"instock","16":"sale","17":"downloadable","18":"virtual","19":"sold-individually","20":"purchasable","21":"product-type-simple"},"_links":{"self":[{"href":"https:\/\/gpl-love.com\/fr\/wp-json\/wp\/v2\/product\/140901","targetHints":{"allow":["GET"]}}],"collection":[{"href":"https:\/\/gpl-love.com\/fr\/wp-json\/wp\/v2\/product"}],"about":[{"href":"https:\/\/gpl-love.com\/fr\/wp-json\/wp\/v2\/types\/product"}],"replies":[{"embeddable":true,"href":"https:\/\/gpl-love.com\/fr\/wp-json\/wp\/v2\/comments?post=140901"}],"wp:featuredmedia":[{"embeddable":true,"href":"https:\/\/gpl-love.com\/fr\/wp-json\/wp\/v2\/media\/147042"}],"wp:attachment":[{"href":"https:\/\/gpl-love.com\/fr\/wp-json\/wp\/v2\/media?parent=140901"}],"wp:term":[{"taxonomy":"product_brand","embeddable":true,"href":"https:\/\/gpl-love.com\/fr\/wp-json\/wp\/v2\/product_brand?post=140901"},{"taxonomy":"product_cat","embeddable":true,"href":"https:\/\/gpl-love.com\/fr\/wp-json\/wp\/v2\/product_cat?post=140901"},{"taxonomy":"product_tag","embeddable":true,"href":"https:\/\/gpl-love.com\/fr\/wp-json\/wp\/v2\/product_tag?post=140901"}],"curies":[{"name":"wp","href":"https:\/\/api.w.org\/{rel}","templated":true}]}}