{"id":140899,"date":"2024-09-17T00:00:00","date_gmt":"2024-09-16T22:00:00","guid":{"rendered":"https:\/\/gpl-love.com\/fr\/produit\/wpforo-private-messages\/"},"modified":"2026-03-21T00:03:20","modified_gmt":"2026-03-20T23:03:20","slug":"wpforo-private-messages","status":"publish","type":"product","link":"https:\/\/gpl-love.com\/fr\/produit\/wpforo-private-messages\/","title":{"rendered":"WPForo Private Messages 3.1.2"},"content":{"rendered":"<h3>WPForo Private Messages Traits<\/h3>\n<p>WPForo Messages Priv\u00e9s : la solution id\u00e9ale pour une communication fluide et s\u00e9curis\u00e9e au sein de votre communaut\u00e9 WordPress. Am\u00e9liorez l&rsquo;interaction entre vos membres gr\u00e2ce \u00e0 notre syst\u00e8me de messagerie intuitif qui garantit la confidentialit\u00e9 et favorise l&rsquo;engagement.<\/p>\n<p>Avec des mesures de s\u00e9curit\u00e9 robustes.<\/p>\n<p>Parfait pour les forums, les r\u00e9seaux sociaux et les sites d&rsquo;adh\u00e9sion, WPForo Messages Priv\u00e9s s&rsquo;int\u00e8gre parfaitement \u00e0 votre infrastructure existante. Boostez l&rsquo;engagement et la satisfaction de vos utilisateurs gr\u00e2ce \u00e0 un outil de communication priv\u00e9 et efficace. Essayez WPForo Messages Priv\u00e9s d\u00e8s aujourd&rsquo;hui et transformez l&rsquo;exp\u00e9rience de votre communaut\u00e9 WordPress\u00a0!<\/p>\n<ul>\n<li>Messagerie s\u00e9curis\u00e9e et priv\u00e9e<\/li>\n<li>Interface conviviale<\/li>\n<li>Notifications en temps r\u00e9el<\/li>\n<li>Prise en charge des pi\u00e8ces jointes (images, fichiers)<\/li>\n<li>Affichage des conversations par fil de discussion<\/li>\n<li>Param\u00e8tres et autorisations personnalisables<\/li>\n<li>Int\u00e9gration avec les forums WPForo<\/li>\n<li>Historique des messages consultable<\/li>\n<li>Conception adapt\u00e9e aux mobiles<\/li>\n<li>Prise en charge multilingue<\/li>\n<\/ul>\n","protected":false},"excerpt":{"rendered":"<p>Am\u00e9liorez votre forum avec WPForo Messages Priv\u00e9s, la solution id\u00e9ale pour une communication s\u00e9curis\u00e9e et fluide. Notre extension offre des fonctionnalit\u00e9s avanc\u00e9es et une interface intuitive pour garantir des \u00e9changes priv\u00e9s et efficaces entre les membres. Dynamisez l&rsquo;engagement et pr\u00e9servez la confidentialit\u00e9 gr\u00e2ce au syst\u00e8me de messagerie fiable de WPForo. Profitez des notifications en temps r\u00e9el, du regroupement des messages par conversation et des param\u00e8tres personnalisables. Parfait pour toute communaut\u00e9 souhaitant tisser des liens authentiques et optimiser la communication. Mettez votre forum \u00e0 niveau d\u00e8s aujourd&rsquo;hui avec WPForo Messages Priv\u00e9s\u00a0!<\/p>\n","protected":false},"featured_media":147041,"comment_status":"open","ping_status":"open","template":"","meta":[],"product_brand":[2784],"product_cat":[1189,1181,1186],"product_tag":[2383],"class_list":{"0":"post-140899","1":"product","2":"type-product","3":"status-publish","4":"has-post-thumbnail","6":"product_brand-gvectors-team","7":"product_cat-personnalisation","8":"product_cat-plugins","9":"product_cat-wordpress-plugins","10":"product_tag-gvectors-team","11":"member-discount","12":"discount-restricted","14":"first","15":"instock","16":"sale","17":"downloadable","18":"virtual","19":"sold-individually","20":"purchasable","21":"product-type-simple"},"_links":{"self":[{"href":"https:\/\/gpl-love.com\/fr\/wp-json\/wp\/v2\/product\/140899","targetHints":{"allow":["GET"]}}],"collection":[{"href":"https:\/\/gpl-love.com\/fr\/wp-json\/wp\/v2\/product"}],"about":[{"href":"https:\/\/gpl-love.com\/fr\/wp-json\/wp\/v2\/types\/product"}],"replies":[{"embeddable":true,"href":"https:\/\/gpl-love.com\/fr\/wp-json\/wp\/v2\/comments?post=140899"}],"wp:featuredmedia":[{"embeddable":true,"href":"https:\/\/gpl-love.com\/fr\/wp-json\/wp\/v2\/media\/147041"}],"wp:attachment":[{"href":"https:\/\/gpl-love.com\/fr\/wp-json\/wp\/v2\/media?parent=140899"}],"wp:term":[{"taxonomy":"product_brand","embeddable":true,"href":"https:\/\/gpl-love.com\/fr\/wp-json\/wp\/v2\/product_brand?post=140899"},{"taxonomy":"product_cat","embeddable":true,"href":"https:\/\/gpl-love.com\/fr\/wp-json\/wp\/v2\/product_cat?post=140899"},{"taxonomy":"product_tag","embeddable":true,"href":"https:\/\/gpl-love.com\/fr\/wp-json\/wp\/v2\/product_tag?post=140899"}],"curies":[{"name":"wp","href":"https:\/\/api.w.org\/{rel}","templated":true}]}}