{"id":140893,"date":"2024-09-17T00:00:00","date_gmt":"2024-09-16T22:00:00","guid":{"rendered":"https:\/\/gpl-love.com\/fr\/produit\/wpforo-tenor\/"},"modified":"2026-04-18T06:34:00","modified_gmt":"2026-04-18T04:34:00","slug":"wpforo-tenor","status":"publish","type":"product","link":"https:\/\/gpl-love.com\/fr\/produit\/wpforo-tenor\/","title":{"rendered":"WPForo Tenor 3.0.1"},"content":{"rendered":"<h3>WPForo Tenor Traits<\/h3>\n<p>D\u00e9couvrez la solution de forum id\u00e9ale pour votre site WordPress avec WPForo Tenor. Con\u00e7u pour optimiser l&rsquo;engagement des utilisateurs et favoriser des communaut\u00e9s en ligne dynamiques, WPForo Tenor s&rsquo;int\u00e8gre parfaitement \u00e0 WordPress, ce qui en fait le choix id\u00e9al pour les passionn\u00e9s de forums et les webmasters.<\/p>\n<p>WPForo Tenor se distingue par son interface intuitive, ses outils de mod\u00e9ration avanc\u00e9s et ses options de personnalisation. Que vous g\u00e9riez un petit forum de niche ou une communaut\u00e9 de grande envergure, WPForo Tenor vous offre la flexibilit\u00e9 et l&rsquo;\u00e9volutivit\u00e9 n\u00e9cessaires. Gr\u00e2ce \u00e0 des fonctionnalit\u00e9s telles que les notifications en temps r\u00e9el, la messagerie priv\u00e9e et une gestion robuste des utilisateurs, votre forum prosp\u00e9rera et se d\u00e9veloppera sans effort.<\/p>\n<p>Optimisez le r\u00e9f\u00e9rencement naturel (SEO) de votre site web gr\u00e2ce aux outils SEO int\u00e9gr\u00e9s de WPForo Tenor, qui garantissent un meilleur positionnement de votre contenu de forum dans les moteurs de recherche. Interagissez avec votre audience gr\u00e2ce \u00e0 des discussions interactives, des sondages et des publications multim\u00e9dias, tout en b\u00e9n\u00e9ficiant d&rsquo;une s\u00e9curit\u00e9 et de performances optimales.<\/p>\n<ul>\n<li>Int\u00e9gration parfaite avec WordPress<\/li>\n<li>Gestion intuitive du forum<\/li>\n<li>Mises en page personnalisables<\/li>\n<li>Profils membres avanc\u00e9s<\/li>\n<li>Outils de mod\u00e9ration int\u00e9gr\u00e9s<\/li>\n<li>Optimisation SEO<\/li>\n<li>Notifications en temps r\u00e9el<\/li>\n<li>Design adaptatif pour mobiles et ordinateurs<\/li>\n<li>Assistance utilisateur compl\u00e8te<\/li>\n<li>Prise en charge multilingue<\/li>\n<\/ul>\n","protected":false},"excerpt":{"rendered":"<p>WPForo Tenor est la solution de forum par excellence, con\u00e7ue pour dynamiser l&rsquo;engagement communautaire et fluidifier les discussions. Son interface intuitive, ses fonctionnalit\u00e9s robustes et son int\u00e9gration parfaite en font le choix id\u00e9al pour toute communaut\u00e9 en ligne. Avec WPForo Tenor, profitez de notifications en temps r\u00e9el, d&rsquo;outils de mod\u00e9ration avanc\u00e9s et de th\u00e8mes personnalisables pour cr\u00e9er une exp\u00e9rience de forum unique et interactive. Que vous d\u00e9veloppiez une petite communaut\u00e9 de niche ou un forum de discussion \u00e0 grande \u00e9chelle, WPForo Tenor garantit que vos utilisateurs restent connect\u00e9s et inform\u00e9s. Optimisez votre forum d\u00e8s aujourd&rsquo;hui avec WPForo Tenor et voyez votre communaut\u00e9 prosp\u00e9rer\u00a0!<\/p>\n","protected":false},"featured_media":147038,"comment_status":"open","ping_status":"open","template":"","meta":[],"product_brand":[2784],"product_cat":[1189,1181,1186],"product_tag":[2383],"class_list":{"0":"post-140893","1":"product","2":"type-product","3":"status-publish","4":"has-post-thumbnail","6":"product_brand-gvectors-team","7":"product_cat-personnalisation","8":"product_cat-plugins","9":"product_cat-wordpress-plugins","10":"product_tag-gvectors-team","11":"member-discount","12":"discount-restricted","14":"first","15":"instock","16":"sale","17":"downloadable","18":"virtual","19":"sold-individually","20":"purchasable","21":"product-type-simple"},"_links":{"self":[{"href":"https:\/\/gpl-love.com\/fr\/wp-json\/wp\/v2\/product\/140893","targetHints":{"allow":["GET"]}}],"collection":[{"href":"https:\/\/gpl-love.com\/fr\/wp-json\/wp\/v2\/product"}],"about":[{"href":"https:\/\/gpl-love.com\/fr\/wp-json\/wp\/v2\/types\/product"}],"replies":[{"embeddable":true,"href":"https:\/\/gpl-love.com\/fr\/wp-json\/wp\/v2\/comments?post=140893"}],"wp:featuredmedia":[{"embeddable":true,"href":"https:\/\/gpl-love.com\/fr\/wp-json\/wp\/v2\/media\/147038"}],"wp:attachment":[{"href":"https:\/\/gpl-love.com\/fr\/wp-json\/wp\/v2\/media?parent=140893"}],"wp:term":[{"taxonomy":"product_brand","embeddable":true,"href":"https:\/\/gpl-love.com\/fr\/wp-json\/wp\/v2\/product_brand?post=140893"},{"taxonomy":"product_cat","embeddable":true,"href":"https:\/\/gpl-love.com\/fr\/wp-json\/wp\/v2\/product_cat?post=140893"},{"taxonomy":"product_tag","embeddable":true,"href":"https:\/\/gpl-love.com\/fr\/wp-json\/wp\/v2\/product_tag?post=140893"}],"curies":[{"name":"wp","href":"https:\/\/api.w.org\/{rel}","templated":true}]}}