{"id":140891,"date":"2024-09-17T00:00:00","date_gmt":"2024-09-16T22:00:00","guid":{"rendered":"https:\/\/gpl-love.com\/fr\/produit\/wpforo-topic-custom-fields\/"},"modified":"2026-04-19T00:31:59","modified_gmt":"2026-04-18T22:31:59","slug":"wpforo-topic-custom-fields","status":"publish","type":"product","link":"https:\/\/gpl-love.com\/fr\/produit\/wpforo-topic-custom-fields\/","title":{"rendered":"WPForo Topic Custom Fields 3.2.1"},"content":{"rendered":"<h3>WPForo Topic Custom Fields Traits<\/h3>\n<p>Dynamisez votre communaut\u00e9 en ligne avec WPForo Topic Custom Fields, la solution id\u00e9ale pour les administrateurs de forums souhaitant personnaliser leurs discussions. Ce puissant plugin vous permet de cr\u00e9er et de g\u00e9rer des champs personnalis\u00e9s pour vos sujets, garantissant ainsi que chaque discussion soit adapt\u00e9e aux besoins sp\u00e9cifiques de votre communaut\u00e9. Que vous g\u00e9riez un forum de niche ou un forum d&rsquo;assistance professionnelle, WPForo Topic Custom Fields offre la flexibilit\u00e9 et les fonctionnalit\u00e9s n\u00e9cessaires pour optimiser l&rsquo;engagement des utilisateurs.<\/p>\n<p>Avec WPForo Topic Custom Fields, ajoutez facilement des zones de texte, des listes d\u00e9roulantes, des cases \u00e0 cocher et bien plus encore \u00e0 vos sujets. Cette personnalisation am\u00e9liore non seulement l&rsquo;exp\u00e9rience utilisateur, mais simplifie \u00e9galement la collecte d&rsquo;informations et la cat\u00e9gorisation des sujets. Son interface intuitive permet m\u00eame aux utilisateurs non techniques de configurer et de g\u00e9rer facilement les champs personnalis\u00e9s.<\/p>\n<p>De plus, WPForo Topic Custom Fields est enti\u00e8rement compatible avec les derni\u00e8res mises \u00e0 jour de WPForo, assurant une int\u00e9gration parfaite et des performances optimales.<\/p>\n<ul>\n<li>Champs de sujets personnalisables<\/li>\n<li><\/li>\n<li>Prise en charge de diff\u00e9rents types de champs (texte, nombre, date, etc.)<\/li>\n<li>Int\u00e9gration transparente avec le forum WPForo<\/li>\n<li>Gestion et configuration simplifi\u00e9es des champs<\/li>\n<li>Logique conditionnelle pour l&rsquo;affichage des champs<\/li>\n<li>Visibilit\u00e9 des champs selon le r\u00f4le de l&rsquo;utilisateur<\/li>\n<li>Ordre des champs par glisser-d\u00e9poser<\/li>\n<li>Convivialit\u00e9 pour les d\u00e9veloppeurs gr\u00e2ce aux hooks et filtres<\/li>\n<li>Conformit\u00e9 RGPD avec options de protection des donn\u00e9es<\/li>\n<li>Conception adaptative<\/li>\n<\/ul>\n","protected":false},"excerpt":{"rendered":"<p>Champs personnalis\u00e9s de sujets WPForo\u00a0: l\u2019outil id\u00e9al pour optimiser l\u2019exp\u00e9rience utilisateur de votre forum. Int\u00e9grez facilement des champs personnalis\u00e9s \u00e0 chaque sujet pour offrir des informations cibl\u00e9es et une personnalisation accrue. Profitez de fonctionnalit\u00e9s cl\u00e9s telles qu\u2019une configuration simple, une personnalisation flexible et une interaction utilisateur renforc\u00e9e. Parfait pour les administrateurs de forum souhaitant dynamiser les \u00e9changes et fournir des informations pr\u00e9cieuses. Am\u00e9liorez votre forum d\u00e8s aujourd\u2019hui avec les champs personnalis\u00e9s de sujets WPForo et constatez la diff\u00e9rence en termes de satisfaction des utilisateurs et de croissance de la communaut\u00e9.<\/p>\n","protected":false},"featured_media":147037,"comment_status":"open","ping_status":"open","template":"","meta":[],"product_brand":[2784],"product_cat":[1189,1181,1186],"product_tag":[2383],"class_list":{"0":"post-140891","1":"product","2":"type-product","3":"status-publish","4":"has-post-thumbnail","6":"product_brand-gvectors-team","7":"product_cat-personnalisation","8":"product_cat-plugins","9":"product_cat-wordpress-plugins","10":"product_tag-gvectors-team","11":"member-discount","12":"discount-restricted","14":"first","15":"instock","16":"sale","17":"downloadable","18":"virtual","19":"sold-individually","20":"purchasable","21":"product-type-simple"},"_links":{"self":[{"href":"https:\/\/gpl-love.com\/fr\/wp-json\/wp\/v2\/product\/140891","targetHints":{"allow":["GET"]}}],"collection":[{"href":"https:\/\/gpl-love.com\/fr\/wp-json\/wp\/v2\/product"}],"about":[{"href":"https:\/\/gpl-love.com\/fr\/wp-json\/wp\/v2\/types\/product"}],"replies":[{"embeddable":true,"href":"https:\/\/gpl-love.com\/fr\/wp-json\/wp\/v2\/comments?post=140891"}],"wp:featuredmedia":[{"embeddable":true,"href":"https:\/\/gpl-love.com\/fr\/wp-json\/wp\/v2\/media\/147037"}],"wp:attachment":[{"href":"https:\/\/gpl-love.com\/fr\/wp-json\/wp\/v2\/media?parent=140891"}],"wp:term":[{"taxonomy":"product_brand","embeddable":true,"href":"https:\/\/gpl-love.com\/fr\/wp-json\/wp\/v2\/product_brand?post=140891"},{"taxonomy":"product_cat","embeddable":true,"href":"https:\/\/gpl-love.com\/fr\/wp-json\/wp\/v2\/product_cat?post=140891"},{"taxonomy":"product_tag","embeddable":true,"href":"https:\/\/gpl-love.com\/fr\/wp-json\/wp\/v2\/product_tag?post=140891"}],"curies":[{"name":"wp","href":"https:\/\/api.w.org\/{rel}","templated":true}]}}