{"id":140883,"date":"2024-09-16T00:00:00","date_gmt":"2024-09-15T22:00:00","guid":{"rendered":"https:\/\/gpl-love.com\/fr\/produit\/wpforo-user-mentioning\/"},"modified":"2026-03-21T00:03:30","modified_gmt":"2026-03-20T23:03:30","slug":"wpforo-user-mentioning","status":"publish","type":"product","link":"https:\/\/gpl-love.com\/fr\/produit\/wpforo-user-mentioning\/","title":{"rendered":"WPForo User Mentioning 3.3.3"},"content":{"rendered":"<h3>WPForo User Mentioning Traits<\/h3>\n<p>Dynamisez l&rsquo;engagement de votre communaut\u00e9 en ligne gr\u00e2ce \u00e0 la puissante fonctionnalit\u00e9 de mentions d&rsquo;utilisateurs de WPForo. Con\u00e7u pour les forums de toutes tailles, cet outil permet aux utilisateurs de s&rsquo;interpeller facilement dans les discussions, garantissant ainsi qu&rsquo;aucune conversation importante ne passe inaper\u00e7ue.<\/p>\n<p>Les mentions d&rsquo;utilisateurs de WPForo favorisent des \u00e9changes plus \u00e9troits et am\u00e9liorent l&rsquo;exp\u00e9rience utilisateur en envoyant des notifications en temps r\u00e9el \u00e0 chaque mention. Que vous g\u00e9riez un petit forum de niche ou une communaut\u00e9 en ligne dynamique, l&rsquo;int\u00e9gration de cette fonctionnalit\u00e9 peut consid\u00e9rablement augmenter l&rsquo;interaction et la fid\u00e9lisation des utilisateurs.<\/p>\n<p>L&rsquo;installation est un jeu d&rsquo;enfant et, gr\u00e2ce \u00e0 son interface intuitive, m\u00eame les d\u00e9butants peuvent se lancer rapidement. De plus, les mentions d&rsquo;utilisateurs de WPForo s&rsquo;int\u00e8grent parfaitement \u00e0 votre configuration WPForo existante, assurant une transition en douceur et des avantages imm\u00e9diats.<\/p>\n<p>Ne manquez pas cette opportunit\u00e9 de maintenir l&rsquo;engagement et l&rsquo;activit\u00e9 de votre communaut\u00e9. Mettez \u00e0 niveau votre forum d\u00e8s aujourd&rsquo;hui avec les mentions d&rsquo;utilisateurs de WPForo et constatez une explosion de l&rsquo;interaction de vos utilisateurs\u00a0!<\/p>\n<ul>\n<li>Int\u00e9gration transparente avec l&rsquo;extension de forum WPForo<\/li>\n<li>Notifications de mentions en temps r\u00e9el<\/li>\n<li>Suggestions de saisie automatique pour les mentions<\/li>\n<li>D\u00e9clencheur de mention personnalisable (ex.\u00a0: @)<\/li>\n<li>Permissions de mention bas\u00e9es sur les r\u00f4les des utilisateurs<\/li>\n<li>Interaction et engagement des membres am\u00e9lior\u00e9s<\/li>\n<li>Exp\u00e9rience rapide et fluide gr\u00e2ce \u00e0 AJAX<\/li>\n<li>Compatible avec les plateformes mobiles et de bureau<\/li>\n<li>L\u00e9ger, impact minimal sur les performances du site<\/li>\n<li>Installation et configuration faciles via le tableau de bord WordPress<\/li>\n<\/ul>\n","protected":false},"excerpt":{"rendered":"<p>WPForo User Mentioning, l&rsquo;outil id\u00e9al pour dynamiser vos forums\u00a0! Gr\u00e2ce \u00e0 cette fonctionnalit\u00e9 performante, mentionnez et notifiez facilement les utilisateurs, et assurez-vous qu&rsquo;ils restent inform\u00e9s et impliqu\u00e9s. WPForo User Mentioning fluidifie la communication et rend votre forum plus dynamique et interactif. Que vous g\u00e9riez une grande communaut\u00e9 ou un petit groupe, cet outil stimule l&rsquo;engagement des utilisateurs et favorise des \u00e9changes enrichissants. D\u00e9couvrez d\u00e8s aujourd&rsquo;hui les avantages d&rsquo;une mention utilisateur simplifi\u00e9e et transformez votre forum en un espace convivial et dynamique.<\/p>\n","protected":false},"featured_media":147053,"comment_status":"open","ping_status":"open","template":"","meta":[],"product_brand":[2784],"product_cat":[1189,1181,1186],"product_tag":[2383],"class_list":{"0":"post-140883","1":"product","2":"type-product","3":"status-publish","4":"has-post-thumbnail","6":"product_brand-gvectors-team","7":"product_cat-personnalisation","8":"product_cat-plugins","9":"product_cat-wordpress-plugins","10":"product_tag-gvectors-team","11":"member-discount","12":"discount-restricted","14":"first","15":"instock","16":"sale","17":"downloadable","18":"virtual","19":"sold-individually","20":"purchasable","21":"product-type-simple"},"_links":{"self":[{"href":"https:\/\/gpl-love.com\/fr\/wp-json\/wp\/v2\/product\/140883","targetHints":{"allow":["GET"]}}],"collection":[{"href":"https:\/\/gpl-love.com\/fr\/wp-json\/wp\/v2\/product"}],"about":[{"href":"https:\/\/gpl-love.com\/fr\/wp-json\/wp\/v2\/types\/product"}],"replies":[{"embeddable":true,"href":"https:\/\/gpl-love.com\/fr\/wp-json\/wp\/v2\/comments?post=140883"}],"wp:featuredmedia":[{"embeddable":true,"href":"https:\/\/gpl-love.com\/fr\/wp-json\/wp\/v2\/media\/147053"}],"wp:attachment":[{"href":"https:\/\/gpl-love.com\/fr\/wp-json\/wp\/v2\/media?parent=140883"}],"wp:term":[{"taxonomy":"product_brand","embeddable":true,"href":"https:\/\/gpl-love.com\/fr\/wp-json\/wp\/v2\/product_brand?post=140883"},{"taxonomy":"product_cat","embeddable":true,"href":"https:\/\/gpl-love.com\/fr\/wp-json\/wp\/v2\/product_cat?post=140883"},{"taxonomy":"product_tag","embeddable":true,"href":"https:\/\/gpl-love.com\/fr\/wp-json\/wp\/v2\/product_tag?post=140883"}],"curies":[{"name":"wp","href":"https:\/\/api.w.org\/{rel}","templated":true}]}}