{"id":140882,"date":"2024-09-16T00:00:00","date_gmt":"2024-09-15T22:00:00","guid":{"rendered":"https:\/\/gpl-love.com\/fr\/produit\/wpforo-ads-manager\/"},"modified":"2026-03-21T00:03:30","modified_gmt":"2026-03-20T23:03:30","slug":"wpforo-ads-manager","status":"publish","type":"product","link":"https:\/\/gpl-love.com\/fr\/produit\/wpforo-ads-manager\/","title":{"rendered":"WPForo Ads Manager 3.0.3"},"content":{"rendered":"<h3>WPForo Ads Manager Traits<\/h3>\n<p>Am\u00e9liorez l&rsquo;exp\u00e9rience de votre communaut\u00e9 en ligne gr\u00e2ce au Gestionnaire de publicit\u00e9s WPForo\u00a0! Cet outil performant s&rsquo;int\u00e8gre parfaitement \u00e0 votre forum WPForo et vous offre une solution simple et efficace pour g\u00e9rer vos publicit\u00e9s. Que vous souhaitiez mon\u00e9tiser votre forum ou promouvoir votre contenu interne, le Gestionnaire de publicit\u00e9s WPForo propose une interface intuitive qui vous permet de cr\u00e9er, diffuser et suivre vos publicit\u00e9s en toute simplicit\u00e9.<\/p>\n<ul>\n<li>Int\u00e9gration fluide avec WPForo<\/li>\n<li>Interface conviviale<\/li>\n<li>Emplacements publicitaires personnalisables<\/li>\n<li>Options de planification des annonces<\/li>\n<li>Statistiques et rapports en temps r\u00e9el<\/li>\n<li>Prise en charge de plusieurs formats publicitaires<\/li>\n<li>Fonctionnalit\u00e9s de g\u00e9ociblage<\/li>\n<li>Conception adapt\u00e9e aux mobiles<\/li>\n<li>Gestion et mod\u00e9ration simplifi\u00e9es des annonces<\/li>\n<li>Outils de mon\u00e9tisation pour les administrateurs de forums<\/li>\n<\/ul>\n","protected":false},"excerpt":{"rendered":"<p>WPForo Ads Manager, la solution id\u00e9ale pour g\u00e9rer les publicit\u00e9s sur votre forum\u00a0! Ce puissant plugin s&rsquo;int\u00e8gre parfaitement \u00e0 WPForo, vous permettant d&rsquo;afficher facilement diff\u00e9rents formats publicitaires et d&rsquo;augmenter vos revenus. Gr\u00e2ce \u00e0 son interface intuitive, ses analyses d\u00e9taill\u00e9es et ses options de ciblage avanc\u00e9es, WPForo Ads Manager garantit que vos publicit\u00e9s atteignent la bonne audience. Optimisez d\u00e8s aujourd&rsquo;hui le potentiel de mon\u00e9tisation de votre forum avec WPForo Ads Manager et profitez d&rsquo;une gestion publicitaire simplifi\u00e9e et efficace, con\u00e7ue pour attirer et informer vos clients potentiels.<\/p>\n","protected":false},"featured_media":147052,"comment_status":"open","ping_status":"open","template":"","meta":[],"product_brand":[2784],"product_cat":[1189,1181,1186],"product_tag":[2383],"class_list":{"0":"post-140882","1":"product","2":"type-product","3":"status-publish","4":"has-post-thumbnail","6":"product_brand-gvectors-team","7":"product_cat-personnalisation","8":"product_cat-plugins","9":"product_cat-wordpress-plugins","10":"product_tag-gvectors-team","11":"member-discount","12":"discount-restricted","14":"first","15":"instock","16":"sale","17":"downloadable","18":"virtual","19":"sold-individually","20":"purchasable","21":"product-type-simple"},"_links":{"self":[{"href":"https:\/\/gpl-love.com\/fr\/wp-json\/wp\/v2\/product\/140882","targetHints":{"allow":["GET"]}}],"collection":[{"href":"https:\/\/gpl-love.com\/fr\/wp-json\/wp\/v2\/product"}],"about":[{"href":"https:\/\/gpl-love.com\/fr\/wp-json\/wp\/v2\/types\/product"}],"replies":[{"embeddable":true,"href":"https:\/\/gpl-love.com\/fr\/wp-json\/wp\/v2\/comments?post=140882"}],"wp:featuredmedia":[{"embeddable":true,"href":"https:\/\/gpl-love.com\/fr\/wp-json\/wp\/v2\/media\/147052"}],"wp:attachment":[{"href":"https:\/\/gpl-love.com\/fr\/wp-json\/wp\/v2\/media?parent=140882"}],"wp:term":[{"taxonomy":"product_brand","embeddable":true,"href":"https:\/\/gpl-love.com\/fr\/wp-json\/wp\/v2\/product_brand?post=140882"},{"taxonomy":"product_cat","embeddable":true,"href":"https:\/\/gpl-love.com\/fr\/wp-json\/wp\/v2\/product_cat?post=140882"},{"taxonomy":"product_tag","embeddable":true,"href":"https:\/\/gpl-love.com\/fr\/wp-json\/wp\/v2\/product_tag?post=140882"}],"curies":[{"name":"wp","href":"https:\/\/api.w.org\/{rel}","templated":true}]}}