{"id":140880,"date":"2024-11-23T00:00:00","date_gmt":"2024-11-22T23:00:00","guid":{"rendered":"https:\/\/gpl-love.com\/fr\/produit\/wpforo-blog-cross-posting\/"},"modified":"2026-04-04T18:33:32","modified_gmt":"2026-04-04T16:33:32","slug":"wpforo-blog-cross-posting","status":"publish","type":"product","link":"https:\/\/gpl-love.com\/fr\/produit\/wpforo-blog-cross-posting\/","title":{"rendered":"WPForo Blog Cross Posting 3.1.1"},"content":{"rendered":"<h3>WPForo Blog Cross Posting Traits<\/h3>\n<p>WPForo Blog Cross Posting, l&rsquo;outil id\u00e9al pour optimiser la diffusion de votre contenu et booster votre pr\u00e9sence en ligne\u00a0! Ce puissant plugin vous permet de partager facilement vos articles de blog sur plusieurs plateformes, maximisant ainsi votre port\u00e9e et l&rsquo;engagement de votre audience. Que vous soyez un blogueur exp\u00e9riment\u00e9 ou un entrepreneur, WPForo Blog Cross Posting vous fera gagner du temps et vous aidera \u00e0 d\u00e9velopper votre audience.<\/p>\n<p>Avec WPForo Blog Cross Posting, publiez automatiquement vos articles sur diff\u00e9rents r\u00e9seaux sociaux, tels que Facebook, Twitter, LinkedIn et bien d&rsquo;autres, pour garantir \u00e0 votre contenu la visibilit\u00e9 qu&rsquo;il m\u00e9rite. Son interface intuitive simplifie la configuration, et ses param\u00e8tres personnalisables vous permettent d&rsquo;adapter votre strat\u00e9gie de publication crois\u00e9e \u00e0 vos besoins sp\u00e9cifiques.<\/p>\n<p>WPForo Blog Cross Posting am\u00e9liore non seulement vos efforts de marketing de contenu, mais aussi le r\u00e9f\u00e9rencement naturel de votre site en g\u00e9n\u00e9rant davantage de liens entrants et en attirant du trafic de sources vari\u00e9es. De plus, gr\u00e2ce aux analyses en temps r\u00e9el, suivez les performances de vos publications et optimisez votre strat\u00e9gie pour des r\u00e9sultats encore meilleurs.<\/p>\n<ul>\n<li>Int\u00e9gration fluide avec WordPress et WPForo<\/li>\n<li><\/li>\n<li>Publication crois\u00e9e automatique des articles de blog vers les forums<\/li>\n<li>Mod\u00e8les de publications personnalisables pour les forums<\/li>\n<li>Prise en charge de plusieurs cat\u00e9gories de blog et forums<\/li>\n<li>Interface conviviale et configuration facile<\/li>\n<li>Conservation de la mise en forme et des images d&rsquo;origine<\/li>\n<li>Synchronisation des commentaires entre les articles de blog et les forums<\/li>\n<li>Possibilit\u00e9 de publication crois\u00e9e manuelle ou automatique<\/li>\n<li>Compatible avec les th\u00e8mes et extensions WordPress les plus populaires<\/li>\n<li>Mises \u00e0 jour r\u00e9guli\u00e8res et assistance d\u00e9di\u00e9e<\/li>\n<\/ul>\n","protected":false},"excerpt":{"rendered":"<p>WPForo Blog Cross Posting : la solution id\u00e9ale pour un partage de contenu simplifi\u00e9 ! Diffusez vos articles de blog sur plusieurs plateformes en un clic. Boostez votre pr\u00e9sence en ligne, g\u00e9n\u00e9rez plus de trafic et touchez un public plus large. Notre interface intuitive garantit un partage fluide et efficace, vous faisant gagner du temps et de l&rsquo;\u00e9nergie. Parfait pour les blogueurs, les sp\u00e9cialistes du marketing et les entreprises souhaitant optimiser leur port\u00e9e et leur impact. Am\u00e9liorez votre strat\u00e9gie de contenu d\u00e8s aujourd&rsquo;hui avec WPForo Blog Cross Posting et profitez d&rsquo;une visibilit\u00e9 et d&rsquo;un engagement accrus.<\/p>\n","protected":false},"featured_media":147050,"comment_status":"open","ping_status":"open","template":"","meta":[],"product_brand":[2784],"product_cat":[1189,1181,1186],"product_tag":[2383],"class_list":{"0":"post-140880","1":"product","2":"type-product","3":"status-publish","4":"has-post-thumbnail","6":"product_brand-gvectors-team","7":"product_cat-personnalisation","8":"product_cat-plugins","9":"product_cat-wordpress-plugins","10":"product_tag-gvectors-team","11":"member-discount","12":"discount-restricted","14":"first","15":"instock","16":"sale","17":"downloadable","18":"virtual","19":"sold-individually","20":"purchasable","21":"product-type-simple"},"_links":{"self":[{"href":"https:\/\/gpl-love.com\/fr\/wp-json\/wp\/v2\/product\/140880","targetHints":{"allow":["GET"]}}],"collection":[{"href":"https:\/\/gpl-love.com\/fr\/wp-json\/wp\/v2\/product"}],"about":[{"href":"https:\/\/gpl-love.com\/fr\/wp-json\/wp\/v2\/types\/product"}],"replies":[{"embeddable":true,"href":"https:\/\/gpl-love.com\/fr\/wp-json\/wp\/v2\/comments?post=140880"}],"wp:featuredmedia":[{"embeddable":true,"href":"https:\/\/gpl-love.com\/fr\/wp-json\/wp\/v2\/media\/147050"}],"wp:attachment":[{"href":"https:\/\/gpl-love.com\/fr\/wp-json\/wp\/v2\/media?parent=140880"}],"wp:term":[{"taxonomy":"product_brand","embeddable":true,"href":"https:\/\/gpl-love.com\/fr\/wp-json\/wp\/v2\/product_brand?post=140880"},{"taxonomy":"product_cat","embeddable":true,"href":"https:\/\/gpl-love.com\/fr\/wp-json\/wp\/v2\/product_cat?post=140880"},{"taxonomy":"product_tag","embeddable":true,"href":"https:\/\/gpl-love.com\/fr\/wp-json\/wp\/v2\/product_tag?post=140880"}],"curies":[{"name":"wp","href":"https:\/\/api.w.org\/{rel}","templated":true}]}}