{"id":140878,"date":"2024-09-16T00:00:00","date_gmt":"2024-09-15T22:00:00","guid":{"rendered":"https:\/\/gpl-love.com\/fr\/produit\/wpforo-memberpress\/"},"modified":"2026-03-21T00:03:26","modified_gmt":"2026-03-20T23:03:26","slug":"wpforo-memberpress","status":"publish","type":"product","link":"https:\/\/gpl-love.com\/fr\/produit\/wpforo-memberpress\/","title":{"rendered":"WPForo MemberPress 1.1.0"},"content":{"rendered":"<h3>WPForo MemberPress Traits<\/h3>\n<p>Lib\u00e9rez tout le potentiel de votre communaut\u00e9 en ligne avec WPForo et MemberPress ! WPForo, l&rsquo;extension de forum communautaire leader pour WordPress, s&rsquo;int\u00e8gre parfaitement \u00e0 MemberPress, l&rsquo;extension d&rsquo;adh\u00e9sion de r\u00e9f\u00e9rence, pour une exp\u00e9rience utilisateur puissante et intuitive. Avec WPForo, cr\u00e9ez des forums dynamiques et captivants qui fid\u00e9lisent vos membres. Int\u00e9grez MemberPress pour g\u00e9rer les adh\u00e9sions en toute simplicit\u00e9 et offrez du contenu exclusif et des fonctionnalit\u00e9s premium \u00e0 vos utilisateurs les plus engag\u00e9s.<\/p>\n<p>Les fonctionnalit\u00e9s robustes de WPForo incluent des mises en page personnalisables, des outils de mod\u00e9ration avanc\u00e9s et des mises \u00e0 jour en temps r\u00e9el, garantissant un forum dynamique et interactif. Associez-le \u00e0 MemberPress et contr\u00f4lez facilement l&rsquo;acc\u00e8s aux diff\u00e9rentes sections du forum en fonction du niveau d&rsquo;adh\u00e9sion, boostez l&rsquo;engagement et mon\u00e9tisez votre contenu.<\/p>\n<p>Que vous g\u00e9riez une petite communaut\u00e9 ou un grand r\u00e9seau, WPForo et MemberPress vous fournissent les outils n\u00e9cessaires \u00e0 votre r\u00e9ussite. Am\u00e9liorez l&rsquo;exp\u00e9rience de vos membres.<\/p>\n<ul>\n<li>Int\u00e9gration fluide avec WPForo et MemberPress<\/li>\n<li><\/li>\n<li>Syst\u00e8me unifi\u00e9 d&rsquo;inscription et de connexion des utilisateurs<\/li>\n<li>Synchronisation des profils utilisateurs entre les deux plateformes<\/li>\n<li>Prise en charge des r\u00f4les et permissions personnalis\u00e9s<\/li>\n<li>Acc\u00e8s automatique au forum selon le niveau d&rsquo;abonnement<\/li>\n<li>S\u00e9curit\u00e9 renforc\u00e9e gr\u00e2ce \u00e0 l&rsquo;authentification unique (SSO)<\/li>\n<li>Badges et titres personnalisables pour les membres<\/li>\n<li>Passerelles de paiement int\u00e9gr\u00e9es pour les cotisations<\/li>\n<li>Analyses d\u00e9taill\u00e9es de l&rsquo;activit\u00e9 et de l&rsquo;engagement des membres<\/li>\n<li>Design adaptatif et optimis\u00e9 pour les mobiles<\/li>\n<\/ul>\n","protected":false},"excerpt":{"rendered":"<p>WPForo MemberPress, la solution id\u00e9ale pour cr\u00e9er une communaut\u00e9 en ligne dynamique et g\u00e9rer les adh\u00e9sions en toute simplicit\u00e9. Avec WPForo, cr\u00e9ez des forums captivants qui fid\u00e9lisent votre audience, tandis que MemberPress vous offre des outils performants pour contr\u00f4ler l&rsquo;acc\u00e8s et mon\u00e9tiser votre contenu. Cette int\u00e9gration fluide garantit une exp\u00e9rience utilisateur optimale et vous fournit toutes les fonctionnalit\u00e9s n\u00e9cessaires pour attirer et fid\u00e9liser vos membres. Optimisez votre site web avec WPForo MemberPress et voyez votre communaut\u00e9 s&rsquo;\u00e9panouir\u00a0!<\/p>\n","protected":false},"featured_media":147048,"comment_status":"open","ping_status":"open","template":"","meta":[],"product_brand":[2784],"product_cat":[1189,1181,1186],"product_tag":[2383],"class_list":{"0":"post-140878","1":"product","2":"type-product","3":"status-publish","4":"has-post-thumbnail","6":"product_brand-gvectors-team","7":"product_cat-personnalisation","8":"product_cat-plugins","9":"product_cat-wordpress-plugins","10":"product_tag-gvectors-team","11":"member-discount","12":"discount-restricted","14":"first","15":"instock","16":"sale","17":"downloadable","18":"virtual","19":"sold-individually","20":"purchasable","21":"product-type-simple"},"_links":{"self":[{"href":"https:\/\/gpl-love.com\/fr\/wp-json\/wp\/v2\/product\/140878","targetHints":{"allow":["GET"]}}],"collection":[{"href":"https:\/\/gpl-love.com\/fr\/wp-json\/wp\/v2\/product"}],"about":[{"href":"https:\/\/gpl-love.com\/fr\/wp-json\/wp\/v2\/types\/product"}],"replies":[{"embeddable":true,"href":"https:\/\/gpl-love.com\/fr\/wp-json\/wp\/v2\/comments?post=140878"}],"wp:featuredmedia":[{"embeddable":true,"href":"https:\/\/gpl-love.com\/fr\/wp-json\/wp\/v2\/media\/147048"}],"wp:attachment":[{"href":"https:\/\/gpl-love.com\/fr\/wp-json\/wp\/v2\/media?parent=140878"}],"wp:term":[{"taxonomy":"product_brand","embeddable":true,"href":"https:\/\/gpl-love.com\/fr\/wp-json\/wp\/v2\/product_brand?post=140878"},{"taxonomy":"product_cat","embeddable":true,"href":"https:\/\/gpl-love.com\/fr\/wp-json\/wp\/v2\/product_cat?post=140878"},{"taxonomy":"product_tag","embeddable":true,"href":"https:\/\/gpl-love.com\/fr\/wp-json\/wp\/v2\/product_tag?post=140878"}],"curies":[{"name":"wp","href":"https:\/\/api.w.org\/{rel}","templated":true}]}}