{"id":140877,"date":"2024-09-16T00:00:00","date_gmt":"2024-09-15T22:00:00","guid":{"rendered":"https:\/\/gpl-love.com\/fr\/produit\/wpforo-groups\/"},"modified":"2026-03-21T00:03:25","modified_gmt":"2026-03-20T23:03:25","slug":"wpforo-groups","status":"publish","type":"product","link":"https:\/\/gpl-love.com\/fr\/produit\/wpforo-groups\/","title":{"rendered":"WPForo Groups 1.1.0"},"content":{"rendered":"<h3>WPForo Groups Traits<\/h3>\n<p>D\u00e9couvrez le plugin WPForo Groups ultime\u00a0! Transformez votre communaut\u00e9 en ligne d\u00e8s aujourd&rsquo;hui\u00a0!<\/p>\n<p>Am\u00e9liorez l&rsquo;exp\u00e9rience de votre forum en ligne gr\u00e2ce au plugin WPForo Groups, con\u00e7u pour optimiser l&rsquo;interaction et l&rsquo;engagement des utilisateurs. Cet outil puissant vous permet de cr\u00e9er et de g\u00e9rer des groupes dynamiques au sein de votre forum WPForo, favorisant ainsi un sentiment d&rsquo;appartenance et de collaboration entre vos membres.<\/p>\n<ul>\n<li>Fonctionnalit\u00e9s am\u00e9lior\u00e9es de gestion de groupes<\/li>\n<li>Param\u00e8tres de confidentialit\u00e9 personnalisables<\/li>\n<li>Interface conviviale pour la cr\u00e9ation et la gestion de groupes<\/li>\n<li>Int\u00e9gration fluide avec WordPress<\/li>\n<li>Param\u00e8tres avanc\u00e9s pour les r\u00f4les et les permissions des membres<\/li>\n<li>Notifications en temps r\u00e9el pour les activit\u00e9s du groupe<\/li>\n<li>Prise en charge du partage multim\u00e9dia au sein des groupes<\/li>\n<li>Cat\u00e9gorisation et \u00e9tiquetage flexibles des groupes<\/li>\n<li>Fonctionnalit\u00e9 de recherche int\u00e9gr\u00e9e<\/li>\n<li>Conception adaptative pour un acc\u00e8s mobile et ordinateur<\/li>\n<\/ul>\n","protected":false},"excerpt":{"rendered":"<p>Vivez une exp\u00e9rience communautaire fluide avec WPForo Groups\u00a0! Notre extension intuitive enrichit vos forums WordPress gr\u00e2ce \u00e0 des fonctionnalit\u00e9s de groupe dynamiques. Cr\u00e9ez, g\u00e9rez et animez facilement des groupes d\u2019utilisateurs pour une communaut\u00e9 en ligne plus vivante et connect\u00e9e. WPForo Groups offre de nombreuses options de personnalisation, garantissant que chaque groupe r\u00e9ponde parfaitement aux besoins de votre communaut\u00e9. Stimulez l\u2019engagement des utilisateurs gr\u00e2ce \u00e0 des fonctionnalit\u00e9s telles que les discussions de groupe, les r\u00f4les des membres et la messagerie directe. Id\u00e9al pour les entreprises, les enseignants et les passionn\u00e9s, WPForo Groups transforme vos forums en communaut\u00e9s interactives. D\u00e9couvrez la puissance de WPForo Groups d\u00e8s aujourd\u2019hui et donnez une nouvelle dimension \u00e0 vos interactions en ligne\u00a0!<\/p>\n","protected":false},"featured_media":147047,"comment_status":"open","ping_status":"open","template":"","meta":[],"product_brand":[2784],"product_cat":[1189,1181,1186],"product_tag":[2383],"class_list":{"0":"post-140877","1":"product","2":"type-product","3":"status-publish","4":"has-post-thumbnail","6":"product_brand-gvectors-team","7":"product_cat-personnalisation","8":"product_cat-plugins","9":"product_cat-wordpress-plugins","10":"product_tag-gvectors-team","11":"member-discount","12":"discount-restricted","14":"first","15":"instock","16":"sale","17":"downloadable","18":"virtual","19":"sold-individually","20":"purchasable","21":"product-type-simple"},"_links":{"self":[{"href":"https:\/\/gpl-love.com\/fr\/wp-json\/wp\/v2\/product\/140877","targetHints":{"allow":["GET"]}}],"collection":[{"href":"https:\/\/gpl-love.com\/fr\/wp-json\/wp\/v2\/product"}],"about":[{"href":"https:\/\/gpl-love.com\/fr\/wp-json\/wp\/v2\/types\/product"}],"replies":[{"embeddable":true,"href":"https:\/\/gpl-love.com\/fr\/wp-json\/wp\/v2\/comments?post=140877"}],"wp:featuredmedia":[{"embeddable":true,"href":"https:\/\/gpl-love.com\/fr\/wp-json\/wp\/v2\/media\/147047"}],"wp:attachment":[{"href":"https:\/\/gpl-love.com\/fr\/wp-json\/wp\/v2\/media?parent=140877"}],"wp:term":[{"taxonomy":"product_brand","embeddable":true,"href":"https:\/\/gpl-love.com\/fr\/wp-json\/wp\/v2\/product_brand?post=140877"},{"taxonomy":"product_cat","embeddable":true,"href":"https:\/\/gpl-love.com\/fr\/wp-json\/wp\/v2\/product_cat?post=140877"},{"taxonomy":"product_tag","embeddable":true,"href":"https:\/\/gpl-love.com\/fr\/wp-json\/wp\/v2\/product_tag?post=140877"}],"curies":[{"name":"wp","href":"https:\/\/api.w.org\/{rel}","templated":true}]}}