{"id":140876,"date":"2024-09-16T00:00:00","date_gmt":"2024-09-15T22:00:00","guid":{"rendered":"https:\/\/gpl-love.com\/fr\/produit\/wpforo-giphy\/"},"modified":"2026-03-21T00:03:25","modified_gmt":"2026-03-20T23:03:25","slug":"wpforo-giphy","status":"publish","type":"product","link":"https:\/\/gpl-love.com\/fr\/produit\/wpforo-giphy\/","title":{"rendered":"WPForo Giphy 3.0.1"},"content":{"rendered":"<h3>WPForo Giphy Traits<\/h3>\n<p>Transformez votre communaut\u00e9 en ligne avec WPForo, l&rsquo;extension de forum ultime pour WordPress. WPForo s&rsquo;int\u00e8gre parfaitement \u00e0 Giphy, permettant \u00e0 vos utilisateurs de s&rsquo;exprimer plus facilement que jamais gr\u00e2ce aux GIF anim\u00e9s. Avec son design intuitif et ses fonctionnalit\u00e9s robustes, WPForo vous permet de cr\u00e9er un forum dynamique et interactif qui maintient votre communaut\u00e9 active et connect\u00e9e.<\/p>\n<p>Enrichissez vos discussions en y ajoutant une touche de fun et de cr\u00e9ativit\u00e9 gr\u00e2ce \u00e0 la vaste biblioth\u00e8que de GIF de Giphy. Que vous g\u00e9riez un forum d&rsquo;assistance technique, une communaut\u00e9 de passionn\u00e9s ou un fan club, WPForo et Giphy simplifient le partage visuel d&rsquo;\u00e9motions, de r\u00e9actions et d&rsquo;id\u00e9es.<\/p>\n<p>Le design responsive de WPForo garantit une exp\u00e9rience optimale sur tous les appareils, tandis que ses param\u00e8tres personnalisables vous permettent d&rsquo;adapter le forum \u00e0 vos besoins sp\u00e9cifiques. De plus, les puissants outils de mod\u00e9ration de WPForo assurent la s\u00e9curit\u00e9 et l&rsquo;organisation de votre communaut\u00e9.<\/p>\n<p>Boostez l&rsquo;engagement et l&rsquo;interaction des utilisateurs de votre forum avec WPForo et Giphy. Commencez d\u00e8s maintenant \u00e0 cr\u00e9er la communaut\u00e9 en ligne de vos r\u00eaves.<\/p>\n<ul>\n<li>Int\u00e9gration fluide avec les forums WPForo<\/li>\n<li>Acc\u00e8s \u00e0 une vaste biblioth\u00e8que de GIF anim\u00e9s Giphy<\/li>\n<li>Fonctionnalit\u00e9 de recherche intuitive directement dans les messages du forum<\/li>\n<li>Insertion de GIF en temps r\u00e9el pour une interaction utilisateur am\u00e9lior\u00e9e<\/li>\n<li>Conception adaptative pour appareils mobiles et ordinateurs<\/li>\n<li>Param\u00e8tres personnalisables pour une esth\u00e9tique harmonieuse<\/li>\n<li>L\u00e9ger et rapide pour des performances optimales<\/li>\n<li>Prise en charge de plusieurs langues pour les utilisateurs du monde entier<\/li>\n<li>Mises \u00e0 jour et am\u00e9liorations r\u00e9guli\u00e8res<\/li>\n<li>Compatible avec les principaux th\u00e8mes et extensions WordPress<\/li>\n<\/ul>\n","protected":false},"excerpt":{"rendered":"<p>WPForo, l&rsquo;extension de forum ultime pour WordPress\u00a0! Am\u00e9liorez votre site web gr\u00e2ce \u00e0 une int\u00e9gration fluide et une interaction utilisateur dynamique. WPForo offre des fonctionnalit\u00e9s robustes, notamment des mises en page personnalisables, des profils de membres avanc\u00e9s et de puissants outils de mod\u00e9ration. Avec l&rsquo;int\u00e9gration de Giphy, animez vos discussions en y ajoutant des GIF amusants et pertinents. Id\u00e9al pour cr\u00e9er une communaut\u00e9 en ligne dynamique, WPForo garantit un forum convivial et optimis\u00e9 pour le r\u00e9f\u00e9rencement (SEO). Attirez et informez vos clients potentiels gr\u00e2ce \u00e0 cette solution compl\u00e8te et riche en fonctionnalit\u00e9s, con\u00e7ue pour am\u00e9liorer l&rsquo;interactivit\u00e9 et l&rsquo;exp\u00e9rience utilisateur de votre site web.<\/p>\n","protected":false},"featured_media":147046,"comment_status":"open","ping_status":"open","template":"","meta":[],"product_brand":[2784],"product_cat":[1189,1181,1186],"product_tag":[2383],"class_list":{"0":"post-140876","1":"product","2":"type-product","3":"status-publish","4":"has-post-thumbnail","6":"product_brand-gvectors-team","7":"product_cat-personnalisation","8":"product_cat-plugins","9":"product_cat-wordpress-plugins","10":"product_tag-gvectors-team","11":"member-discount","12":"discount-restricted","14":"first","15":"instock","16":"sale","17":"downloadable","18":"virtual","19":"sold-individually","20":"purchasable","21":"product-type-simple"},"_links":{"self":[{"href":"https:\/\/gpl-love.com\/fr\/wp-json\/wp\/v2\/product\/140876","targetHints":{"allow":["GET"]}}],"collection":[{"href":"https:\/\/gpl-love.com\/fr\/wp-json\/wp\/v2\/product"}],"about":[{"href":"https:\/\/gpl-love.com\/fr\/wp-json\/wp\/v2\/types\/product"}],"replies":[{"embeddable":true,"href":"https:\/\/gpl-love.com\/fr\/wp-json\/wp\/v2\/comments?post=140876"}],"wp:featuredmedia":[{"embeddable":true,"href":"https:\/\/gpl-love.com\/fr\/wp-json\/wp\/v2\/media\/147046"}],"wp:attachment":[{"href":"https:\/\/gpl-love.com\/fr\/wp-json\/wp\/v2\/media?parent=140876"}],"wp:term":[{"taxonomy":"product_brand","embeddable":true,"href":"https:\/\/gpl-love.com\/fr\/wp-json\/wp\/v2\/product_brand?post=140876"},{"taxonomy":"product_cat","embeddable":true,"href":"https:\/\/gpl-love.com\/fr\/wp-json\/wp\/v2\/product_cat?post=140876"},{"taxonomy":"product_tag","embeddable":true,"href":"https:\/\/gpl-love.com\/fr\/wp-json\/wp\/v2\/product_tag?post=140876"}],"curies":[{"name":"wp","href":"https:\/\/api.w.org\/{rel}","templated":true}]}}