{"id":140873,"date":"2024-09-16T00:00:00","date_gmt":"2024-09-15T22:00:00","guid":{"rendered":"https:\/\/gpl-love.com\/fr\/produit\/wpforo-voice-posting\/"},"modified":"2026-04-18T06:33:59","modified_gmt":"2026-04-18T04:33:59","slug":"wpforo-voice-posting","status":"publish","type":"product","link":"https:\/\/gpl-love.com\/fr\/produit\/wpforo-voice-posting\/","title":{"rendered":"WPForo Voice Posting 3.0.0"},"content":{"rendered":"<h3>WPForo Voice Posting Traits<\/h3>\n<p>D\u00e9couvrez WPForo Voice Posting, la solution id\u00e9ale pour des discussions communautaires interactives et captivantes\u00a0! Am\u00e9liorez l&rsquo;exp\u00e9rience de votre forum gr\u00e2ce \u00e0 notre fonctionnalit\u00e9 innovante de publication vocale, parfaitement int\u00e9gr\u00e9e au plugin WPForo.<\/p>\n<p>Avec WPForo Voice Posting, les membres peuvent partager leurs pens\u00e9es et leurs id\u00e9es facilement, en utilisant leur voix naturelle. Cet outil de pointe transforme les forums textuels traditionnels en y ajoutant une touche personnelle, pour des conversations plus dynamiques et authentiques. Parfait pour ceux qui pr\u00e9f\u00e8rent parler plut\u00f4t qu&rsquo;\u00e9crire, il encourage la participation active et renforce le sentiment d&rsquo;appartenance \u00e0 la communaut\u00e9.<\/p>\n<p>Ses principales fonctionnalit\u00e9s incluent un enregistrement audio de haute qualit\u00e9, des options de lecture simples et une compatibilit\u00e9 avec tous les principaux appareils. Que vous soyez en d\u00e9placement ou \u00e0 votre ordinateur, WPForo Voice Posting garantit une transmission claire et nette de votre voix.<\/p>\n<p>Boostez l&rsquo;engagement sur votre forum, am\u00e9liorez l&rsquo;interaction entre les utilisateurs et cr\u00e9ez une exp\u00e9rience plus immersive gr\u00e2ce \u00e0 WPForo Voice Posting. Id\u00e9ale pour les forums \u00e9ducatifs, les communaut\u00e9s d&rsquo;entraide et les groupes sociaux, cette fonctionnalit\u00e9 est con\u00e7ue pour rendre les discussions en ligne plus accessibles et agr\u00e9ables pour tous.<\/p>\n<ul>\n<li>Enregistrement vocal en temps r\u00e9el<\/li>\n<li>Int\u00e9gration facile aux forums WPForo<\/li>\n<li>Prise en charge audio haute qualit\u00e9<\/li>\n<li>Longueur des messages vocaux personnalisable<\/li>\n<li>Interface conviviale<\/li>\n<li>Compatibilit\u00e9 multiplateforme<\/li>\n<li>Donn\u00e9es vocales s\u00e9curis\u00e9es et chiffr\u00e9es<\/li>\n<li>Prise en charge de plusieurs langues<\/li>\n<li>Contr\u00f4le de la vitesse de lecture<\/li>\n<li>Conception optimis\u00e9e pour les mobiles<\/li>\n<\/ul>\n","protected":false},"excerpt":{"rendered":"<p>WPForo Voice Posting, la solution id\u00e9ale pour une int\u00e9gration vocale fluide dans vos forums. Am\u00e9liorez l&rsquo;interaction des utilisateurs gr\u00e2ce aux messages vocaux en temps r\u00e9el, pour des discussions plus dynamiques et captivantes. Notre plugin est facile \u00e0 installer et garantit une configuration sans accroc. Parfait pour les forums communautaires et les groupes d&rsquo;assistance, WPForo Voice Posting renforce l&rsquo;engagement et l&rsquo;accessibilit\u00e9 des utilisateurs, leur permettant de s&rsquo;exprimer facilement. D\u00e9couvrez le futur de la communication sur les forums avec WPForo Voice Posting\u00a0: chaque voix compte.<\/p>\n","protected":false},"featured_media":147034,"comment_status":"open","ping_status":"open","template":"","meta":[],"product_brand":[2784],"product_cat":[1189,1181,1186],"product_tag":[2383],"class_list":{"0":"post-140873","1":"product","2":"type-product","3":"status-publish","4":"has-post-thumbnail","6":"product_brand-gvectors-team","7":"product_cat-personnalisation","8":"product_cat-plugins","9":"product_cat-wordpress-plugins","10":"product_tag-gvectors-team","11":"member-discount","12":"discount-restricted","14":"first","15":"instock","16":"sale","17":"downloadable","18":"virtual","19":"sold-individually","20":"purchasable","21":"product-type-simple"},"_links":{"self":[{"href":"https:\/\/gpl-love.com\/fr\/wp-json\/wp\/v2\/product\/140873","targetHints":{"allow":["GET"]}}],"collection":[{"href":"https:\/\/gpl-love.com\/fr\/wp-json\/wp\/v2\/product"}],"about":[{"href":"https:\/\/gpl-love.com\/fr\/wp-json\/wp\/v2\/types\/product"}],"replies":[{"embeddable":true,"href":"https:\/\/gpl-love.com\/fr\/wp-json\/wp\/v2\/comments?post=140873"}],"wp:featuredmedia":[{"embeddable":true,"href":"https:\/\/gpl-love.com\/fr\/wp-json\/wp\/v2\/media\/147034"}],"wp:attachment":[{"href":"https:\/\/gpl-love.com\/fr\/wp-json\/wp\/v2\/media?parent=140873"}],"wp:term":[{"taxonomy":"product_brand","embeddable":true,"href":"https:\/\/gpl-love.com\/fr\/wp-json\/wp\/v2\/product_brand?post=140873"},{"taxonomy":"product_cat","embeddable":true,"href":"https:\/\/gpl-love.com\/fr\/wp-json\/wp\/v2\/product_cat?post=140873"},{"taxonomy":"product_tag","embeddable":true,"href":"https:\/\/gpl-love.com\/fr\/wp-json\/wp\/v2\/product_tag?post=140873"}],"curies":[{"name":"wp","href":"https:\/\/api.w.org\/{rel}","templated":true}]}}