{"id":140872,"date":"2024-09-16T00:00:00","date_gmt":"2024-09-15T22:00:00","guid":{"rendered":"https:\/\/gpl-love.com\/fr\/produit\/wpforo-woocommerce-memberships\/"},"modified":"2026-04-24T12:33:45","modified_gmt":"2026-04-24T10:33:45","slug":"wpforo-woocommerce-memberships","status":"publish","type":"product","link":"https:\/\/gpl-love.com\/fr\/produit\/wpforo-woocommerce-memberships\/","title":{"rendered":"WPForo WooCommerce Memberships 3.0.1"},"content":{"rendered":"<h3>WPForo WooCommerce Memberships Traits<\/h3>\n<p>D\u00e9veloppez pleinement votre communaut\u00e9 en ligne avec WPForo WooCommerce Memberships ! Con\u00e7ue pour une int\u00e9gration fluide, notre solution transforme votre site WordPress en une plateforme d&rsquo;adh\u00e9sion dynamique. Avec WPForo, cr\u00e9ez du contenu exclusif, g\u00e9rez les acc\u00e8s des membres et boostez l&rsquo;engagement de vos utilisateurs en toute simplicit\u00e9.<\/p>\n<p>WooCommerce Memberships vous permet de proposer diff\u00e9rents niveaux d&rsquo;adh\u00e9sion, offrant ainsi \u00e0 votre communaut\u00e9 du contenu premium et des avantages exclusifs. Que vous g\u00e9riez un service d&rsquo;abonnement, des cours en ligne ou un forum priv\u00e9, notre solution garantit une exp\u00e9rience optimale pour vous et vos membres.<\/p>\n<p>Parmi ses principales fonctionnalit\u00e9s : une configuration facile, des niveaux d&rsquo;adh\u00e9sion personnalisables et une facturation automatis\u00e9e via WooCommerce. De plus, les puissantes fonctionnalit\u00e9s du forum WPForo rassemblent les membres, favorisant un sentiment d&rsquo;appartenance et une participation active.<\/p>\n<p>Ne manquez pas cette opportunit\u00e9 d&rsquo;augmenter la valeur de votre site et l&rsquo;engagement de vos utilisateurs. Choisissez WPForo WooCommerce Memberships d\u00e8s aujourd&rsquo;hui et voyez votre communaut\u00e9 prosp\u00e9rer !<\/p>\n<ul>\n<li>Int\u00e9gration fluide avec WooCommerce<\/li>\n<li>Formules d&rsquo;abonnement personnalisables<\/li>\n<li>Prise en charge des paiements r\u00e9currents<\/li>\n<li>Acc\u00e8s \u00e0 du contenu exclusif pour les membres<\/li>\n<li>Tableau de bord de gestion des abonnements<\/li>\n<li>Notifications par e-mail automatis\u00e9es<\/li>\n<li>Options tarifaires flexibles<\/li>\n<li>Synchronisation des r\u00f4les utilisateurs<\/li>\n<li>Rapports d&rsquo;abonnement d\u00e9taill\u00e9s<\/li>\n<li>Compatible avec diff\u00e9rentes passerelles de paiement<\/li>\n<\/ul>\n","protected":false},"excerpt":{"rendered":"<p>D\u00e9couvrez WPForo WooCommerce Memberships, la solution id\u00e9ale pour g\u00e9rer votre communaut\u00e9 en ligne et votre boutique e-commerce en toute simplicit\u00e9. Ce puissant plugin s&rsquo;int\u00e8gre facilement \u00e0 WooCommerce et vous permet de cr\u00e9er des abonnements exclusifs et d&rsquo;offrir du contenu premium \u00e0 vos clients fid\u00e8les. Am\u00e9liorez l&rsquo;exp\u00e9rience utilisateur gr\u00e2ce \u00e0 des forums personnalisables et une gestion des abonnements simplifi\u00e9e, le tout au m\u00eame endroit. Boostez l&rsquo;engagement sur votre site et augmentez vos ventes avec WPForo WooCommerce Memberships. Parfait pour les entreprises qui souhaitent optimiser leurs op\u00e9rations et fid\u00e9liser au maximum leurs clients. Lancez-vous d\u00e8s aujourd&rsquo;hui et transformez votre plateforme en ligne\u00a0!<\/p>\n","protected":false},"featured_media":147033,"comment_status":"open","ping_status":"open","template":"","meta":[],"product_brand":[2784],"product_cat":[1182,1223,1181],"product_tag":[2383],"class_list":{"0":"post-140872","1":"product","2":"type-product","3":"status-publish","4":"has-post-thumbnail","6":"product_brand-gvectors-team","7":"product_cat-commerce-electronique-plugins","8":"product_cat-personnalisation-commerce-electronique-plugins","9":"product_cat-plugins","10":"product_tag-gvectors-team","11":"member-discount","12":"discount-restricted","14":"first","15":"instock","16":"sale","17":"downloadable","18":"virtual","19":"sold-individually","20":"purchasable","21":"product-type-simple"},"_links":{"self":[{"href":"https:\/\/gpl-love.com\/fr\/wp-json\/wp\/v2\/product\/140872","targetHints":{"allow":["GET"]}}],"collection":[{"href":"https:\/\/gpl-love.com\/fr\/wp-json\/wp\/v2\/product"}],"about":[{"href":"https:\/\/gpl-love.com\/fr\/wp-json\/wp\/v2\/types\/product"}],"replies":[{"embeddable":true,"href":"https:\/\/gpl-love.com\/fr\/wp-json\/wp\/v2\/comments?post=140872"}],"wp:featuredmedia":[{"embeddable":true,"href":"https:\/\/gpl-love.com\/fr\/wp-json\/wp\/v2\/media\/147033"}],"wp:attachment":[{"href":"https:\/\/gpl-love.com\/fr\/wp-json\/wp\/v2\/media?parent=140872"}],"wp:term":[{"taxonomy":"product_brand","embeddable":true,"href":"https:\/\/gpl-love.com\/fr\/wp-json\/wp\/v2\/product_brand?post=140872"},{"taxonomy":"product_cat","embeddable":true,"href":"https:\/\/gpl-love.com\/fr\/wp-json\/wp\/v2\/product_cat?post=140872"},{"taxonomy":"product_tag","embeddable":true,"href":"https:\/\/gpl-love.com\/fr\/wp-json\/wp\/v2\/product_tag?post=140872"}],"curies":[{"name":"wp","href":"https:\/\/api.w.org\/{rel}","templated":true}]}}