{"id":140797,"date":"2026-03-21T00:00:00","date_gmt":"2026-03-20T23:00:00","guid":{"rendered":"https:\/\/gpl-love.com\/fr\/produit\/admin-order-modifier-pour-woocommerce-1-1-1\/"},"modified":"2026-05-13T00:32:02","modified_gmt":"2026-05-12T22:32:02","slug":"admin-order-modifier-pour-woocommerce-1-1-1","status":"publish","type":"product","link":"https:\/\/gpl-love.com\/fr\/produit\/admin-order-modifier-pour-woocommerce-1-1-1\/","title":{"rendered":"Admin Order Modifier pour WooCommerce 1.1.8"},"content":{"rendered":"<h3>Admin Order Modifier pour WooCommerce Traits<\/h3>\n<p>Am\u00e9liorez les fonctionnalit\u00e9s d&rsquo;administration de votre boutique WooCommerce gr\u00e2ce \u00e0 l&rsquo;extension Admin Order Modifier pour WooCommerce. Ce puissant plugin vous permet de modifier facilement les commandes WooCommerce, vous offrant un contr\u00f4le total sur leurs d\u00e9tails. Que vous ayez besoin de personnaliser les commandes WooCommerce pour des demandes sp\u00e9cifiques ou d&rsquo;effectuer des mises \u00e0 jour rapides, cette extension est la solution id\u00e9ale.<\/p>\n<p>Modifiez vos commandes WooCommerce en toute simplicit\u00e9. Son interface intuitive permet m\u00eame aux utilisateurs novices de g\u00e9rer efficacement les modifications d&rsquo;administration des commandes WooCommerce. Personnalisez les d\u00e9tails des commandes, mettez \u00e0 jour les informations de livraison ou ajustez les quantit\u00e9s de produits directement depuis le panneau d&rsquo;administration.<\/p>\n<p>Notre extension est con\u00e7ue pour simplifier la personnalisation des commandes dans WooCommerce. Elle prend en charge un large \u00e9ventail de modifications d&rsquo;administration, garantissant ainsi le bon fonctionnement de votre boutique. L&rsquo;extension WooCommerce Admin Order Edit s&rsquo;int\u00e8gre parfaitement \u00e0 votre configuration existante, vous offrant une exp\u00e9rience utilisateur optimale \u00e0 chaque modification de vos commandes.<\/p>\n<ul>\n<li>Int\u00e9gration fluide avec WooCommerce<\/li>\n<li>Interface d&rsquo;administration intuitive<\/li>\n<li>Modification des commandes en temps r\u00e9el<\/li>\n<li>Prise en charge de la modification des d\u00e9tails des commandes\u00a0: articles, quantit\u00e9s et prix<\/li>\n<li>Mise \u00e0 jour des informations de livraison et de facturation<\/li>\n<li>Recalcul automatique des totaux et des taxes<\/li>\n<li>Conservation de l&rsquo;historique et des journaux des commandes<\/li>\n<li>Compatible avec diverses passerelles de paiement<\/li>\n<li>Param\u00e8tres et options personnalisables<\/li>\n<\/ul>\n","protected":false},"excerpt":{"rendered":"<p>Le module de modification des commandes d&rsquo;administration pour WooCommerce est la solution id\u00e9ale pour une gestion simplifi\u00e9e des commandes dans l&rsquo;interface d&rsquo;administration de WooCommerce. Modifiez et personnalisez facilement les commandes d&rsquo;administration de WooCommerce et effectuez des modifications dans l&rsquo;interface d&rsquo;administration en toute simplicit\u00e9. Ce puissant module vous permet de modifier et de personnaliser efficacement les commandes d&rsquo;administration de WooCommerce. Optimisez votre flux de travail gr\u00e2ce \u00e0 la modification des commandes d&rsquo;administration et restez inform\u00e9 en temps r\u00e9el gr\u00e2ce aux mises \u00e0 jour. Simplifiez la gestion de vos commandes d\u00e8s aujourd&rsquo;hui avec le meilleur outil con\u00e7u pour la modification des commandes d&rsquo;administration WooCommerce\u00a0!<\/p>\n","protected":false},"featured_media":147029,"comment_status":"open","ping_status":"open","template":"","meta":[],"product_brand":[2440],"product_cat":[1183,1182,1181],"product_tag":[1398],"class_list":{"0":"post-140797","1":"product","2":"type-product","3":"status-publish","4":"has-post-thumbnail","6":"product_brand-woocommerce","7":"product_cat-administration","8":"product_cat-commerce-electronique-plugins","9":"product_cat-plugins","10":"product_tag-woocommerce","11":"member-discount","12":"discount-restricted","14":"first","15":"instock","16":"sale","17":"downloadable","18":"virtual","19":"sold-individually","20":"purchasable","21":"product-type-simple"},"_links":{"self":[{"href":"https:\/\/gpl-love.com\/fr\/wp-json\/wp\/v2\/product\/140797","targetHints":{"allow":["GET"]}}],"collection":[{"href":"https:\/\/gpl-love.com\/fr\/wp-json\/wp\/v2\/product"}],"about":[{"href":"https:\/\/gpl-love.com\/fr\/wp-json\/wp\/v2\/types\/product"}],"replies":[{"embeddable":true,"href":"https:\/\/gpl-love.com\/fr\/wp-json\/wp\/v2\/comments?post=140797"}],"wp:featuredmedia":[{"embeddable":true,"href":"https:\/\/gpl-love.com\/fr\/wp-json\/wp\/v2\/media\/147029"}],"wp:attachment":[{"href":"https:\/\/gpl-love.com\/fr\/wp-json\/wp\/v2\/media?parent=140797"}],"wp:term":[{"taxonomy":"product_brand","embeddable":true,"href":"https:\/\/gpl-love.com\/fr\/wp-json\/wp\/v2\/product_brand?post=140797"},{"taxonomy":"product_cat","embeddable":true,"href":"https:\/\/gpl-love.com\/fr\/wp-json\/wp\/v2\/product_cat?post=140797"},{"taxonomy":"product_tag","embeddable":true,"href":"https:\/\/gpl-love.com\/fr\/wp-json\/wp\/v2\/product_tag?post=140797"}],"curies":[{"name":"wp","href":"https:\/\/api.w.org\/{rel}","templated":true}]}}