{"id":140267,"date":"2025-09-25T00:00:00","date_gmt":"2025-09-24T22:00:00","guid":{"rendered":"https:\/\/gpl-love.com\/fr\/produit\/jet-form-builder-save-form-progress\/"},"modified":"2026-04-18T06:33:55","modified_gmt":"2026-04-18T04:33:55","slug":"jet-form-builder-save-form-progress","status":"publish","type":"product","link":"https:\/\/gpl-love.com\/fr\/produit\/jet-form-builder-save-form-progress\/","title":{"rendered":"Jet Form Builder Save Form Progress 1.0.11"},"content":{"rendered":"<h3>Jet Form Builder Save Form Progress Traits<\/h3>\n<p>D\u00e9couvrez la fonctionnalit\u00e9 \u00ab\u00a0Sauvegarde de la progression\u00a0\u00bb de JetFormBuilder\u00a0: la solution id\u00e9ale pour remplir vos formulaires en toute simplicit\u00e9\u00a0!<\/p>\n<p>Vous est-il d\u00e9j\u00e0 arriv\u00e9 de perdre votre progression en plein milieu d&rsquo;un formulaire suite \u00e0 une interruption inattendue\u00a0? Dites adieu \u00e0 cette frustration gr\u00e2ce \u00e0 la fonctionnalit\u00e9 \u00ab\u00a0Sauvegarde de la progression\u00a0\u00bb de JetFormBuilder. Cet outil innovant est con\u00e7u pour vous permettre de sauvegarder facilement vos donn\u00e9es et de reprendre votre formulaire \u00e0 votre convenance.<\/p>\n<p>Avec la fonctionnalit\u00e9 \u00ab\u00a0Sauvegarde de la progression\u00a0\u00bb de JetFormBuilder, aucune donn\u00e9e n&rsquo;est perdue, pour une exp\u00e9rience de remplissage de formulaires fluide et sans stress. Cette fonctionnalit\u00e9 est id\u00e9ale pour les formulaires longs ou complexes, car elle vous permet de faire une pause et de reprendre votre saisie sans avoir \u00e0 tout recommencer. Que vous recueilliez des informations client d\u00e9taill\u00e9es ou meniez des enqu\u00eates approfondies, JetFormBuilder r\u00e9pond \u00e0 tous vos besoins.<\/p>\n<ul>\n<li>Permet aux utilisateurs d&rsquo;enregistrer leur progression dans un formulaire et de la reprendre ult\u00e9rieurement.<\/li>\n<li><\/li>\n<li>Compatible avec les formulaires JetFormBuilder.<\/li>\n<li>Interface conviviale pour un enregistrement facile des formulaires.<\/li>\n<li>Prise en charge de plusieurs types de formulaires et de champs.<\/li>\n<li>Garantit la s\u00e9curit\u00e9 et la confidentialit\u00e9 des donn\u00e9es.<\/li>\n<li>Offre des options d&rsquo;enregistrement et de reprise personnalisables.<\/li>\n<li>S&rsquo;int\u00e8gre parfaitement aux sites WordPress.<\/li>\n<li>Fonctionnalit\u00e9 d&rsquo;enregistrement automatique.<\/li>\n<li>R\u00e9duit le taux d&rsquo;abandon des formulaires.<\/li>\n<li>Am\u00e9liore l&rsquo;exp\u00e9rience et la satisfaction des utilisateurs.<\/li>\n<\/ul>\n","protected":false},"excerpt":{"rendered":"<p>D\u00e9couvrez JetFormBuilder, la solution id\u00e9ale pour sauvegarder facilement la progression de vos formulaires. Avec JetFormBuilder, les utilisateurs peuvent interrompre et reprendre la soumission de leurs formulaires \u00e0 leur guise, pour une exp\u00e9rience utilisateur optimale. Cet outil performant offre des fonctionnalit\u00e9s et des avantages essentiels, tels que la sauvegarde des donn\u00e9es en temps r\u00e9el, une interface intuitive et une productivit\u00e9 accrue. Attirez et informez vos clients potentiels gr\u00e2ce \u00e0 un cr\u00e9ateur de formulaires fiable qui simplifie le processus, r\u00e9duit les abandons et augmente les conversions. D\u00e9couvrez d\u00e8s aujourd&rsquo;hui l&rsquo;efficacit\u00e9 in\u00e9gal\u00e9e de JetFormBuilder\u00a0!<\/p>\n","protected":false},"featured_media":147026,"comment_status":"open","ping_status":"open","template":"","meta":[],"product_brand":[2576],"product_cat":[1191,1181,1186],"product_tag":[2329],"class_list":{"0":"post-140267","1":"product","2":"type-product","3":"status-publish","4":"has-post-thumbnail","6":"product_brand-crocoblock","7":"product_cat-formes","8":"product_cat-plugins","9":"product_cat-wordpress-plugins","10":"product_tag-crocoblock","11":"member-discount","12":"discount-restricted","14":"first","15":"instock","16":"sale","17":"downloadable","18":"virtual","19":"sold-individually","20":"purchasable","21":"product-type-simple"},"_links":{"self":[{"href":"https:\/\/gpl-love.com\/fr\/wp-json\/wp\/v2\/product\/140267","targetHints":{"allow":["GET"]}}],"collection":[{"href":"https:\/\/gpl-love.com\/fr\/wp-json\/wp\/v2\/product"}],"about":[{"href":"https:\/\/gpl-love.com\/fr\/wp-json\/wp\/v2\/types\/product"}],"replies":[{"embeddable":true,"href":"https:\/\/gpl-love.com\/fr\/wp-json\/wp\/v2\/comments?post=140267"}],"wp:featuredmedia":[{"embeddable":true,"href":"https:\/\/gpl-love.com\/fr\/wp-json\/wp\/v2\/media\/147026"}],"wp:attachment":[{"href":"https:\/\/gpl-love.com\/fr\/wp-json\/wp\/v2\/media?parent=140267"}],"wp:term":[{"taxonomy":"product_brand","embeddable":true,"href":"https:\/\/gpl-love.com\/fr\/wp-json\/wp\/v2\/product_brand?post=140267"},{"taxonomy":"product_cat","embeddable":true,"href":"https:\/\/gpl-love.com\/fr\/wp-json\/wp\/v2\/product_cat?post=140267"},{"taxonomy":"product_tag","embeddable":true,"href":"https:\/\/gpl-love.com\/fr\/wp-json\/wp\/v2\/product_tag?post=140267"}],"curies":[{"name":"wp","href":"https:\/\/api.w.org\/{rel}","templated":true}]}}