{"id":140265,"date":"2024-07-06T00:00:00","date_gmt":"2024-07-05T22:00:00","guid":{"rendered":"https:\/\/gpl-love.com\/fr\/produit\/jet-form-builder-limit-form-responses\/"},"modified":"2026-04-15T00:31:18","modified_gmt":"2026-04-14T22:31:18","slug":"jet-form-builder-limit-form-responses","status":"publish","type":"product","link":"https:\/\/gpl-love.com\/fr\/produit\/jet-form-builder-limit-form-responses\/","title":{"rendered":"Jet Form Builder Limit Form Responses 1.1.1"},"content":{"rendered":"<h3>Jet Form Builder Limit Form Responses Traits<\/h3>\n<p>JetFormBuilder : Limiter les r\u00e9ponses aux formulaires : Ma\u00eetrisez vos soumissions en toute simplicit\u00e9<\/p>\n<p>Optimisez l&rsquo;efficacit\u00e9 de vos formulaires gr\u00e2ce \u00e0 la fonctionnalit\u00e9 de limitation des r\u00e9ponses de JetFormBuilder. Con\u00e7u pour vous offrir un contr\u00f4le total sur vos soumissions, cet outil puissant vous permet de d\u00e9finir des limites pr\u00e9cises quant au nombre de r\u00e9ponses re\u00e7ues. Que vous souhaitiez limiter les r\u00e9ponses \u00e0 vos formulaires JetFormBuilder ou g\u00e9rer plus efficacement les soumissions, ce plugin est la solution id\u00e9ale.<\/p>\n<p>Limitez facilement les r\u00e9ponses et les soumissions JetFormBuilder pour ne recevoir que les donn\u00e9es pertinentes. Gr\u00e2ce \u00e0 son interface intuitive, vous pouvez restreindre le nombre de soumissions et d\u00e9finir un plafond clair pour \u00e9viter le spam et les soumissions non pertinentes. Le plugin de limitation des r\u00e9ponses JetFormBuilder simplifie la gestion et le contr\u00f4le des r\u00e9ponses, garantissant ainsi un processus de collecte de donn\u00e9es fluide et efficace.<\/p>\n<p>Am\u00e9liorez votre flux de travail avec la fonctionnalit\u00e9 de limitation des r\u00e9ponses de JetFormBuilder. Que vous souhaitiez limiter les r\u00e9ponses des utilisateurs\u2026<\/p>\n<ul>\n<li>Limite le nombre de soumissions de formulaires<\/li>\n<li>Param\u00e8tres de restriction personnalisables<\/li>\n<li>Interface conviviale<\/li>\n<li>Compatible avec de nombreux types de formulaires<\/li>\n<li>Suivi des soumissions en temps r\u00e9el<\/li>\n<li>Int\u00e9gration avec les services de messagerie les plus courants<\/li>\n<li>Notifications automatiques en cas de d\u00e9passement des limites de formulaires<\/li>\n<li>Installation et configuration faciles<\/li>\n<li>Prise en charge de la logique conditionnelle<\/li>\n<li>Analyses et rapports d\u00e9taill\u00e9s<\/li>\n<\/ul>\n","protected":false},"excerpt":{"rendered":"<p>D\u00e9couvrez la fonctionnalit\u00e9 \u00ab\u00a0Limiter les r\u00e9ponses\u00a0\u00bb de JetFormBuilder\u00a0: la solution id\u00e9ale pour contr\u00f4ler les soumissions de formulaires. Avec JetFormBuilder, d\u00e9finissez facilement des limites de soumission pour g\u00e9rer les entr\u00e9es de formulaire et garantir des performances optimales. Ce plugin vous permet de plafonner les entr\u00e9es, de contr\u00f4ler les r\u00e9ponses et de restreindre les soumissions en toute simplicit\u00e9. Que vous souhaitiez limiter les r\u00e9ponses des utilisateurs ou mettre en place une restriction sur les entr\u00e9es de formulaire, JetFormBuilder r\u00e9pond \u00e0 tous vos besoins. Am\u00e9liorez votre flux de travail en utilisant JetFormBuilder pour limiter les r\u00e9ponses, restreindre les entr\u00e9es de formulaire et g\u00e9rer efficacement ces derni\u00e8res. D\u00e9couvrez d\u00e8s aujourd&rsquo;hui une solution simple pour impl\u00e9menter des restrictions sur les r\u00e9ponses de formulaire\u00a0!<\/p>\n","protected":false},"featured_media":147025,"comment_status":"open","ping_status":"open","template":"","meta":[],"product_brand":[2576],"product_cat":[1191,1181,1186],"product_tag":[2329],"class_list":{"0":"post-140265","1":"product","2":"type-product","3":"status-publish","4":"has-post-thumbnail","6":"product_brand-crocoblock","7":"product_cat-formes","8":"product_cat-plugins","9":"product_cat-wordpress-plugins","10":"product_tag-crocoblock","11":"member-discount","12":"discount-restricted","14":"first","15":"instock","16":"sale","17":"downloadable","18":"virtual","19":"sold-individually","20":"purchasable","21":"product-type-simple"},"_links":{"self":[{"href":"https:\/\/gpl-love.com\/fr\/wp-json\/wp\/v2\/product\/140265","targetHints":{"allow":["GET"]}}],"collection":[{"href":"https:\/\/gpl-love.com\/fr\/wp-json\/wp\/v2\/product"}],"about":[{"href":"https:\/\/gpl-love.com\/fr\/wp-json\/wp\/v2\/types\/product"}],"replies":[{"embeddable":true,"href":"https:\/\/gpl-love.com\/fr\/wp-json\/wp\/v2\/comments?post=140265"}],"wp:featuredmedia":[{"embeddable":true,"href":"https:\/\/gpl-love.com\/fr\/wp-json\/wp\/v2\/media\/147025"}],"wp:attachment":[{"href":"https:\/\/gpl-love.com\/fr\/wp-json\/wp\/v2\/media?parent=140265"}],"wp:term":[{"taxonomy":"product_brand","embeddable":true,"href":"https:\/\/gpl-love.com\/fr\/wp-json\/wp\/v2\/product_brand?post=140265"},{"taxonomy":"product_cat","embeddable":true,"href":"https:\/\/gpl-love.com\/fr\/wp-json\/wp\/v2\/product_cat?post=140265"},{"taxonomy":"product_tag","embeddable":true,"href":"https:\/\/gpl-love.com\/fr\/wp-json\/wp\/v2\/product_tag?post=140265"}],"curies":[{"name":"wp","href":"https:\/\/api.w.org\/{rel}","templated":true}]}}