{"id":140263,"date":"2024-08-17T00:00:00","date_gmt":"2024-08-16T22:00:00","guid":{"rendered":"https:\/\/gpl-love.com\/fr\/produit\/jet-form-builder-mailpoet-action\/"},"modified":"2026-04-18T06:33:54","modified_gmt":"2026-04-18T04:33:54","slug":"jet-form-builder-mailpoet-action","status":"publish","type":"product","link":"https:\/\/gpl-love.com\/fr\/produit\/jet-form-builder-mailpoet-action\/","title":{"rendered":"Jet Form Builder MailPoet Action 1.0.6"},"content":{"rendered":"<h3>Jet Form Builder MailPoet Action Traits<\/h3>\n<p>D\u00e9bloquez l&rsquo;automatisation de vos campagnes d&#8217;emailing gr\u00e2ce \u00e0 l&rsquo;action JetFormBuilder MailPoet\u00a0! Con\u00e7ue sp\u00e9cialement pour WordPress, cette puissante int\u00e9gration vous permet de connecter facilement JetFormBuilder \u00e0 MailPoet pour des workflows d&#8217;emailing optimis\u00e9s. Que vous souhaitiez booster vos campagnes ou am\u00e9liorer l&rsquo;engagement de vos utilisateurs, notre int\u00e9gration JetFormBuilder MailPoet est la solution id\u00e9ale.<\/p>\n<p>Apprenez \u00e0 utiliser JetFormBuilder avec MailPoet gr\u00e2ce \u00e0 notre tutoriel complet. Il couvre tous les aspects, de la configuration initiale \u00e0 la configuration avanc\u00e9e. Vous cr\u00e9erez des s\u00e9quences d&#8217;emails automatis\u00e9es percutantes en un rien de temps\u00a0!<\/p>\n<p>Suivez notre guide d\u00e9taill\u00e9 JetFormBuilder MailPoet pour ma\u00eetriser l&rsquo;int\u00e9gration et optimiser votre processus d&rsquo;automatisation. Boostez votre strat\u00e9gie d&#8217;emailing et obtenez des r\u00e9sultats exceptionnels.<\/p>\n<ul>\n<li>Int\u00e9gration fluide avec MailPoet<\/li>\n<li><\/li>\n<li>Notifications par e-mail automatis\u00e9es<\/li>\n<li>Mod\u00e8les d&rsquo;e-mails personnalisables<\/li>\n<li>Configuration et installation faciles<\/li>\n<li>Prise en charge de la logique conditionnelle<\/li>\n<li>Envoi des e-mails en temps r\u00e9el<\/li>\n<li>Interface conviviale<\/li>\n<li>Compatible avec WordPress<\/li>\n<li>Journaux et suivi d\u00e9taill\u00e9s des e-mails<\/li>\n<li>Actions de formulaire flexibles<\/li>\n<\/ul>\n","protected":false},"excerpt":{"rendered":"<p>D\u00e9couvrez l&rsquo;action JetFormBuilder MailPoet, l&rsquo;outil id\u00e9al pour une automatisation marketing fluide et performante. Gr\u00e2ce \u00e0 notre int\u00e9gration compl\u00e8te JetFormBuilder MailPoet, configurez facilement des workflows puissants. Vous vous demandez comment utiliser JetFormBuilder avec MailPoet\u00a0? Notre tutoriel et guide d\u00e9taill\u00e9s JetFormBuilder MailPoet sont l\u00e0 pour vous guider. Simplifiez votre marketing par e-mail gr\u00e2ce \u00e0 une configuration et un param\u00e9trage efficaces de JetFormBuilder MailPoet. Optimisez vos campagnes gr\u00e2ce \u00e0 l&rsquo;automatisation simplifi\u00e9e des e-mails JetFormBuilder. Explorez d\u00e8s aujourd&rsquo;hui les avantages in\u00e9gal\u00e9s du marketing par e-mail avec JetFormBuilder et MailPoet\u00a0!<\/p>\n","protected":false},"featured_media":147024,"comment_status":"open","ping_status":"open","template":"","meta":[],"product_brand":[2576],"product_cat":[1191,1181,1186],"product_tag":[2329],"class_list":{"0":"post-140263","1":"product","2":"type-product","3":"status-publish","4":"has-post-thumbnail","6":"product_brand-crocoblock","7":"product_cat-formes","8":"product_cat-plugins","9":"product_cat-wordpress-plugins","10":"product_tag-crocoblock","11":"member-discount","12":"discount-restricted","14":"first","15":"instock","16":"sale","17":"downloadable","18":"virtual","19":"sold-individually","20":"purchasable","21":"product-type-simple"},"_links":{"self":[{"href":"https:\/\/gpl-love.com\/fr\/wp-json\/wp\/v2\/product\/140263","targetHints":{"allow":["GET"]}}],"collection":[{"href":"https:\/\/gpl-love.com\/fr\/wp-json\/wp\/v2\/product"}],"about":[{"href":"https:\/\/gpl-love.com\/fr\/wp-json\/wp\/v2\/types\/product"}],"replies":[{"embeddable":true,"href":"https:\/\/gpl-love.com\/fr\/wp-json\/wp\/v2\/comments?post=140263"}],"wp:featuredmedia":[{"embeddable":true,"href":"https:\/\/gpl-love.com\/fr\/wp-json\/wp\/v2\/media\/147024"}],"wp:attachment":[{"href":"https:\/\/gpl-love.com\/fr\/wp-json\/wp\/v2\/media?parent=140263"}],"wp:term":[{"taxonomy":"product_brand","embeddable":true,"href":"https:\/\/gpl-love.com\/fr\/wp-json\/wp\/v2\/product_brand?post=140263"},{"taxonomy":"product_cat","embeddable":true,"href":"https:\/\/gpl-love.com\/fr\/wp-json\/wp\/v2\/product_cat?post=140263"},{"taxonomy":"product_tag","embeddable":true,"href":"https:\/\/gpl-love.com\/fr\/wp-json\/wp\/v2\/product_tag?post=140263"}],"curies":[{"name":"wp","href":"https:\/\/api.w.org\/{rel}","templated":true}]}}