{"id":140261,"date":"2026-05-02T00:00:00","date_gmt":"2026-05-01T22:00:00","guid":{"rendered":"https:\/\/gpl-love.com\/fr\/produit\/jet-form-builder-woocommerce-cart-and-checkout-action\/"},"modified":"2026-05-03T06:31:33","modified_gmt":"2026-05-03T04:31:33","slug":"jet-form-builder-woocommerce-cart-and-checkout-action","status":"publish","type":"product","link":"https:\/\/gpl-love.com\/fr\/produit\/jet-form-builder-woocommerce-cart-and-checkout-action\/","title":{"rendered":"Jet Form Builder WooCommerce Cart et Checkout Action 1.0.9"},"content":{"rendered":"<h3>Jet Form Builder WooCommerce Cart et Checkout Action Traits<\/h3>\n<p>D\u00e9couvrez l&rsquo;action Panier et Paiement JetFormBuilder pour WooCommerce\u00a0: la solution id\u00e9ale pour une int\u00e9gration WooCommerce fluide. Gr\u00e2ce \u00e0 la puissance de JetFormBuilder, personnalisez facilement vos processus de paiement WooCommerce pour une exp\u00e9rience utilisateur optimale et des ventes accrues.<\/p>\n<p>B\u00e9n\u00e9ficiez d&rsquo;une flexibilit\u00e9 in\u00e9gal\u00e9e avec l&rsquo;int\u00e9gration JetFormBuilder pour WooCommerce. Cr\u00e9ez des formulaires WooCommerce sur mesure, adapt\u00e9s \u00e0 vos besoins sp\u00e9cifiques. D\u00e8s l&rsquo;ajout d&rsquo;articles au panier, l&rsquo;action Panier JetFormBuilder garantit un parcours d&rsquo;achat fluide et optimis\u00e9.<\/p>\n<p>Dites adieu aux pages de paiement g\u00e9n\u00e9riques\u00a0! Avec la personnalisation du paiement JetFormBuilder, transformez votre formulaire de paiement WooCommerce en une solution unique et performante. Notre solution vous permet de personnaliser facilement le paiement WooCommerce avec JetFormBuilder, pour un processus d&rsquo;achat intuitif et attractif.<\/p>\n<p>Que vous souhaitiez cr\u00e9er des formulaires WooCommerce personnalis\u00e9s ou optimiser la personnalisation de votre formulaire de paiement WooCommerce, JetFormBuilder est la solution.<\/p>\n<ul>\n<li>Int\u00e9gration fluide avec WooCommerce<\/li>\n<li>Panier et actions de paiement personnalisables<\/li>\n<li>\u00c9diteur glisser-d\u00e9poser intuitif<\/li>\n<li>Prise en charge de la logique conditionnelle pour les actions dynamiques<\/li>\n<li>Compatible avec de nombreuses passerelles de paiement<\/li>\n<li>Aper\u00e7u en temps r\u00e9el des modifications du formulaire<\/li>\n<li>Vaste biblioth\u00e8que de mod\u00e8les pr\u00e9d\u00e9finis<\/li>\n<li>Options de champs avanc\u00e9es pour une exp\u00e9rience de paiement personnalis\u00e9e<\/li>\n<li>Design adaptatif et optimis\u00e9 pour mobile<\/li>\n<li>Documentation d\u00e9taill\u00e9e et assistance client<\/li>\n<\/ul>\n","protected":false},"excerpt":{"rendered":"<p>D\u00e9couvrez la solution id\u00e9ale pour personnaliser votre boutique en ligne avec JetFormBuilder WooCommerce Cart and Checkout Action. Int\u00e9grez facilement JetFormBuilder \u00e0 WooCommerce pour cr\u00e9er des formulaires personnalis\u00e9s et optimiser l&rsquo;exp\u00e9rience de paiement. Personnalisez votre page de paiement WooCommerce avec JetFormBuilder et optimisez chaque d\u00e9tail pour un parcours client fluide. Notre outil de cr\u00e9ation de formulaires WooCommerce vous permet d&rsquo;adapter vos formulaires de paiement \u00e0 vos besoins sp\u00e9cifiques. Am\u00e9liorez vos op\u00e9rations e-commerce gr\u00e2ce aux solutions de formulaires e-commerce de JetFormBuilder et optimisez d\u00e8s aujourd&rsquo;hui votre panier et votre processus de paiement WooCommerce.<\/p>\n","protected":false},"featured_media":147023,"comment_status":"open","ping_status":"open","template":"","meta":[],"product_brand":[2576],"product_cat":[1182,1404,1181],"product_tag":[2329],"class_list":{"0":"post-140261","1":"product","2":"type-product","3":"status-publish","4":"has-post-thumbnail","6":"product_brand-crocoblock","7":"product_cat-commerce-electronique-plugins","8":"product_cat-formes-commerce-electronique-plugins","9":"product_cat-plugins","10":"product_tag-crocoblock","11":"member-discount","12":"discount-restricted","14":"first","15":"instock","16":"sale","17":"downloadable","18":"virtual","19":"sold-individually","20":"purchasable","21":"product-type-simple"},"_links":{"self":[{"href":"https:\/\/gpl-love.com\/fr\/wp-json\/wp\/v2\/product\/140261","targetHints":{"allow":["GET"]}}],"collection":[{"href":"https:\/\/gpl-love.com\/fr\/wp-json\/wp\/v2\/product"}],"about":[{"href":"https:\/\/gpl-love.com\/fr\/wp-json\/wp\/v2\/types\/product"}],"replies":[{"embeddable":true,"href":"https:\/\/gpl-love.com\/fr\/wp-json\/wp\/v2\/comments?post=140261"}],"wp:featuredmedia":[{"embeddable":true,"href":"https:\/\/gpl-love.com\/fr\/wp-json\/wp\/v2\/media\/147023"}],"wp:attachment":[{"href":"https:\/\/gpl-love.com\/fr\/wp-json\/wp\/v2\/media?parent=140261"}],"wp:term":[{"taxonomy":"product_brand","embeddable":true,"href":"https:\/\/gpl-love.com\/fr\/wp-json\/wp\/v2\/product_brand?post=140261"},{"taxonomy":"product_cat","embeddable":true,"href":"https:\/\/gpl-love.com\/fr\/wp-json\/wp\/v2\/product_cat?post=140261"},{"taxonomy":"product_tag","embeddable":true,"href":"https:\/\/gpl-love.com\/fr\/wp-json\/wp\/v2\/product_tag?post=140261"}],"curies":[{"name":"wp","href":"https:\/\/api.w.org\/{rel}","templated":true}]}}