{"id":140257,"date":"2024-07-06T00:00:00","date_gmt":"2024-07-05T22:00:00","guid":{"rendered":"https:\/\/gpl-love.com\/fr\/produit\/jet-form-builder-select-autocomplete\/"},"modified":"2026-04-15T00:31:17","modified_gmt":"2026-04-14T22:31:17","slug":"jet-form-builder-select-autocomplete","status":"publish","type":"product","link":"https:\/\/gpl-love.com\/fr\/produit\/jet-form-builder-select-autocomplete\/","title":{"rendered":"Jet Form Builder Select Autocomplete 1.0.7"},"content":{"rendered":"<h3>Jet Form Builder Select Autocomplete Traits<\/h3>\n<p>D\u00e9couvrez le plugin JetFormBuilder Select Autocomplete\u00a0: la solution id\u00e9ale pour optimiser l\u2019exp\u00e9rience utilisateur de vos formulaires\u00a0! La fonctionnalit\u00e9 JetFormBuilder Select Autocomplete simplifie la saisie de donn\u00e9es en proposant des suggestions automatiques pendant la saisie, ce qui acc\u00e9l\u00e8re le processus et r\u00e9duit les erreurs.<\/p>\n<p>Vous vous demandez comment utiliser JetFormBuilder Select Autocomplete\u00a0? Notre tutoriel complet vous guide pas \u00e0 pas, de l\u2019installation \u00e0 l\u2019utilisation avanc\u00e9e. L\u2019installation de JetFormBuilder Select Autocomplete est simple et rapide, vous permettant de profiter imm\u00e9diatement de cet outil puissant.<\/p>\n<p>Besoin de plus d\u2019informations\u00a0? La documentation de JetFormBuilder Select Autocomplete fournit des informations d\u00e9taill\u00e9es sur la configuration et la personnalisation, vous aidant ainsi \u00e0 adapter le plugin \u00e0 vos besoins sp\u00e9cifiques. En cas de probl\u00e8me, l\u2019\u00e9quipe d\u2019assistance de JetFormBuilder Select Autocomplete est toujours pr\u00eate \u00e0 vous aider.<\/p>\n<p>Exploitez pleinement le potentiel de vos formulaires gr\u00e2ce \u00e0 notre guide d\u00e9taill\u00e9 de JetFormBuilder Select Autocomplete. Que vous soyez d\u00e9butant ou expert, ce plugin est con\u00e7u pour optimiser votre flux de travail.<\/p>\n<ul>\n<li>Options de liste d\u00e9roulante dynamiques<\/li>\n<li>Suggestions de recherche en temps r\u00e9el<\/li>\n<li>Champs de saisie personnalisables<\/li>\n<li>Int\u00e9gration transparente avec JetFormBuilder<\/li>\n<li>Prise en charge de plusieurs sources de donn\u00e9es<\/li>\n<li>Installation et configuration faciles<\/li>\n<li>Conception adapt\u00e9e aux mobiles<\/li>\n<li>Hautes performances et r\u00e9activit\u00e9 optimale<\/li>\n<li>Compatible avec les principaux navigateurs<\/li>\n<li>Options de filtrage avanc\u00e9es<\/li>\n<\/ul>\n","protected":false},"excerpt":{"rendered":"<p>D\u00e9couvrez le plugin JetFormBuilder Select Autocomplete\u00a0: la solution id\u00e9ale pour une saisie semi-automatique fluide. Cette puissante fonctionnalit\u00e9 am\u00e9liore l&rsquo;exp\u00e9rience utilisateur en pr\u00e9disant et en sugg\u00e9rant des options pendant la saisie. Que vous recherchiez un tutoriel complet sur JetFormBuilder Select Autocomplete ou des conseils pour une utilisation optimale, notre documentation d\u00e9taill\u00e9e et notre assistance sont l\u00e0 pour vous aider. Simplifiez vos processus de formulaires gr\u00e2ce \u00e0 l&rsquo;installation et la configuration faciles de JetFormBuilder Select Autocomplete. D\u00e9couvrez ses avantages d\u00e8s aujourd&rsquo;hui avec notre guide complet\u00a0!<\/p>\n","protected":false},"featured_media":147021,"comment_status":"open","ping_status":"open","template":"","meta":[],"product_brand":[2576],"product_cat":[1191,1181,1186],"product_tag":[2329],"class_list":{"0":"post-140257","1":"product","2":"type-product","3":"status-publish","4":"has-post-thumbnail","6":"product_brand-crocoblock","7":"product_cat-formes","8":"product_cat-plugins","9":"product_cat-wordpress-plugins","10":"product_tag-crocoblock","11":"member-discount","12":"discount-restricted","14":"first","15":"instock","16":"sale","17":"downloadable","18":"virtual","19":"sold-individually","20":"purchasable","21":"product-type-simple"},"_links":{"self":[{"href":"https:\/\/gpl-love.com\/fr\/wp-json\/wp\/v2\/product\/140257","targetHints":{"allow":["GET"]}}],"collection":[{"href":"https:\/\/gpl-love.com\/fr\/wp-json\/wp\/v2\/product"}],"about":[{"href":"https:\/\/gpl-love.com\/fr\/wp-json\/wp\/v2\/types\/product"}],"replies":[{"embeddable":true,"href":"https:\/\/gpl-love.com\/fr\/wp-json\/wp\/v2\/comments?post=140257"}],"wp:featuredmedia":[{"embeddable":true,"href":"https:\/\/gpl-love.com\/fr\/wp-json\/wp\/v2\/media\/147021"}],"wp:attachment":[{"href":"https:\/\/gpl-love.com\/fr\/wp-json\/wp\/v2\/media?parent=140257"}],"wp:term":[{"taxonomy":"product_brand","embeddable":true,"href":"https:\/\/gpl-love.com\/fr\/wp-json\/wp\/v2\/product_brand?post=140257"},{"taxonomy":"product_cat","embeddable":true,"href":"https:\/\/gpl-love.com\/fr\/wp-json\/wp\/v2\/product_cat?post=140257"},{"taxonomy":"product_tag","embeddable":true,"href":"https:\/\/gpl-love.com\/fr\/wp-json\/wp\/v2\/product_tag?post=140257"}],"curies":[{"name":"wp","href":"https:\/\/api.w.org\/{rel}","templated":true}]}}