{"id":140253,"date":"2024-07-06T00:00:00","date_gmt":"2024-07-05T22:00:00","guid":{"rendered":"https:\/\/gpl-love.com\/fr\/produit\/jet-form-builder-advanced-color-picker\/"},"modified":"2026-04-18T06:33:53","modified_gmt":"2026-04-18T04:33:53","slug":"jet-form-builder-advanced-color-picker","status":"publish","type":"product","link":"https:\/\/gpl-love.com\/fr\/produit\/jet-form-builder-advanced-color-picker\/","title":{"rendered":"Jet Form Builder Advanced Color Picker 1.0.5"},"content":{"rendered":"<h3>Jet Form Builder Advanced Color Picker Traits<\/h3>\n<p>D\u00e9couvrez le s\u00e9lecteur de couleurs avanc\u00e9 de JetFormBuilder\u00a0: la solution id\u00e9ale pour une personnalisation fluide de vos formulaires WordPress. Ce plugin de pointe pour WordPress est sp\u00e9cialement con\u00e7u pour optimiser votre exp\u00e9rience de cr\u00e9ation de formulaires avec JetFormBuilder.<\/p>\n<p>Gr\u00e2ce au s\u00e9lecteur de couleurs avanc\u00e9 de JetFormBuilder, personnalisez vos formulaires en toute simplicit\u00e9 et harmonisez-les avec l&rsquo;esth\u00e9tique de votre marque. Explorez les param\u00e8tres du s\u00e9lecteur de couleurs de JetFormBuilder pour d\u00e9couvrir une multitude de couleurs et d&rsquo;options avanc\u00e9es qui vous permettront de cr\u00e9er des formulaires visuellement attrayants.<\/p>\n<p>Notre s\u00e9lecteur de couleurs intuitif garantit que m\u00eame les d\u00e9butants pourront facilement naviguer et appliquer les couleurs souhait\u00e9es, simplifiant ainsi la mise en forme de vos formulaires. Le s\u00e9lecteur de couleurs avanc\u00e9 de JetFormBuilder simplifie non seulement la personnalisation des couleurs de vos formulaires WordPress, mais leur apporte \u00e9galement une touche professionnelle.<\/p>\n<ul>\n<li>Palettes de couleurs personnalisables<\/li>\n<li>Prise en charge du mod\u00e8le de couleurs RGBA<\/li>\n<li>Interface conviviale<\/li>\n<li>Aper\u00e7u des couleurs en temps r\u00e9el<\/li>\n<li>Options de saisie Hex, RGB et HSL<\/li>\n<li>Historique des couleurs<\/li>\n<li>Conception adaptative pour appareils mobiles<\/li>\n<li>S\u00e9lection des couleurs par glisser-d\u00e9poser<\/li>\n<li>Int\u00e9gration avec les formulaires JetFormBuilder<\/li>\n<li>Compatibilit\u00e9 multi-navigateurs<\/li>\n<\/ul>\n","protected":false},"excerpt":{"rendered":"<p>D\u00e9couvrez le s\u00e9lecteur de couleurs avanc\u00e9 de JetFormBuilder\u00a0: la solution id\u00e9ale pour personnaliser les couleurs de vos formulaires WordPress. Ce s\u00e9lecteur de couleurs intuitif vous permet de personnaliser vos formulaires en toute simplicit\u00e9 gr\u00e2ce \u00e0 ses nombreuses options. Les param\u00e8tres du s\u00e9lecteur de couleurs de JetFormBuilder vous donnent acc\u00e8s \u00e0 des options avanc\u00e9es pour sublimer l&rsquo;esth\u00e9tique de vos formulaires. Ce plugin WordPress s&rsquo;int\u00e8gre parfaitement \u00e0 JetFormBuilder, pour une mise en forme simplifi\u00e9e de vos formulaires. Explorez la puissance du s\u00e9lecteur de couleurs avanc\u00e9 de JetFormBuilder et transformez vos formulaires d\u00e8s aujourd&rsquo;hui\u00a0!<\/p>\n","protected":false},"featured_media":147019,"comment_status":"open","ping_status":"open","template":"","meta":[],"product_brand":[2576],"product_cat":[1191,1181,1186],"product_tag":[2329],"class_list":{"0":"post-140253","1":"product","2":"type-product","3":"status-publish","4":"has-post-thumbnail","6":"product_brand-crocoblock","7":"product_cat-formes","8":"product_cat-plugins","9":"product_cat-wordpress-plugins","10":"product_tag-crocoblock","11":"member-discount","12":"discount-restricted","14":"first","15":"instock","16":"sale","17":"downloadable","18":"virtual","19":"sold-individually","20":"purchasable","21":"product-type-simple"},"_links":{"self":[{"href":"https:\/\/gpl-love.com\/fr\/wp-json\/wp\/v2\/product\/140253","targetHints":{"allow":["GET"]}}],"collection":[{"href":"https:\/\/gpl-love.com\/fr\/wp-json\/wp\/v2\/product"}],"about":[{"href":"https:\/\/gpl-love.com\/fr\/wp-json\/wp\/v2\/types\/product"}],"replies":[{"embeddable":true,"href":"https:\/\/gpl-love.com\/fr\/wp-json\/wp\/v2\/comments?post=140253"}],"wp:featuredmedia":[{"embeddable":true,"href":"https:\/\/gpl-love.com\/fr\/wp-json\/wp\/v2\/media\/147019"}],"wp:attachment":[{"href":"https:\/\/gpl-love.com\/fr\/wp-json\/wp\/v2\/media?parent=140253"}],"wp:term":[{"taxonomy":"product_brand","embeddable":true,"href":"https:\/\/gpl-love.com\/fr\/wp-json\/wp\/v2\/product_brand?post=140253"},{"taxonomy":"product_cat","embeddable":true,"href":"https:\/\/gpl-love.com\/fr\/wp-json\/wp\/v2\/product_cat?post=140253"},{"taxonomy":"product_tag","embeddable":true,"href":"https:\/\/gpl-love.com\/fr\/wp-json\/wp\/v2\/product_tag?post=140253"}],"curies":[{"name":"wp","href":"https:\/\/api.w.org\/{rel}","templated":true}]}}