{"id":139433,"date":"2026-03-25T00:00:00","date_gmt":"2026-03-24T23:00:00","guid":{"rendered":"https:\/\/gpl-love.com\/fr\/produit\/flexible-pdf-coupons-pro-for-woocommerce\/"},"modified":"2026-04-19T00:31:58","modified_gmt":"2026-04-18T22:31:58","slug":"flexible-pdf-coupons-pro-for-woocommerce","status":"publish","type":"product","link":"https:\/\/gpl-love.com\/fr\/produit\/flexible-pdf-coupons-pro-for-woocommerce\/","title":{"rendered":"WPDesk Flexible PDF Coupons Pro pour WooCommerce 2.5.3"},"content":{"rendered":"<h3>WPDesk Flexible PDF Coupons Pro pour WooCommerce Traits<\/h3>\n<p>D\u00e9couvrez toute la puissance de Flexible PDF Coupons Pro pour WooCommerce et optimisez votre exp\u00e9rience e-commerce\u00a0! Con\u00e7u pour WooCommerce, ce plugin premium vous permet de cr\u00e9er, personnaliser et distribuer facilement de superbes coupons PDF. Promotions saisonni\u00e8res, remises sp\u00e9ciales ou programme de fid\u00e9lit\u00e9\u00a0: Flexible PDF Coupons Pro est la solution id\u00e9ale.<\/p>\n<p>Gr\u00e2ce \u00e0 son \u00e9diteur intuitif par glisser-d\u00e9poser, Flexible PDF Coupons Pro vous permet de concevoir des coupons uniques, fid\u00e8les \u00e0 l\u2019identit\u00e9 de votre marque. Le plugin offre de nombreuses options de personnalisation\u00a0: ajout de logos, modification des couleurs, d\u00e9finition des dates d\u2019expiration et des limites d\u2019utilisation. De plus, son int\u00e9gration parfaite \u00e0 votre boutique WooCommerce garantit une exp\u00e9rience utilisateur optimale pour vous et vos clients.<\/p>\n<p>Profitez de fonctionnalit\u00e9s avanc\u00e9es telles que l\u2019envoi automatis\u00e9 d\u2019e-mails, la g\u00e9n\u00e9ration de coupons en masse et des analyses d\u00e9taill\u00e9es pour mesurer le succ\u00e8s de vos campagnes. Flexible PDF Coupons Pro pour WooCommerce renforce l\u2019engagement client, stimule les ventes et fid\u00e9lise la client\u00e8le.<\/p>\n<ul>\n<li>Int\u00e9gration fluide avec WooCommerce<\/li>\n<li><\/li>\n<li>Mod\u00e8les de coupons personnalisables<\/li>\n<li>Prise en charge des remises fixes et en pourcentage<\/li>\n<li>Possibilit\u00e9 de d\u00e9finir des dates d&rsquo;expiration<\/li>\n<li>Option de restriction d&rsquo;utilisation par produit ou cat\u00e9gorie<\/li>\n<li>G\u00e9n\u00e9ration et envoi de coupons PDF par e-mail<\/li>\n<li>Cr\u00e9ation de coupons en masse<\/li>\n<li>Rapports d&rsquo;utilisation et analyses d\u00e9taill\u00e9s<\/li>\n<li>Compatibilit\u00e9 avec diverses extensions WooCommerce<\/li>\n<li>Interface conviviale pour une gestion simplifi\u00e9e<\/li>\n<\/ul>\n","protected":false},"excerpt":{"rendered":"<p>D\u00e9couvrez Flexible PDF Coupons Pro pour WooCommerce, la solution id\u00e9ale pour cr\u00e9er des bons de r\u00e9duction attrayants et personnalisables\u00a0! Gr\u00e2ce \u00e0 notre extension, concevez et g\u00e9n\u00e9rez facilement des coupons PDF professionnels, parfaitement adapt\u00e9s \u00e0 votre marque. Profitez de ses mod\u00e8les intuitifs, de son int\u00e9gration fluide avec WooCommerce et de l&rsquo;envoi automatis\u00e9 par e-mail. Boostez l&rsquo;engagement et la fid\u00e9lit\u00e9 de vos clients tout en optimisant vos ventes gr\u00e2ce \u00e0 cet outil polyvalent. Promotions, cadeaux, programmes de fid\u00e9lit\u00e9\u00a0: Flexible PDF Coupons Pro pour WooCommerce est la solution qu&rsquo;il vous faut. Essayez-le d\u00e8s aujourd&rsquo;hui et transformez votre strat\u00e9gie marketing\u00a0!<\/p>\n","protected":false},"featured_media":147017,"comment_status":"open","ping_status":"open","template":"","meta":[],"product_brand":[2550],"product_cat":[1182,1200,1181],"product_tag":[1685],"class_list":{"0":"post-139433","1":"product","2":"type-product","3":"status-publish","4":"has-post-thumbnail","6":"product_brand-wp-desk","7":"product_cat-commerce-electronique-plugins","8":"product_cat-commercialisation","9":"product_cat-plugins","10":"product_tag-wp-desk","11":"member-discount","12":"discount-restricted","14":"first","15":"instock","16":"sale","17":"downloadable","18":"virtual","19":"sold-individually","20":"purchasable","21":"product-type-simple"},"_links":{"self":[{"href":"https:\/\/gpl-love.com\/fr\/wp-json\/wp\/v2\/product\/139433","targetHints":{"allow":["GET"]}}],"collection":[{"href":"https:\/\/gpl-love.com\/fr\/wp-json\/wp\/v2\/product"}],"about":[{"href":"https:\/\/gpl-love.com\/fr\/wp-json\/wp\/v2\/types\/product"}],"replies":[{"embeddable":true,"href":"https:\/\/gpl-love.com\/fr\/wp-json\/wp\/v2\/comments?post=139433"}],"wp:featuredmedia":[{"embeddable":true,"href":"https:\/\/gpl-love.com\/fr\/wp-json\/wp\/v2\/media\/147017"}],"wp:attachment":[{"href":"https:\/\/gpl-love.com\/fr\/wp-json\/wp\/v2\/media?parent=139433"}],"wp:term":[{"taxonomy":"product_brand","embeddable":true,"href":"https:\/\/gpl-love.com\/fr\/wp-json\/wp\/v2\/product_brand?post=139433"},{"taxonomy":"product_cat","embeddable":true,"href":"https:\/\/gpl-love.com\/fr\/wp-json\/wp\/v2\/product_cat?post=139433"},{"taxonomy":"product_tag","embeddable":true,"href":"https:\/\/gpl-love.com\/fr\/wp-json\/wp\/v2\/product_tag?post=139433"}],"curies":[{"name":"wp","href":"https:\/\/api.w.org\/{rel}","templated":true}]}}