{"id":139428,"date":"2026-03-18T00:00:00","date_gmt":"2026-03-17T23:00:00","guid":{"rendered":"https:\/\/gpl-love.com\/fr\/produit\/eventin-pro\/"},"modified":"2026-04-18T06:33:52","modified_gmt":"2026-04-18T04:33:52","slug":"eventin-pro","status":"publish","type":"product","link":"https:\/\/gpl-love.com\/fr\/produit\/eventin-pro\/","title":{"rendered":"Eventin Pro 4.1.6"},"content":{"rendered":"<h3>Eventin Pro Traits<\/h3>\n<p>Optimisez la gestion de vos \u00e9v\u00e9nements avec Eventin Pro, la solution id\u00e9ale pour une planification et une ex\u00e9cution fluides. Con\u00e7u pour r\u00e9pondre \u00e0 tous vos besoins, Eventin Pro offre des fonctionnalit\u00e9s robustes qui simplifient l&rsquo;ensemble du processus, de la billetterie \u00e0 la gestion des participants.<\/p>\n<p>Eventin Pro est l&rsquo;outil id\u00e9al pour cr\u00e9er et g\u00e9rer facilement des \u00e9v\u00e9nements de toute envergure. Gr\u00e2ce \u00e0 son interface intuitive, vous pouvez configurer des \u00e9v\u00e9nements en quelques minutes, personnaliser les formulaires d&rsquo;inscription et g\u00e9rer les confirmations de pr\u00e9sence sans effort. Les analyses avanc\u00e9es fournissent des donn\u00e9es pertinentes pour suivre la participation et l&rsquo;engagement, garantissant ainsi le succ\u00e8s de chaque \u00e9v\u00e9nement.<\/p>\n<p>Que vous organisiez un petit atelier ou une grande conf\u00e9rence, la suite compl\u00e8te d&rsquo;outils d&rsquo;Eventin Pro, incluant le marketing par e-mail automatis\u00e9 et les notifications en temps r\u00e9el, vous permet de ma\u00eetriser chaque d\u00e9tail. De plus, gr\u00e2ce \u00e0 ses capacit\u00e9s d&rsquo;int\u00e9gration fluides, vous pouvez connecter Eventin Pro \u00e0 vos plateformes pr\u00e9f\u00e9r\u00e9es pour une exp\u00e9rience encore plus optimis\u00e9e.<\/p>\n<ul>\n<li>Gestion d&rsquo;\u00e9v\u00e9nements simplifi\u00e9e<\/li>\n<li>Pages d&rsquo;\u00e9v\u00e9nements personnalisables<\/li>\n<li>Billetterie int\u00e9gr\u00e9e<\/li>\n<li>Suivi des participants en temps r\u00e9el<\/li>\n<li>Notifications par e-mail automatis\u00e9es<\/li>\n<li>Gestion de plusieurs \u00e9v\u00e9nements simultan\u00e9ment<\/li>\n<li>Analyses et rapports d\u00e9taill\u00e9s<\/li>\n<li>Interface mobile optimis\u00e9e<\/li>\n<li>Int\u00e9gration facile avec les plateformes les plus populaires<\/li>\n<\/ul>\n","protected":false},"excerpt":{"rendered":"<p>Le logiciel de gestion d&rsquo;\u00e9v\u00e9nements par excellence, con\u00e7u pour simplifier votre planification. Avec Eventin Pro, organisez facilement conf\u00e9rences, ateliers et \u00e9v\u00e9nements priv\u00e9s. Ses principales fonctionnalit\u00e9s incluent des pages d&rsquo;\u00e9v\u00e9nements personnalisables, une billetterie simplifi\u00e9e et le suivi des participants en temps r\u00e9el. B\u00e9n\u00e9ficiez d&rsquo;une productivit\u00e9 accrue et d&rsquo;une participation en hausse gr\u00e2ce \u00e0 notre plateforme intuitive. Id\u00e9al pour les organisateurs d&rsquo;\u00e9v\u00e9nements, les entreprises et les organisations souhaitant optimiser leur coordination. Boostez la r\u00e9ussite de vos \u00e9v\u00e9nements avec Eventin Pro d\u00e8s aujourd&rsquo;hui\u00a0!<\/p>\n","protected":false},"featured_media":147014,"comment_status":"open","ping_status":"open","template":"","meta":[],"product_brand":[2783],"product_cat":[1189,1181,1186],"product_tag":[2379],"class_list":{"0":"post-139428","1":"product","2":"type-product","3":"status-publish","4":"has-post-thumbnail","6":"product_brand-themewinter","7":"product_cat-personnalisation","8":"product_cat-plugins","9":"product_cat-wordpress-plugins","10":"product_tag-themewinter","11":"member-discount","12":"discount-restricted","14":"first","15":"instock","16":"sale","17":"downloadable","18":"virtual","19":"sold-individually","20":"purchasable","21":"product-type-simple"},"_links":{"self":[{"href":"https:\/\/gpl-love.com\/fr\/wp-json\/wp\/v2\/product\/139428","targetHints":{"allow":["GET"]}}],"collection":[{"href":"https:\/\/gpl-love.com\/fr\/wp-json\/wp\/v2\/product"}],"about":[{"href":"https:\/\/gpl-love.com\/fr\/wp-json\/wp\/v2\/types\/product"}],"replies":[{"embeddable":true,"href":"https:\/\/gpl-love.com\/fr\/wp-json\/wp\/v2\/comments?post=139428"}],"wp:featuredmedia":[{"embeddable":true,"href":"https:\/\/gpl-love.com\/fr\/wp-json\/wp\/v2\/media\/147014"}],"wp:attachment":[{"href":"https:\/\/gpl-love.com\/fr\/wp-json\/wp\/v2\/media?parent=139428"}],"wp:term":[{"taxonomy":"product_brand","embeddable":true,"href":"https:\/\/gpl-love.com\/fr\/wp-json\/wp\/v2\/product_brand?post=139428"},{"taxonomy":"product_cat","embeddable":true,"href":"https:\/\/gpl-love.com\/fr\/wp-json\/wp\/v2\/product_cat?post=139428"},{"taxonomy":"product_tag","embeddable":true,"href":"https:\/\/gpl-love.com\/fr\/wp-json\/wp\/v2\/product_tag?post=139428"}],"curies":[{"name":"wp","href":"https:\/\/api.w.org\/{rel}","templated":true}]}}