{"id":139427,"date":"2026-05-05T00:00:00","date_gmt":"2026-05-04T22:00:00","guid":{"rendered":"https:\/\/gpl-love.com\/fr\/produit\/admin-and-site-enhancements-ase-pro\/"},"modified":"2026-05-13T00:31:55","modified_gmt":"2026-05-12T22:31:55","slug":"admin-and-site-enhancements-ase-pro","status":"publish","type":"product","link":"https:\/\/gpl-love.com\/fr\/produit\/admin-and-site-enhancements-ase-pro\/","title":{"rendered":"Admin et Site Enhancements (ASE) Pro 8.7.3"},"content":{"rendered":"<h3>Admin et Site Enhancements (ASE) Pro Traits<\/h3>\n<p>Optimisez votre site web avec Admin and Site Enhancements PRO, l&rsquo;outil id\u00e9al pour une gestion simplifi\u00e9e et une exp\u00e9rience utilisateur am\u00e9lior\u00e9e. Con\u00e7u pour les webmasters et les administrateurs de sites, ce puissant plugin offre une suite de fonctionnalit\u00e9s qui simplifient les t\u00e2ches administratives et optimisent le fonctionnement global de votre site web.<\/p>\n<ul>\n<li>Tableau de bord d&rsquo;administration am\u00e9lior\u00e9<\/li>\n<li>Outils avanc\u00e9s de gestion des utilisateurs<\/li>\n<li>Th\u00e8mes de site personnalisables<\/li>\n<li>Analyses et rapports en temps r\u00e9el<\/li>\n<li>Fonctionnalit\u00e9s d&rsquo;optimisation SEO<\/li>\n<li>Protocoles de s\u00e9curit\u00e9 int\u00e9gr\u00e9s<\/li>\n<li>Prise en charge multilingue<\/li>\n<li>Sauvegarde et restauration automatis\u00e9es<\/li>\n<li>Interface utilisateur intuitive<\/li>\n<li>Compatibilit\u00e9 \u00e9tendue avec les plugins<\/li>\n<\/ul>\n","protected":false},"excerpt":{"rendered":"<p>D\u00e9couvrez Admin and Site Enhancements PRO, la solution id\u00e9ale pour optimiser les performances et l&rsquo;exp\u00e9rience utilisateur de votre site web. Cet outil puissant offre des fonctionnalit\u00e9s compl\u00e8tes pour simplifier les t\u00e2ches administratives, booster la vitesse de votre site et renforcer sa s\u00e9curit\u00e9. Gr\u00e2ce \u00e0 son interface intuitive et son int\u00e9gration fluide, Admin and Site Enhancements PRO est con\u00e7u pour maximiser l&rsquo;efficacit\u00e9 et garantir le bon fonctionnement de votre site. Am\u00e9liorez la gestion de votre site web gr\u00e2ce \u00e0 des fonctionnalit\u00e9s de pointe qui attirent et informent vos clients potentiels, et assurez-vous que votre site se d\u00e9marque dans l&rsquo;univers num\u00e9rique concurrentiel. D\u00e9couvrez d\u00e8s aujourd&rsquo;hui les avantages d&rsquo;Admin and Site Enhancements PRO\u00a0!<\/p>\n","protected":false},"featured_media":147013,"comment_status":"open","ping_status":"open","template":"","meta":[],"product_brand":[2782],"product_cat":[1187,1181,1186],"product_tag":[2378],"class_list":{"0":"post-139427","1":"product","2":"type-product","3":"status-publish","4":"has-post-thumbnail","6":"product_brand-ase","7":"product_cat-administration-wordpress-plugins","8":"product_cat-plugins","9":"product_cat-wordpress-plugins","10":"product_tag-ase","11":"member-discount","12":"discount-restricted","14":"first","15":"instock","16":"sale","17":"downloadable","18":"virtual","19":"sold-individually","20":"purchasable","21":"product-type-simple"},"_links":{"self":[{"href":"https:\/\/gpl-love.com\/fr\/wp-json\/wp\/v2\/product\/139427","targetHints":{"allow":["GET"]}}],"collection":[{"href":"https:\/\/gpl-love.com\/fr\/wp-json\/wp\/v2\/product"}],"about":[{"href":"https:\/\/gpl-love.com\/fr\/wp-json\/wp\/v2\/types\/product"}],"replies":[{"embeddable":true,"href":"https:\/\/gpl-love.com\/fr\/wp-json\/wp\/v2\/comments?post=139427"}],"wp:featuredmedia":[{"embeddable":true,"href":"https:\/\/gpl-love.com\/fr\/wp-json\/wp\/v2\/media\/147013"}],"wp:attachment":[{"href":"https:\/\/gpl-love.com\/fr\/wp-json\/wp\/v2\/media?parent=139427"}],"wp:term":[{"taxonomy":"product_brand","embeddable":true,"href":"https:\/\/gpl-love.com\/fr\/wp-json\/wp\/v2\/product_brand?post=139427"},{"taxonomy":"product_cat","embeddable":true,"href":"https:\/\/gpl-love.com\/fr\/wp-json\/wp\/v2\/product_cat?post=139427"},{"taxonomy":"product_tag","embeddable":true,"href":"https:\/\/gpl-love.com\/fr\/wp-json\/wp\/v2\/product_tag?post=139427"}],"curies":[{"name":"wp","href":"https:\/\/api.w.org\/{rel}","templated":true}]}}