{"id":139254,"date":"2024-05-06T00:00:00","date_gmt":"2024-05-05T22:00:00","guid":{"rendered":"https:\/\/gpl-love.com\/fr\/produit\/automatorwp-affiliatewp\/"},"modified":"2026-03-21T00:02:52","modified_gmt":"2026-03-20T23:02:52","slug":"automatorwp-affiliatewp","status":"publish","type":"product","link":"https:\/\/gpl-love.com\/fr\/produit\/automatorwp-affiliatewp\/","title":{"rendered":"AutomatorWP AffiliateWP 1.0.4"},"content":{"rendered":"<h3>AutomatorWP AffiliateWP Traits<\/h3>\n<p>Exploitez pleinement le potentiel de votre marketing d&rsquo;affiliation gr\u00e2ce \u00e0 l&rsquo;extension AutomatorWP pour AffiliateWP. Con\u00e7ue sp\u00e9cifiquement pour les affili\u00e9s, cette puissante solution optimise votre exp\u00e9rience AffiliateWP en automatisant les t\u00e2ches r\u00e9p\u00e9titives, vous faisant ainsi gagner du temps et optimisant votre efficacit\u00e9.<\/p>\n<p>Avec AutomatorWP pour AffiliateWP, int\u00e9grez facilement des strat\u00e9gies d&rsquo;automatisation \u00e0 votre flux de travail. Que vous souhaitiez automatiser les inscriptions d&rsquo;affili\u00e9s, ajuster les taux de commission en fonction des performances ou envoyer des e-mails personnalis\u00e9s \u00e0 vos affili\u00e9s, cette int\u00e9gration r\u00e9pond \u00e0 tous vos besoins. L&rsquo;extension est simple d&rsquo;utilisation et son installation rapide vous permet de d\u00e9marrer l&rsquo;automatisation en quelques minutes.<\/p>\n<p>Am\u00e9liorez AffiliateWP avec AutomatorWP et d\u00e9couvrez la simplicit\u00e9 de la gestion des t\u00e2ches d&rsquo;affiliation sans intervention manuelle. Notre tutoriel complet AutomatorWP et AffiliateWP vous guide \u00e0 chaque \u00e9tape, vous assurant ainsi de maximiser le potentiel de votre programme d&rsquo;affiliation.<\/p>\n<p>Id\u00e9ale pour les d\u00e9butants comme pour les affili\u00e9s exp\u00e9riment\u00e9s, l&rsquo;int\u00e9gration AutomatorWP pour AffiliateWP est l&rsquo;outil ultime pour l&rsquo;automatisation du marketing d&rsquo;affiliation. Optimisez vos op\u00e9rations d\u00e8s maintenant.<\/p>\n<ul>\n<li>S&rsquo;int\u00e8gre parfaitement \u00e0 AffiliateWP pour automatiser les t\u00e2ches d&rsquo;affiliation<\/li>\n<li>D\u00e9clenchez des automatisations en fonction des inscriptions, des parrainages et des gains des affili\u00e9s<\/li>\n<li>Personnalisez les flux d&rsquo;automatisation selon vos besoins sp\u00e9cifiques<\/li>\n<li>Compatible avec de nombreux d\u00e9clencheurs et actions au sein d&rsquo;AffiliateWP<\/li>\n<li>Am\u00e9liore le suivi des performances et des commissions des affili\u00e9s<\/li>\n<li>Permet la mise \u00e0 jour automatique des statuts et des classements des affili\u00e9s<\/li>\n<li>Active l&rsquo;envoi de notifications par e-mail automatis\u00e9es aux affili\u00e9s et aux administrateurs<\/li>\n<li>Facilite la gestion efficace des paiements aux affili\u00e9s<\/li>\n<li>Fournit des outils pour cr\u00e9er des flux de travail dynamiques et conditionnels<\/li>\n<li>Compatible avec d&rsquo;autres plugins et th\u00e8mes WordPress populaires<\/li>\n<\/ul>\n","protected":false},"excerpt":{"rendered":"<p>D\u00e9couvrez l&rsquo;int\u00e9gration AutomatorWP AffiliateWP, un plugin dynamique con\u00e7u pour r\u00e9volutionner la gestion des campagnes d&rsquo;affiliation. Cet outil puissant vous permet d&rsquo;automatiser facilement les t\u00e2ches AffiliateWP et d&rsquo;optimiser votre strat\u00e9gie d&rsquo;affiliation gr\u00e2ce \u00e0 des outils d&rsquo;automatisation performants. Que vous soyez d\u00e9butant ou expert, notre tutoriel complet AutomatorWP et AffiliateWP vous guidera pas \u00e0 pas dans la configuration et l&rsquo;optimisation de vos flux de travail. Avec AutomatorWP pour les affili\u00e9s, rationalisez vos op\u00e9rations et optimisez votre efficacit\u00e9 et votre rentabilit\u00e9. Donnez une nouvelle dimension \u00e0 votre marketing d&rsquo;affiliation gr\u00e2ce \u00e0 l&rsquo;int\u00e9gration AutomatorWP AffiliateWP, o\u00f9 simplicit\u00e9 et performance se conjuguent harmonieusement.<\/p>\n","protected":false},"featured_media":147012,"comment_status":"open","ping_status":"open","template":"","meta":[],"product_brand":[2464],"product_cat":[1207,1181,1186],"product_tag":[2260],"class_list":{"0":"post-139254","1":"product","2":"type-product","3":"status-publish","4":"has-post-thumbnail","6":"product_brand-automatorwp","7":"product_cat-commercialisation-wordpress-plugins","8":"product_cat-plugins","9":"product_cat-wordpress-plugins","10":"product_tag-automatorwp","11":"member-discount","12":"discount-restricted","14":"first","15":"instock","16":"sale","17":"downloadable","18":"virtual","19":"sold-individually","20":"purchasable","21":"product-type-simple"},"_links":{"self":[{"href":"https:\/\/gpl-love.com\/fr\/wp-json\/wp\/v2\/product\/139254","targetHints":{"allow":["GET"]}}],"collection":[{"href":"https:\/\/gpl-love.com\/fr\/wp-json\/wp\/v2\/product"}],"about":[{"href":"https:\/\/gpl-love.com\/fr\/wp-json\/wp\/v2\/types\/product"}],"replies":[{"embeddable":true,"href":"https:\/\/gpl-love.com\/fr\/wp-json\/wp\/v2\/comments?post=139254"}],"wp:featuredmedia":[{"embeddable":true,"href":"https:\/\/gpl-love.com\/fr\/wp-json\/wp\/v2\/media\/147012"}],"wp:attachment":[{"href":"https:\/\/gpl-love.com\/fr\/wp-json\/wp\/v2\/media?parent=139254"}],"wp:term":[{"taxonomy":"product_brand","embeddable":true,"href":"https:\/\/gpl-love.com\/fr\/wp-json\/wp\/v2\/product_brand?post=139254"},{"taxonomy":"product_cat","embeddable":true,"href":"https:\/\/gpl-love.com\/fr\/wp-json\/wp\/v2\/product_cat?post=139254"},{"taxonomy":"product_tag","embeddable":true,"href":"https:\/\/gpl-love.com\/fr\/wp-json\/wp\/v2\/product_tag?post=139254"}],"curies":[{"name":"wp","href":"https:\/\/api.w.org\/{rel}","templated":true}]}}