{"id":139252,"date":"2026-04-10T00:00:00","date_gmt":"2026-04-09T22:00:00","guid":{"rendered":"https:\/\/gpl-love.com\/fr\/produit\/automatorwp-mailchimp\/"},"modified":"2026-05-10T06:33:30","modified_gmt":"2026-05-10T04:33:30","slug":"automatorwp-mailchimp","status":"publish","type":"product","link":"https:\/\/gpl-love.com\/fr\/produit\/automatorwp-mailchimp\/","title":{"rendered":"AutomatorWP Mailchimp 1.0.8"},"content":{"rendered":"<h3>AutomatorWP Mailchimp Traits<\/h3>\n<p>Exploitez pleinement le potentiel de vos campagnes d&#8217;emailing gr\u00e2ce \u00e0 l&rsquo;int\u00e9gration Mailchimp d&rsquo;AutomatorWP\u00a0! Cet outil puissant connecte votre site WordPress \u00e0 Mailchimp en toute simplicit\u00e9, vous permettant d&rsquo;automatiser vos workflows d&#8217;emails et d&rsquo;interagir plus efficacement avec vos abonn\u00e9s.<\/p>\n<p>Avec l&rsquo;automatisation Mailchimp d&rsquo;AutomatorWP, configurez des d\u00e9clencheurs d&#8217;emails personnalis\u00e9s qui r\u00e9agissent aux actions des utilisateurs sur votre site. Inscription \u00e0 une newsletter, achat d&rsquo;un produit, participation \u00e0 une formation\u00a0: AutomatorWP garantit que le bon email arrive \u00e0 la bonne personne au bon moment.<\/p>\n<p>Consultez notre tutoriel AutomatorWP Mailchimp pour une prise en main rapide. Vous apprendrez \u00e0 int\u00e9grer vos comptes, configurer l&rsquo;automatisation et utiliser les fonctionnalit\u00e9s avanc\u00e9es en toute simplicit\u00e9. De plus, notre guide pas \u00e0 pas simplifie la mise en \u0153uvre, m\u00eame pour les d\u00e9butants.<\/p>\n<p>Optimisez vos strat\u00e9gies email gr\u00e2ce aux d\u00e9clencheurs d&#8217;emails et \u00e0 la logique conditionnelle d&rsquo;AutomatorWP Mailchimp. Ces fonctionnalit\u00e9s vous permettent de cr\u00e9er des campagnes d&#8217;emails dynamiques et responsives qui s&rsquo;adaptent au comportement et aux pr\u00e9f\u00e9rences des utilisateurs, garantissant un engagement et une conversion optimaux.<\/p>\n<ul>\n<li>Int\u00e9gration fluide de WordPress et Mailchimp<\/li>\n<li>Automatisation de l&rsquo;ajout d&rsquo;abonn\u00e9s aux listes Mailchimp<\/li>\n<li>Synchronisation des r\u00f4les et de l&rsquo;activit\u00e9 des utilisateurs entre WordPress et Mailchimp<\/li>\n<li>D\u00e9clencheurs personnalisables pour les campagnes emailing<\/li>\n<li>Gestion simultan\u00e9e de plusieurs comptes Mailchimp<\/li>\n<li>Options de segmentation email cibl\u00e9e<\/li>\n<li>Installation et utilisation sans programmation<\/li>\n<li>Mise \u00e0 jour des donn\u00e9es en temps r\u00e9el entre les plateformes<\/li>\n<li>R\u00e9ponses email automatiques bas\u00e9es sur le comportement des utilisateurs<\/li>\n<li>Outils d&rsquo;analyse et de reporting d\u00e9taill\u00e9s<\/li>\n<\/ul>\n","protected":false},"excerpt":{"rendered":"<p>D\u00e9couvrez l&rsquo;int\u00e9gration Mailchimp d&rsquo;AutomatorWP, la solution id\u00e9ale pour une automatisation fluide de vos e-mails. Gr\u00e2ce \u00e0 notre tutoriel Mailchimp AutomatorWP simple et intuitif, la configuration est un jeu d&rsquo;enfant. Exploitez la puissance de l&rsquo;automatisation Mailchimp d&rsquo;AutomatorWP pour optimiser vos strat\u00e9gies marketing. Utilisez les d\u00e9clencheurs d&rsquo;e-mails et la logique conditionnelle d&rsquo;AutomatorWP Mailchimp pour personnaliser et simplifier vos campagnes, et garantir que les bons messages atteignent la bonne audience au bon moment. Boostez votre marketing par e-mail avec AutomatorWP Mailchimp et constatez une explosion de votre engagement\u00a0!<\/p>\n","protected":false},"featured_media":147010,"comment_status":"open","ping_status":"open","template":"","meta":[],"product_brand":[2464],"product_cat":[1207,1181,1186],"product_tag":[2260],"class_list":{"0":"post-139252","1":"product","2":"type-product","3":"status-publish","4":"has-post-thumbnail","6":"product_brand-automatorwp","7":"product_cat-commercialisation-wordpress-plugins","8":"product_cat-plugins","9":"product_cat-wordpress-plugins","10":"product_tag-automatorwp","11":"member-discount","12":"discount-restricted","14":"first","15":"instock","16":"sale","17":"downloadable","18":"virtual","19":"sold-individually","20":"purchasable","21":"product-type-simple"},"_links":{"self":[{"href":"https:\/\/gpl-love.com\/fr\/wp-json\/wp\/v2\/product\/139252","targetHints":{"allow":["GET"]}}],"collection":[{"href":"https:\/\/gpl-love.com\/fr\/wp-json\/wp\/v2\/product"}],"about":[{"href":"https:\/\/gpl-love.com\/fr\/wp-json\/wp\/v2\/types\/product"}],"replies":[{"embeddable":true,"href":"https:\/\/gpl-love.com\/fr\/wp-json\/wp\/v2\/comments?post=139252"}],"wp:featuredmedia":[{"embeddable":true,"href":"https:\/\/gpl-love.com\/fr\/wp-json\/wp\/v2\/media\/147010"}],"wp:attachment":[{"href":"https:\/\/gpl-love.com\/fr\/wp-json\/wp\/v2\/media?parent=139252"}],"wp:term":[{"taxonomy":"product_brand","embeddable":true,"href":"https:\/\/gpl-love.com\/fr\/wp-json\/wp\/v2\/product_brand?post=139252"},{"taxonomy":"product_cat","embeddable":true,"href":"https:\/\/gpl-love.com\/fr\/wp-json\/wp\/v2\/product_cat?post=139252"},{"taxonomy":"product_tag","embeddable":true,"href":"https:\/\/gpl-love.com\/fr\/wp-json\/wp\/v2\/product_tag?post=139252"}],"curies":[{"name":"wp","href":"https:\/\/api.w.org\/{rel}","templated":true}]}}