{"id":139250,"date":"2025-10-17T00:00:00","date_gmt":"2025-10-16T22:00:00","guid":{"rendered":"https:\/\/gpl-love.com\/fr\/produit\/gravity-perks-google-sheets\/"},"modified":"2026-04-19T00:31:57","modified_gmt":"2026-04-18T22:31:57","slug":"gravity-perks-google-sheets","status":"publish","type":"product","link":"https:\/\/gpl-love.com\/fr\/produit\/gravity-perks-google-sheets\/","title":{"rendered":"Gravity Perks Google Sheets 1.3.31"},"content":{"rendered":"<h3>Gravity Perks Google Sheets Traits<\/h3>\n<p>Exploitez pleinement le potentiel de vos formulaires gr\u00e2ce \u00e0 l&rsquo;int\u00e9gration Gravity Perks pour Google Sheets. Ce puissant module compl\u00e9mentaire connecte vos formulaires Gravity Forms \u00e0 Google Sheets en toute simplicit\u00e9, offrant une solution intuitive pour la synchronisation des donn\u00e9es et la gestion de vos feuilles de calcul. Avec le plugin Gravity Perks pour Google Sheets, automatisez vos flux de travail et assurez-vous que chaque soumission de formulaire soit instantan\u00e9ment mise \u00e0 jour en temps r\u00e9el dans vos feuilles de calcul Google.<\/p>\n<p>Que vous souhaitiez optimiser votre productivit\u00e9 gr\u00e2ce \u00e0 la synchronisation automatis\u00e9e des donn\u00e9es ou simplifier la gestion des donn\u00e9es de votre projet, cette extension r\u00e9pond \u00e0 tous vos besoins. L&rsquo;extension Gravity Perks pour Google Sheets garantit une transition fluide des donn\u00e9es de votre site web vers vos feuilles de calcul, permettant un suivi et une analyse efficaces.<\/p>\n<ul>\n<li>Int\u00e9gration fluide avec Google Sheets<\/li>\n<li>Exportation de donn\u00e9es en temps r\u00e9el de Gravity Forms vers Google Sheets<\/li>\n<li>Configuration simple, sans aucune ligne de code<\/li>\n<li>Compatible avec tous les champs de Gravity Forms<\/li>\n<li>Logique conditionnelle pour contr\u00f4ler les donn\u00e9es envoy\u00e9es \u00e0 Google Sheets<\/li>\n<li>Transfert de donn\u00e9es s\u00e9curis\u00e9 pour prot\u00e9ger les informations sensibles<\/li>\n<li>Possibilit\u00e9 de mettre \u00e0 jour les lignes existantes dans Google Sheets<\/li>\n<li>Mappage personnalisable des feuilles et des colonnes<\/li>\n<li>Prise en charge de plusieurs comptes Google Sheets<\/li>\n<li>Aucun plugin ni logiciel suppl\u00e9mentaire requis<\/li>\n<\/ul>\n","protected":false},"excerpt":{"rendered":"<p>D\u00e9couvrez l&rsquo;int\u00e9gration Gravity Perks pour Google Sheets, l&rsquo;extension ultime qui synchronise en toute simplicit\u00e9 vos soumissions de formulaires avec Google Sheets. Ce puissant plugin automatise votre flux de travail, garantissant des mises \u00e0 jour en temps r\u00e9el et une gestion efficace de vos feuilles de calcul. Id\u00e9ale pour les entreprises souhaitant optimiser la synchronisation de leurs donn\u00e9es, l&rsquo;extension Gravity Perks pour Google Sheets simplifie les processus et vous permet de vous concentrer sur l&rsquo;essentiel. Gr\u00e2ce \u00e0 des fonctionnalit\u00e9s telles que la synchronisation automatique des donn\u00e9es et l&rsquo;int\u00e9gration compl\u00e8te des soumissions de formulaires, la gestion de vos donn\u00e9es n&rsquo;a jamais \u00e9t\u00e9 aussi simple. Boostez votre productivit\u00e9 avec l&rsquo;automatisation Gravity Perks pour Google Sheets et d\u00e9couvrez le summum des solutions de gestion de donn\u00e9es.<\/p>\n","protected":false},"featured_media":147009,"comment_status":"open","ping_status":"open","template":"","meta":[],"product_brand":[2566],"product_cat":[1187,1181,1186],"product_tag":[2373],"class_list":{"0":"post-139250","1":"product","2":"type-product","3":"status-publish","4":"has-post-thumbnail","6":"product_brand-gravity-perks","7":"product_cat-administration-wordpress-plugins","8":"product_cat-plugins","9":"product_cat-wordpress-plugins","10":"product_tag-gravity-perks","11":"member-discount","12":"discount-restricted","14":"first","15":"instock","16":"sale","17":"downloadable","18":"virtual","19":"sold-individually","20":"purchasable","21":"product-type-simple"},"_links":{"self":[{"href":"https:\/\/gpl-love.com\/fr\/wp-json\/wp\/v2\/product\/139250","targetHints":{"allow":["GET"]}}],"collection":[{"href":"https:\/\/gpl-love.com\/fr\/wp-json\/wp\/v2\/product"}],"about":[{"href":"https:\/\/gpl-love.com\/fr\/wp-json\/wp\/v2\/types\/product"}],"replies":[{"embeddable":true,"href":"https:\/\/gpl-love.com\/fr\/wp-json\/wp\/v2\/comments?post=139250"}],"wp:featuredmedia":[{"embeddable":true,"href":"https:\/\/gpl-love.com\/fr\/wp-json\/wp\/v2\/media\/147009"}],"wp:attachment":[{"href":"https:\/\/gpl-love.com\/fr\/wp-json\/wp\/v2\/media?parent=139250"}],"wp:term":[{"taxonomy":"product_brand","embeddable":true,"href":"https:\/\/gpl-love.com\/fr\/wp-json\/wp\/v2\/product_brand?post=139250"},{"taxonomy":"product_cat","embeddable":true,"href":"https:\/\/gpl-love.com\/fr\/wp-json\/wp\/v2\/product_cat?post=139250"},{"taxonomy":"product_tag","embeddable":true,"href":"https:\/\/gpl-love.com\/fr\/wp-json\/wp\/v2\/product_tag?post=139250"}],"curies":[{"name":"wp","href":"https:\/\/api.w.org\/{rel}","templated":true}]}}