{"id":139248,"date":"2025-06-12T00:00:00","date_gmt":"2025-06-11T22:00:00","guid":{"rendered":"https:\/\/gpl-love.com\/fr\/produit\/automatorwp-google-sheets\/"},"modified":"2026-04-18T06:33:49","modified_gmt":"2026-04-18T04:33:49","slug":"automatorwp-google-sheets","status":"publish","type":"product","link":"https:\/\/gpl-love.com\/fr\/produit\/automatorwp-google-sheets\/","title":{"rendered":"AutomatorWP Google Sheets 1.0.9"},"content":{"rendered":"<h3>AutomatorWP Google Sheets Traits<\/h3>\n<p>Exploitez pleinement le potentiel de vos t\u00e2ches en ligne gr\u00e2ce \u00e0 l&rsquo;int\u00e9gration d&rsquo;AutomatorWP avec Google Sheets\u00a0! Cet outil puissant connecte vos actions WordPress \u00e0 Google Sheets en toute transparence, offrant une multitude de possibilit\u00e9s d&rsquo;automatisation pour optimiser votre flux de travail et booster votre productivit\u00e9.<\/p>\n<p>Que vous soyez d\u00e9butant ou expert, la configuration est un jeu d&rsquo;enfant gr\u00e2ce \u00e0 notre guide d\u00e9taill\u00e9. Explorez diff\u00e9rents cas d&rsquo;utilisation d&rsquo;AutomatorWP avec Google Sheets et d\u00e9couvrez comment automatiser la saisie de donn\u00e9es, g\u00e9rer les mises \u00e0 jour et synchroniser facilement les informations entre les plateformes.<\/p>\n<p>Envie de d\u00e9couvrir des applications concr\u00e8tes\u00a0? Nos exemples d&rsquo;automatisation avec AutomatorWP et Google Sheets illustrent toute la polyvalence de cette int\u00e9gration, de la gestion des inscriptions \u00e0 des \u00e9v\u00e9nements au suivi des ventes e-commerce. Les avantages sont innombrables, comme le souligne notre analyse compl\u00e8te d&rsquo;AutomatorWP avec Google Sheets, qui met en avant son efficacit\u00e9 et sa compatibilit\u00e9 avec de nombreux plugins WordPress.<\/p>\n<p>Gardez une longueur d&rsquo;avance gr\u00e2ce aux mises \u00e0 jour r\u00e9guli\u00e8res d&rsquo;AutomatorWP avec Google Sheets, qui garantissent une compatibilit\u00e9 optimale et introduisent de nouvelles fonctionnalit\u00e9s pour am\u00e9liorer vos capacit\u00e9s d&rsquo;automatisation. De plus, avec une tarification transparente, vous b\u00e9n\u00e9ficiez d&rsquo;un excellent rapport qualit\u00e9-prix.<\/p>\n<ul>\n<li>Int\u00e9gration fluide de Google Sheets \u00e0 WordPress<\/li>\n<li>Automatisation de la saisie des donn\u00e9es de WordPress vers Google Sheets<\/li>\n<li>Synchronisation en temps r\u00e9el pour des informations toujours \u00e0 jour<\/li>\n<li>Prise en charge des types de publication personnalis\u00e9s et des champs de donn\u00e9es utilisateur<\/li>\n<li>Configuration simple, sans programmation<\/li>\n<li>Journaux de suivi des actions automatis\u00e9es<\/li>\n<li>Compatible avec de nombreux plugins WordPress<\/li>\n<li>Possibilit\u00e9 d&rsquo;exporter les donn\u00e9es WordPress pour une analyse approfondie<\/li>\n<li>Connexion s\u00e9curis\u00e9e via l&rsquo;API Google pour le transfert de donn\u00e9es<\/li>\n<li>D\u00e9clencheurs et actions personnalisables selon vos besoins<\/li>\n<\/ul>\n","protected":false},"excerpt":{"rendered":"<p>D\u00e9couvrez la puissance de l&rsquo;int\u00e9gration fluide avec AutomatorWP Google Sheets\u00a0! Cet outil performant optimise votre flux de travail gr\u00e2ce \u00e0 des tutoriels AutomatorWP Google Sheets faciles \u00e0 suivre et un guide d&rsquo;installation simple. D\u00e9couvrez diff\u00e9rents cas d&rsquo;utilisation et exemples d&rsquo;automatisation qui illustrent comment AutomatorWP Google Sheets peut simplifier vos t\u00e2ches. B\u00e9n\u00e9ficiez d&rsquo;une compatibilit\u00e9 avec de nombreuses plateformes pour une exp\u00e9rience utilisateur optimale. Consultez les derni\u00e8res mises \u00e0 jour d&rsquo;AutomatorWP Google Sheets et d\u00e9couvrez nos tarifs comp\u00e9titifs. Profitez d&rsquo;am\u00e9liorations continues et d&rsquo;un support technique pour garantir l&rsquo;efficacit\u00e9 de vos op\u00e9rations. Automatisez plus intelligemment, pas plus difficilement, avec l&rsquo;int\u00e9gration d&rsquo;AutomatorWP Google Sheets\u00a0!<\/p>\n","protected":false},"featured_media":147008,"comment_status":"open","ping_status":"open","template":"","meta":[],"product_brand":[2464],"product_cat":[1187,1181,1186],"product_tag":[2260],"class_list":{"0":"post-139248","1":"product","2":"type-product","3":"status-publish","4":"has-post-thumbnail","6":"product_brand-automatorwp","7":"product_cat-administration-wordpress-plugins","8":"product_cat-plugins","9":"product_cat-wordpress-plugins","10":"product_tag-automatorwp","11":"member-discount","12":"discount-restricted","14":"first","15":"instock","16":"sale","17":"downloadable","18":"virtual","19":"sold-individually","20":"purchasable","21":"product-type-simple"},"_links":{"self":[{"href":"https:\/\/gpl-love.com\/fr\/wp-json\/wp\/v2\/product\/139248","targetHints":{"allow":["GET"]}}],"collection":[{"href":"https:\/\/gpl-love.com\/fr\/wp-json\/wp\/v2\/product"}],"about":[{"href":"https:\/\/gpl-love.com\/fr\/wp-json\/wp\/v2\/types\/product"}],"replies":[{"embeddable":true,"href":"https:\/\/gpl-love.com\/fr\/wp-json\/wp\/v2\/comments?post=139248"}],"wp:featuredmedia":[{"embeddable":true,"href":"https:\/\/gpl-love.com\/fr\/wp-json\/wp\/v2\/media\/147008"}],"wp:attachment":[{"href":"https:\/\/gpl-love.com\/fr\/wp-json\/wp\/v2\/media?parent=139248"}],"wp:term":[{"taxonomy":"product_brand","embeddable":true,"href":"https:\/\/gpl-love.com\/fr\/wp-json\/wp\/v2\/product_brand?post=139248"},{"taxonomy":"product_cat","embeddable":true,"href":"https:\/\/gpl-love.com\/fr\/wp-json\/wp\/v2\/product_cat?post=139248"},{"taxonomy":"product_tag","embeddable":true,"href":"https:\/\/gpl-love.com\/fr\/wp-json\/wp\/v2\/product_tag?post=139248"}],"curies":[{"name":"wp","href":"https:\/\/api.w.org\/{rel}","templated":true}]}}