{"id":139247,"date":"2026-04-16T00:00:00","date_gmt":"2026-04-15T22:00:00","guid":{"rendered":"https:\/\/gpl-love.com\/fr\/produit\/email-marketing-automation-mail-mint-pro\/"},"modified":"2026-04-22T00:30:55","modified_gmt":"2026-04-21T22:30:55","slug":"email-marketing-automation-mail-mint-pro","status":"publish","type":"product","link":"https:\/\/gpl-love.com\/fr\/produit\/email-marketing-automation-mail-mint-pro\/","title":{"rendered":"Email Marketing Automation Mail Mint Pro 1.20.1"},"content":{"rendered":"<h3>Email Marketing Automation Mail Mint Pro Traits<\/h3>\n<p>Exploitez pleinement le potentiel de votre strat\u00e9gie marketing digitale avec Mail Mint Pro, le logiciel d&rsquo;automatisation marketing par e-mail de r\u00e9f\u00e9rence con\u00e7u pour les marketeurs avertis. Ce syst\u00e8me performant simplifie vos campagnes et vous permet de diffuser facilement et avec pr\u00e9cision un contenu personnalis\u00e9 directement dans la bo\u00eete de r\u00e9ception de votre audience.<\/p>\n<p>Avec Mail Mint Pro, configurez, g\u00e9rez et suivez sans effort vos campagnes e-mail pour optimiser l&rsquo;engagement et la conversion. Que vous soyez une PME ou une grande entreprise, cette solution d&rsquo;automatisation marketing par e-mail s&rsquo;int\u00e8gre parfaitement \u00e0 votre arsenal marketing et renforce votre capacit\u00e9 \u00e0 interagir efficacement avec vos abonn\u00e9s.<\/p>\n<p>D\u00e9couvrez des fonctionnalit\u00e9s telles que la segmentation avanc\u00e9e, les tests A\/B et des analyses d\u00e9taill\u00e9es qui font de Mail Mint Pro un logiciel d&rsquo;automatisation marketing par e-mail de premier plan. Boostez vos taux d&rsquo;ouverture, augmentez vos conversions et gagnez du temps gr\u00e2ce \u00e0 des workflows automatis\u00e9s qui accompagnent vos prospects du premier contact \u00e0 la fid\u00e9lisation.<\/p>\n<p>Choisissez Mail Mint Pro pour vos besoins en marketing par e-mail et transformez votre strat\u00e9gie de communication gr\u00e2ce \u00e0 une plateforme puissante et intuitive qui g\u00e9n\u00e8re des r\u00e9sultats concrets.<\/p>\n<ul>\n<li>Cr\u00e9ateur d&#8217;emails intuitif par glisser-d\u00e9poser<\/li>\n<li><\/li>\n<li>Options de segmentation avanc\u00e9es pour des campagnes cibl\u00e9es<\/li>\n<li>S\u00e9quences d&#8217;emails automatis\u00e9es bas\u00e9es sur le comportement des abonn\u00e9s<\/li>\n<li>Tableau de bord d&rsquo;analyse et de reporting en temps r\u00e9el<\/li>\n<li>Tests A\/B pour optimiser les taux d&rsquo;ouverture et de clics des emails<\/li>\n<li>Int\u00e9gration avec les principales plateformes e-commerce<\/li>\n<li>Mod\u00e8les personnalisables pour les newsletters, les promotions et plus encore<\/li>\n<li>Outils de conformit\u00e9 RGPD pour une gestion s\u00e9curis\u00e9e des donn\u00e9es des abonn\u00e9s<\/li>\n<li>Assistance client 24h\/24 et 7j\/7 par chat, email et t\u00e9l\u00e9phone<\/li>\n<li>Formules \u00e9volutives adapt\u00e9es aux PME comme aux grandes entreprises<\/li>\n<\/ul>\n","protected":false},"excerpt":{"rendered":"<p>D\u00e9couvrez la puissance de Mail Mint Pro, le meilleur logiciel d&rsquo;automatisation marketing par e-mail con\u00e7u pour optimiser vos campagnes num\u00e9riques. Notre syst\u00e8me complet vous permet de cr\u00e9er, programmer et analyser vos campagnes en toute simplicit\u00e9, vous faisant gagner du temps et augmentant vos conversions. Avec Mail Mint Pro, profitez de fonctionnalit\u00e9s telles que la segmentation avanc\u00e9e et les workflows personnalis\u00e9s, ce qui en fait la solution d&rsquo;automatisation marketing par e-mail par excellence. D\u00e9veloppez votre activit\u00e9 gr\u00e2ce \u00e0 l&rsquo;efficacit\u00e9 et la pr\u00e9cision de Mail Mint Pro, votre partenaire pour ma\u00eetriser l&rsquo;automatisation marketing par e-mail\u00a0!<\/p>\n","protected":false},"featured_media":147007,"comment_status":"open","ping_status":"open","template":"","meta":[],"product_brand":[2743],"product_cat":[1207,1181,1186],"product_tag":[2374],"class_list":{"0":"post-139247","1":"product","2":"type-product","3":"status-publish","4":"has-post-thumbnail","6":"product_brand-wpfunnels","7":"product_cat-commercialisation-wordpress-plugins","8":"product_cat-plugins","9":"product_cat-wordpress-plugins","10":"product_tag-wpfunnels","11":"member-discount","12":"discount-restricted","14":"first","15":"instock","16":"sale","17":"downloadable","18":"virtual","19":"sold-individually","20":"purchasable","21":"product-type-simple"},"_links":{"self":[{"href":"https:\/\/gpl-love.com\/fr\/wp-json\/wp\/v2\/product\/139247","targetHints":{"allow":["GET"]}}],"collection":[{"href":"https:\/\/gpl-love.com\/fr\/wp-json\/wp\/v2\/product"}],"about":[{"href":"https:\/\/gpl-love.com\/fr\/wp-json\/wp\/v2\/types\/product"}],"replies":[{"embeddable":true,"href":"https:\/\/gpl-love.com\/fr\/wp-json\/wp\/v2\/comments?post=139247"}],"wp:featuredmedia":[{"embeddable":true,"href":"https:\/\/gpl-love.com\/fr\/wp-json\/wp\/v2\/media\/147007"}],"wp:attachment":[{"href":"https:\/\/gpl-love.com\/fr\/wp-json\/wp\/v2\/media?parent=139247"}],"wp:term":[{"taxonomy":"product_brand","embeddable":true,"href":"https:\/\/gpl-love.com\/fr\/wp-json\/wp\/v2\/product_brand?post=139247"},{"taxonomy":"product_cat","embeddable":true,"href":"https:\/\/gpl-love.com\/fr\/wp-json\/wp\/v2\/product_cat?post=139247"},{"taxonomy":"product_tag","embeddable":true,"href":"https:\/\/gpl-love.com\/fr\/wp-json\/wp\/v2\/product_tag?post=139247"}],"curies":[{"name":"wp","href":"https:\/\/api.w.org\/{rel}","templated":true}]}}