{"id":139246,"date":"2024-05-06T00:00:00","date_gmt":"2024-05-05T22:00:00","guid":{"rendered":"https:\/\/gpl-love.com\/fr\/produit\/user-activity-log-pro\/"},"modified":"2026-03-21T00:02:47","modified_gmt":"2026-03-20T23:02:47","slug":"user-activity-log-pro","status":"publish","type":"product","link":"https:\/\/gpl-love.com\/fr\/produit\/user-activity-log-pro\/","title":{"rendered":"User Activity Log Pro 2.3.5"},"content":{"rendered":"<h3>User Activity Log Pro Traits<\/h3>\n<p>Exploitez pleinement le potentiel de votre organisation avec **User Activity Log Pro**, la solution de r\u00e9f\u00e9rence pour la surveillance de l&rsquo;activit\u00e9 des utilisateurs. Con\u00e7u pour les entreprises recherchant un syst\u00e8me de journalisation robuste et professionnel, ce logiciel excelle dans le suivi efficace et discret de l&rsquo;activit\u00e9 des utilisateurs.<\/p>\n<p>Avec User Activity Log Pro, surveillez facilement le comportement des utilisateurs et assurez la conformit\u00e9 et la s\u00e9curit\u00e9 de votre r\u00e9seau. Cet outil de suivi intuitif fournit des informations d\u00e9taill\u00e9es en temps r\u00e9el, vous permettant de comprendre l&rsquo;utilisation de vos ressources. Que votre objectif soit d&rsquo;am\u00e9liorer la productivit\u00e9, de pr\u00e9venir les acc\u00e8s non autoris\u00e9s ou d&rsquo;auditer les actions des utilisateurs, notre logiciel de journalisation est la solution id\u00e9ale.<\/p>\n<ul>\n<li>Suivi complet des activit\u00e9s des utilisateurs sur votre plateforme<\/li>\n<li>Tableau de bord de surveillance en temps r\u00e9el<\/li>\n<li>Alertes personnalisables pour des actions sp\u00e9cifiques<\/li>\n<li>Rapports et analyses d\u00e9taill\u00e9s<\/li>\n<li>Options d&rsquo;exportation des donn\u00e9es dans de multiples formats<\/li>\n<li>Outils d&rsquo;analyse du comportement des utilisateurs<\/li>\n<li>Int\u00e9gration facile avec les syst\u00e8mes existants<\/li>\n<li>Gestion s\u00e9curis\u00e9e des donn\u00e9es conforme aux r\u00e9glementations en mati\u00e8re de protection de la vie priv\u00e9e<\/li>\n<li>Dur\u00e9es de conservation des donn\u00e9es ajustables<\/li>\n<li><\/li>\n<li>Prise en charge de plusieurs utilisateurs et r\u00f4les<\/li>\n<\/ul>\n","protected":false},"excerpt":{"rendered":"<p>D\u00e9couvrez User Activity Log Pro, le logiciel de journalisation d&rsquo;activit\u00e9 par excellence, con\u00e7u pour optimiser vos capacit\u00e9s de surveillance. Gr\u00e2ce \u00e0 cet outil performant de suivi de l&rsquo;activit\u00e9 des utilisateurs, vous pouvez facilement suivre leurs activit\u00e9s et surveiller leur comportement sur l&rsquo;ensemble de votre r\u00e9seau. Id\u00e9al pour les entreprises \u00e0 la recherche d&rsquo;un syst\u00e8me de journalisation professionnel, notre logiciel offre des analyses et des informations d\u00e9taill\u00e9es qui renforcent la s\u00e9curit\u00e9 et l&rsquo;efficacit\u00e9. Que vous souhaitiez am\u00e9liorer la supervision ou rationaliser vos op\u00e9rations, User Activity Log Pro vous apporte la solution compl\u00e8te dont vous avez besoin pour garantir la s\u00e9curit\u00e9 et l&rsquo;optimisation de votre environnement num\u00e9rique. Commencez d\u00e8s aujourd&rsquo;hui \u00e0 surveiller avec pr\u00e9cision\u00a0!<\/p>\n","protected":false},"featured_media":147006,"comment_status":"open","ping_status":"open","template":"","meta":[],"product_brand":[2435],"product_cat":[1187,1181,1186],"product_tag":[1231],"class_list":{"0":"post-139246","1":"product","2":"type-product","3":"status-publish","4":"has-post-thumbnail","6":"product_brand-codecanyon","7":"product_cat-administration-wordpress-plugins","8":"product_cat-plugins","9":"product_cat-wordpress-plugins","10":"product_tag-codecanyon","11":"member-discount","12":"discount-restricted","14":"first","15":"instock","16":"sale","17":"downloadable","18":"virtual","19":"sold-individually","20":"purchasable","21":"product-type-simple"},"_links":{"self":[{"href":"https:\/\/gpl-love.com\/fr\/wp-json\/wp\/v2\/product\/139246","targetHints":{"allow":["GET"]}}],"collection":[{"href":"https:\/\/gpl-love.com\/fr\/wp-json\/wp\/v2\/product"}],"about":[{"href":"https:\/\/gpl-love.com\/fr\/wp-json\/wp\/v2\/types\/product"}],"replies":[{"embeddable":true,"href":"https:\/\/gpl-love.com\/fr\/wp-json\/wp\/v2\/comments?post=139246"}],"wp:featuredmedia":[{"embeddable":true,"href":"https:\/\/gpl-love.com\/fr\/wp-json\/wp\/v2\/media\/147006"}],"wp:attachment":[{"href":"https:\/\/gpl-love.com\/fr\/wp-json\/wp\/v2\/media?parent=139246"}],"wp:term":[{"taxonomy":"product_brand","embeddable":true,"href":"https:\/\/gpl-love.com\/fr\/wp-json\/wp\/v2\/product_brand?post=139246"},{"taxonomy":"product_cat","embeddable":true,"href":"https:\/\/gpl-love.com\/fr\/wp-json\/wp\/v2\/product_cat?post=139246"},{"taxonomy":"product_tag","embeddable":true,"href":"https:\/\/gpl-love.com\/fr\/wp-json\/wp\/v2\/product_tag?post=139246"}],"curies":[{"name":"wp","href":"https:\/\/api.w.org\/{rel}","templated":true}]}}