{"id":139191,"date":"2026-03-18T00:00:00","date_gmt":"2026-03-17T23:00:00","guid":{"rendered":"https:\/\/gpl-love.com\/fr\/produit\/cost-calculator-builder-pro\/"},"modified":"2026-04-24T12:33:30","modified_gmt":"2026-04-24T10:33:30","slug":"cost-calculator-builder-pro","status":"publish","type":"product","link":"https:\/\/gpl-love.com\/fr\/produit\/cost-calculator-builder-pro\/","title":{"rendered":"Cost Calculator Builder Pro 3.6.12"},"content":{"rendered":"<h3>Cost Calculator Builder Pro Traits<\/h3>\n<p>Optimisez votre plateforme en ligne avec Cost Calculator Builder Pro, l&rsquo;outil de cr\u00e9ation de calculateurs avanc\u00e9s par excellence, con\u00e7u pour am\u00e9liorer l&rsquo;engagement utilisateur et simplifier vos op\u00e9rations. Id\u00e9al pour toute entreprise ayant besoin d&rsquo;estimations de co\u00fbts pr\u00e9cises, cette version Pro vous permet de cr\u00e9er facilement des calculateurs interactifs et personnalis\u00e9s.<\/p>\n<p>Notre outil de cr\u00e9ation de calculateurs de co\u00fbts en ligne est bien plus qu&rsquo;un simple outil\u00a0: c&rsquo;est une solution qui s&rsquo;int\u00e8gre parfaitement \u00e0 votre site web, offrant une interface intuitive pour une navigation et une utilisation simplifi\u00e9es. Que vous souhaitiez concevoir des devis complexes ou des ventilations de co\u00fbts simples, notre outil de cr\u00e9ation de calculateurs personnalis\u00e9s pour sites web est pr\u00eat \u00e0 tout g\u00e9rer.<\/p>\n<p>Avec Cost Calculator Builder Pro, b\u00e9n\u00e9ficiez d&rsquo;une multitude de fonctionnalit\u00e9s avanc\u00e9es que les versions standard ne peuvent \u00e9galer. Ce logiciel d&rsquo;estimation de co\u00fbts renforce non seulement le professionnalisme de votre site, mais am\u00e9liore \u00e9galement le processus de d\u00e9cision de vos clients en leur fournissant des estimations d\u00e9taill\u00e9es et pr\u00e9cises en temps r\u00e9el.<\/p>\n<ul>\n<li>Mod\u00e8les de calculatrices personnalisables<\/li>\n<li>Interface glisser-d\u00e9poser intuitive<\/li>\n<li>Estimation des co\u00fbts en temps r\u00e9el<\/li>\n<li>Int\u00e9gration avec les plateformes e-commerce telles que Shopify et WooCommerce<\/li>\n<li>Gestion de plusieurs devises et taux de taxe<\/li>\n<li>Possibilit\u00e9 d&rsquo;ajouter des remises et des codes promo<\/li>\n<li>Design adaptatif pour une compatibilit\u00e9 mobile et ordinateur<\/li>\n<li>Outils d&rsquo;analyse et de reporting d\u00e9taill\u00e9s<\/li>\n<li>S\u00e9curisation du chiffrement des donn\u00e9es et protection de la vie priv\u00e9e<\/li>\n<li>Cr\u00e9ation de calculatrices illimit\u00e9e et aucune commission sur les transactions<\/li>\n<\/ul>\n","protected":false},"excerpt":{"rendered":"<p>D\u00e9couvrez Cost Calculator Builder Pro, l&rsquo;outil ultime de cr\u00e9ation de calculateurs de co\u00fbts en ligne pour les professionnels souhaitant enrichir leur site web d&rsquo;outils de calcul personnalis\u00e9s et performants. Notre version Pro est con\u00e7ue pour une int\u00e9gration parfaite, permettant aux utilisateurs de cr\u00e9er facilement des outils d&rsquo;estimation de co\u00fbts sur mesure. Ce logiciel puissant am\u00e9liore l&rsquo;engagement des utilisateurs en fournissant des estimations de co\u00fbts instantan\u00e9es et optimise les fonctionnalit\u00e9s de votre site. Passez \u00e0 Cost Calculator Builder Pro d\u00e8s aujourd&rsquo;hui et profitez du cr\u00e9ateur de calculateurs personnalis\u00e9s le plus sophistiqu\u00e9 du march\u00e9. Faites de votre site web la r\u00e9f\u00e9rence en mati\u00e8re de calculs de co\u00fbts pr\u00e9cis et fiables\u00a0!<\/p>\n","protected":false},"featured_media":147002,"comment_status":"open","ping_status":"open","template":"","meta":[],"product_brand":[2589],"product_cat":[1191,1181,1186],"product_tag":[2319],"class_list":{"0":"post-139191","1":"product","2":"type-product","3":"status-publish","4":"has-post-thumbnail","6":"product_brand-stylemixthemes","7":"product_cat-formes","8":"product_cat-plugins","9":"product_cat-wordpress-plugins","10":"product_tag-stylemixthemes","11":"member-discount","12":"discount-restricted","14":"first","15":"instock","16":"sale","17":"downloadable","18":"virtual","19":"sold-individually","20":"purchasable","21":"product-type-simple"},"_links":{"self":[{"href":"https:\/\/gpl-love.com\/fr\/wp-json\/wp\/v2\/product\/139191","targetHints":{"allow":["GET"]}}],"collection":[{"href":"https:\/\/gpl-love.com\/fr\/wp-json\/wp\/v2\/product"}],"about":[{"href":"https:\/\/gpl-love.com\/fr\/wp-json\/wp\/v2\/types\/product"}],"replies":[{"embeddable":true,"href":"https:\/\/gpl-love.com\/fr\/wp-json\/wp\/v2\/comments?post=139191"}],"wp:featuredmedia":[{"embeddable":true,"href":"https:\/\/gpl-love.com\/fr\/wp-json\/wp\/v2\/media\/147002"}],"wp:attachment":[{"href":"https:\/\/gpl-love.com\/fr\/wp-json\/wp\/v2\/media?parent=139191"}],"wp:term":[{"taxonomy":"product_brand","embeddable":true,"href":"https:\/\/gpl-love.com\/fr\/wp-json\/wp\/v2\/product_brand?post=139191"},{"taxonomy":"product_cat","embeddable":true,"href":"https:\/\/gpl-love.com\/fr\/wp-json\/wp\/v2\/product_cat?post=139191"},{"taxonomy":"product_tag","embeddable":true,"href":"https:\/\/gpl-love.com\/fr\/wp-json\/wp\/v2\/product_tag?post=139191"}],"curies":[{"name":"wp","href":"https:\/\/api.w.org\/{rel}","templated":true}]}}