{"id":139186,"date":"2025-05-20T00:00:00","date_gmt":"2025-05-19T22:00:00","guid":{"rendered":"https:\/\/gpl-love.com\/fr\/produit\/bookingpress-authorizenet-payment-gateway\/"},"modified":"2026-05-13T12:31:17","modified_gmt":"2026-05-13T10:31:17","slug":"bookingpress-authorizenet-payment-gateway","status":"publish","type":"product","link":"https:\/\/gpl-love.com\/fr\/produit\/bookingpress-authorizenet-payment-gateway\/","title":{"rendered":"BookingPress Authorize.Net Payment Gateway 1.6"},"content":{"rendered":"<h3>BookingPress Authorize.Net Payment Gateway Traits<\/h3>\n<p>Am\u00e9liorez votre syst\u00e8me de r\u00e9servation en ligne avec la passerelle de paiement Authorize.Net de BookingPress. Sp\u00e9cialement con\u00e7ue pour une int\u00e9gration fluide avec Authorize.Net, cette solution garantit des transactions rapides, s\u00e9curis\u00e9es et simples. Gr\u00e2ce aux solutions de passerelle de paiement BookingPress, offrez \u00e0 vos clients plusieurs options de paiement Authorize.Net, renfor\u00e7ant ainsi leur satisfaction et leur confiance.<\/p>\n<p>Profitez de la s\u00e9curit\u00e9 des paiements avec Authorize.Net pour BookingPress. Cette int\u00e9gration robuste prend en charge toutes les principales cartes de cr\u00e9dit, permettant \u00e0 vos clients de r\u00e9server des services ou des rendez-vous en toute simplicit\u00e9. La passerelle crypte les informations sensibles pour assurer la s\u00e9curit\u00e9 et la tranquillit\u00e9 d&rsquo;esprit de vos clients et de vous-m\u00eame.<\/p>\n<p>Que vous soyez une petite entreprise ou une grande soci\u00e9t\u00e9, la passerelle de paiement Authorize.Net de BookingPress est la solution id\u00e9ale pour un traitement des paiements fiable et efficace. Ne laissez pas des syst\u00e8mes de paiement complexes vous ralentir. Optez pour la simplicit\u00e9 et la s\u00e9curit\u00e9 avec notre solution fiable et facile \u00e0 int\u00e9grer.<\/p>\n<ul>\n<li>Int\u00e9gration fluide avec le plugin BookingPress<\/li>\n<li><\/li>\n<li>Traitement s\u00e9curis\u00e9 des paiements par carte bancaire<\/li>\n<li><\/li>\n<li>Prise en charge des paiements r\u00e9currents pour les abonnements<\/li>\n<li>Configuration et installation simplifi\u00e9es via l&rsquo;interface BookingPress<\/li>\n<li>Cryptage SSL pour des transactions s\u00e9curis\u00e9es<\/li>\n<li><\/li>\n<li>Compatible avec les principales cartes bancaires, notamment Visa, MasterCard et American Express<\/li>\n<li>Traitement des paiements en temps r\u00e9el<\/li>\n<li>Historique d\u00e9taill\u00e9 des transactions pour faciliter l&rsquo;audit et la comptabilit\u00e9<\/li>\n<li>Gestion des remboursements (complets et partiels) directement depuis le tableau de bord<\/li>\n<li><\/li>\n<li>Conformit\u00e9 aux normes PCI DSS pour la s\u00e9curit\u00e9 des donn\u00e9es<\/li>\n<\/ul>\n","protected":false},"excerpt":{"rendered":"<p>D\u00e9couvrez la passerelle de paiement Authorize.Net pour BookingPress, la solution id\u00e9ale pour une int\u00e9gration fluide avec Authorize.Net. Optimisez votre syst\u00e8me de r\u00e9servation gr\u00e2ce \u00e0 notre solution de traitement des paiements s\u00e9curis\u00e9e avec Authorize.Net pour BookingPress et assurez-vous des transactions s\u00e9curis\u00e9es \u00e0 chaque fois. Notre extension simplifie votre flux de travail et \u00e9largit vos options de paiement gr\u00e2ce \u00e0 de multiples solutions Authorize.Net pour BookingPress. Choisissez une passerelle de paiement BookingPress et donnez un coup de pouce \u00e0 votre activit\u00e9. Faites confiance \u00e0 notre syst\u00e8me robuste pour g\u00e9rer vos paiements de mani\u00e8re s\u00e9curis\u00e9e et efficace. Lancez-vous d\u00e8s aujourd&rsquo;hui et am\u00e9liorez l&rsquo;exp\u00e9rience client en toute simplicit\u00e9\u00a0!<\/p>\n","protected":false},"featured_media":146999,"comment_status":"open","ping_status":"open","template":"","meta":[],"product_brand":[2778],"product_cat":[1182,1401,1181],"product_tag":[2371],"class_list":{"0":"post-139186","1":"product","2":"type-product","3":"status-publish","4":"has-post-thumbnail","6":"product_brand-bookingpress","7":"product_cat-commerce-electronique-plugins","8":"product_cat-paiement-commerce-electronique-plugins","9":"product_cat-plugins","10":"product_tag-bookingpress","11":"member-discount","12":"discount-restricted","14":"first","15":"instock","16":"sale","17":"downloadable","18":"virtual","19":"sold-individually","20":"purchasable","21":"product-type-simple"},"_links":{"self":[{"href":"https:\/\/gpl-love.com\/fr\/wp-json\/wp\/v2\/product\/139186","targetHints":{"allow":["GET"]}}],"collection":[{"href":"https:\/\/gpl-love.com\/fr\/wp-json\/wp\/v2\/product"}],"about":[{"href":"https:\/\/gpl-love.com\/fr\/wp-json\/wp\/v2\/types\/product"}],"replies":[{"embeddable":true,"href":"https:\/\/gpl-love.com\/fr\/wp-json\/wp\/v2\/comments?post=139186"}],"wp:featuredmedia":[{"embeddable":true,"href":"https:\/\/gpl-love.com\/fr\/wp-json\/wp\/v2\/media\/146999"}],"wp:attachment":[{"href":"https:\/\/gpl-love.com\/fr\/wp-json\/wp\/v2\/media?parent=139186"}],"wp:term":[{"taxonomy":"product_brand","embeddable":true,"href":"https:\/\/gpl-love.com\/fr\/wp-json\/wp\/v2\/product_brand?post=139186"},{"taxonomy":"product_cat","embeddable":true,"href":"https:\/\/gpl-love.com\/fr\/wp-json\/wp\/v2\/product_cat?post=139186"},{"taxonomy":"product_tag","embeddable":true,"href":"https:\/\/gpl-love.com\/fr\/wp-json\/wp\/v2\/product_tag?post=139186"}],"curies":[{"name":"wp","href":"https:\/\/api.w.org\/{rel}","templated":true}]}}