{"id":139184,"date":"2024-04-14T00:00:00","date_gmt":"2024-04-13T22:00:00","guid":{"rendered":"https:\/\/gpl-love.com\/fr\/produit\/bookingpress-aweber\/"},"modified":"2026-03-21T00:02:39","modified_gmt":"2026-03-20T23:02:39","slug":"bookingpress-aweber","status":"publish","type":"product","link":"https:\/\/gpl-love.com\/fr\/produit\/bookingpress-aweber\/","title":{"rendered":"BookingPress Aweber 1.2"},"content":{"rendered":"<h3>BookingPress Aweber Traits<\/h3>\n<p>Exploitez pleinement le potentiel de votre syst\u00e8me de r\u00e9servation en ligne gr\u00e2ce \u00e0 l&rsquo;int\u00e9gration fluide de BookingPress avec AWeber\u00a0! Cet outil puissant simplifie la connexion entre BookingPress et AWeber, transformant ainsi vos t\u00e2ches de planification en un processus optimis\u00e9 et efficace.<\/p>\n<p>Avec le marketing par e-mail d&rsquo;AWeber pour BookingPress, automatisez vos e-mails de suivi, vos rappels de rendez-vous et vos campagnes promotionnelles directement depuis la plateforme performante d&rsquo;AWeber. Configurer AWeber et BookingPress est simple et rapide, vous permettant d&rsquo;am\u00e9liorer imm\u00e9diatement vos interactions clients.<\/p>\n<p>Automatisez BookingPress avec AWeber et constatez une gestion des r\u00e9servations plus efficace. Cette int\u00e9gration vous fait gagner du temps en r\u00e9duisant la saisie manuelle et am\u00e9liore l&rsquo;exp\u00e9rience de r\u00e9servation de vos clients en les tenant inform\u00e9s et en les impliquant.<\/p>\n<p>Que vous souhaitiez dynamiser vos efforts marketing ou simplifier votre processus de r\u00e9servation, l&rsquo;int\u00e9gration du syst\u00e8me de r\u00e9servation AWeber est la solution id\u00e9ale.<\/p>\n<ul>\n<li>Int\u00e9gration parfaite avec Aweber pour vos campagnes d&#8217;emailing<\/li>\n<li><\/li>\n<li>Automatisation des notifications et rappels de r\u00e9servation par email<\/li>\n<li><\/li>\n<li>Gestion de plusieurs r\u00e9servations de services, id\u00e9al pour les entreprises proposant une offre diversifi\u00e9e<\/li>\n<li><\/li>\n<li>Formulaires de r\u00e9servation personnalisables \u00e0 l&rsquo;image de votre marque<\/li>\n<li>Mises \u00e0 jour des disponibilit\u00e9s en temps r\u00e9el pour \u00e9viter les doubles r\u00e9servations<\/li>\n<li>Conception optimis\u00e9e pour mobiles garantissant une accessibilit\u00e9 optimale sur smartphones et tablettes<\/li>\n<li>Tableau de bord analytique complet pour suivre les tendances de r\u00e9servation et le comportement des clients<\/li>\n<li>Cr\u00e9ation de codes de r\u00e9duction et de promotions<\/li>\n<li>Traitement s\u00e9curis\u00e9 des paiements avec prise en charge de plusieurs passerelles de paiement<\/li>\n<li>Installation et configuration faciles gr\u00e2ce \u00e0 une interface intuitive<\/li>\n<\/ul>\n","protected":false},"excerpt":{"rendered":"<p>D\u00e9couvrez l&rsquo;int\u00e9gration BookingPress\/AWeber, la solution id\u00e9ale pour connecter BookingPress \u00e0 AWeber en toute simplicit\u00e9. Optimisez la gestion de vos r\u00e9servations gr\u00e2ce au marketing par e-mail AWeber pour BookingPress, automatisez vos communications et renforcez l&rsquo;engagement client sans effort. Avec la configuration AWeber\/BookingPress, automatisez facilement BookingPress avec AWeber, simplifiez votre flux de travail et gagnez un temps pr\u00e9cieux. Cette puissante int\u00e9gration simplifie non seulement l&rsquo;automatisation des e-mails pour BookingPress, mais garantit \u00e9galement une compatibilit\u00e9 parfaite entre votre syst\u00e8me de r\u00e9servation et la plateforme robuste d&rsquo;AWeber. Lancez-vous d\u00e8s aujourd&rsquo;hui et transformez la gestion de vos r\u00e9servations gr\u00e2ce \u00e0 l&rsquo;int\u00e9gration du syst\u00e8me de r\u00e9servation AWeber\u00a0!<\/p>\n","protected":false},"featured_media":146998,"comment_status":"open","ping_status":"open","template":"","meta":[],"product_brand":[2778],"product_cat":[1207,1181,1186],"product_tag":[2371],"class_list":{"0":"post-139184","1":"product","2":"type-product","3":"status-publish","4":"has-post-thumbnail","6":"product_brand-bookingpress","7":"product_cat-commercialisation-wordpress-plugins","8":"product_cat-plugins","9":"product_cat-wordpress-plugins","10":"product_tag-bookingpress","11":"member-discount","12":"discount-restricted","14":"first","15":"instock","16":"sale","17":"downloadable","18":"virtual","19":"sold-individually","20":"purchasable","21":"product-type-simple"},"_links":{"self":[{"href":"https:\/\/gpl-love.com\/fr\/wp-json\/wp\/v2\/product\/139184","targetHints":{"allow":["GET"]}}],"collection":[{"href":"https:\/\/gpl-love.com\/fr\/wp-json\/wp\/v2\/product"}],"about":[{"href":"https:\/\/gpl-love.com\/fr\/wp-json\/wp\/v2\/types\/product"}],"replies":[{"embeddable":true,"href":"https:\/\/gpl-love.com\/fr\/wp-json\/wp\/v2\/comments?post=139184"}],"wp:featuredmedia":[{"embeddable":true,"href":"https:\/\/gpl-love.com\/fr\/wp-json\/wp\/v2\/media\/146998"}],"wp:attachment":[{"href":"https:\/\/gpl-love.com\/fr\/wp-json\/wp\/v2\/media?parent=139184"}],"wp:term":[{"taxonomy":"product_brand","embeddable":true,"href":"https:\/\/gpl-love.com\/fr\/wp-json\/wp\/v2\/product_brand?post=139184"},{"taxonomy":"product_cat","embeddable":true,"href":"https:\/\/gpl-love.com\/fr\/wp-json\/wp\/v2\/product_cat?post=139184"},{"taxonomy":"product_tag","embeddable":true,"href":"https:\/\/gpl-love.com\/fr\/wp-json\/wp\/v2\/product_tag?post=139184"}],"curies":[{"name":"wp","href":"https:\/\/api.w.org\/{rel}","templated":true}]}}