{"id":139180,"date":"2026-04-21T00:00:00","date_gmt":"2026-04-20T22:00:00","guid":{"rendered":"https:\/\/gpl-love.com\/fr\/produit\/bookingpress-cart\/"},"modified":"2026-05-11T00:31:46","modified_gmt":"2026-05-10T22:31:46","slug":"bookingpress-cart","status":"publish","type":"product","link":"https:\/\/gpl-love.com\/fr\/produit\/bookingpress-cart\/","title":{"rendered":"BookingPress Cart 4.2"},"content":{"rendered":"<h3>BookingPress Cart Traits<\/h3>\n<p>D\u00e9couvrez le tout nouveau BookingPress Cart \u2013 la solution id\u00e9ale pour simplifier vos r\u00e9servations et rendez-vous en ligne\u00a0! Dot\u00e9 de puissantes fonctionnalit\u00e9s, cet outil optimise votre service gr\u00e2ce \u00e0 une int\u00e9gration fluide avec BookingPress Cart, garantissant une exp\u00e9rience optimale pour vous et vos clients.<\/p>\n<p>Avec BookingPress Cart, la personnalisation est \u00e0 port\u00e9e de main. Adaptez votre processus de r\u00e9servation \u00e0 vos besoins et offrez une exp\u00e9rience utilisateur exceptionnelle. Notre guide utilisateur d\u00e9taill\u00e9 facilite la configuration, et gr\u00e2ce \u00e0 nos tarifs comp\u00e9titifs, b\u00e9n\u00e9ficiez de fonctionnalit\u00e9s premium sans vous ruiner.<\/p>\n<p>Gardez une longueur d&rsquo;avance gr\u00e2ce aux mises \u00e0 jour r\u00e9guli\u00e8res de BookingPress Cart, pour un syst\u00e8me toujours moderne et performant. Comparez notre syst\u00e8me \u00e0 d&rsquo;autres gr\u00e2ce \u00e0 notre outil de comparaison BookingPress Cart et d\u00e9couvrez pourquoi notre solution se distingue\u00a0!<\/p>\n<p>Ne nous croyez pas sur parole\u00a0; consultez les excellents avis d&rsquo;entreprises comme la v\u00f4tre sur BookingPress Cart. Besoin d&rsquo;aide\u00a0? Notre \u00e9quipe d&rsquo;assistance d\u00e9di\u00e9e est toujours pr\u00eate \u00e0 vous accompagner.<\/p>\n<p>Choisissez BookingPress Cart pour une solution de r\u00e9servation robuste et personnalisable.<\/p>\n<ul>\n<li>Syst\u00e8me de r\u00e9servation en ligne pour la prise de rendez-vous<\/li>\n<li>Formulaires de r\u00e9servation personnalisables<\/li>\n<li>Options de paiement int\u00e9gr\u00e9es<\/li>\n<li>Rappels automatiques par e-mail et SMS<\/li>\n<li>Gestion de plusieurs collaborateurs<\/li>\n<li>Synchronisation avec Google Agenda<\/li>\n<li>Interface conviviale pour les administrateurs et les clients<\/li>\n<li>Mises \u00e0 jour des disponibilit\u00e9s en temps r\u00e9el<\/li>\n<li>Prise en charge de diff\u00e9rents services et options tarifaires<\/li>\n<li>Compatibilit\u00e9 mobile pour les r\u00e9servations en d\u00e9placement<\/li>\n<\/ul>\n","protected":false},"excerpt":{"rendered":"<p>D\u00e9couvrez BookingPress Cart, la solution id\u00e9ale pour optimiser votre exp\u00e9rience de r\u00e9servation. Gr\u00e2ce \u00e0 son int\u00e9gration fluide et \u00e0 son guide d&rsquo;utilisation intuitif, BookingPress Cart vous garantit une configuration sans tracas. Explorez la puissance de la personnalisation et d\u00e9couvrez une gamme de fonctionnalit\u00e9s con\u00e7ues pour am\u00e9liorer votre efficacit\u00e9 op\u00e9rationnelle. Nos tarifs comp\u00e9titifs et les avis clients positifs t\u00e9moignent de notre engagement envers la qualit\u00e9 et l&rsquo;accessibilit\u00e9. B\u00e9n\u00e9ficiez d&rsquo;un support d\u00e9di\u00e9, de mises \u00e0 jour r\u00e9guli\u00e8res et de comparatifs complets avec d&rsquo;autres solutions de r\u00e9servation. Que vous souhaitiez moderniser votre syst\u00e8me ou en cr\u00e9er un nouveau, BookingPress Cart offre l&rsquo;alliance parfaite entre fonctionnalit\u00e9 et innovation pour r\u00e9pondre \u00e0 vos besoins.<\/p>\n","protected":false},"featured_media":146996,"comment_status":"open","ping_status":"open","template":"","meta":[],"product_brand":[2778],"product_cat":[1182,1223,1181],"product_tag":[2371],"class_list":{"0":"post-139180","1":"product","2":"type-product","3":"status-publish","4":"has-post-thumbnail","6":"product_brand-bookingpress","7":"product_cat-commerce-electronique-plugins","8":"product_cat-personnalisation-commerce-electronique-plugins","9":"product_cat-plugins","10":"product_tag-bookingpress","11":"member-discount","12":"discount-restricted","14":"first","15":"instock","16":"sale","17":"downloadable","18":"virtual","19":"sold-individually","20":"purchasable","21":"product-type-simple"},"_links":{"self":[{"href":"https:\/\/gpl-love.com\/fr\/wp-json\/wp\/v2\/product\/139180","targetHints":{"allow":["GET"]}}],"collection":[{"href":"https:\/\/gpl-love.com\/fr\/wp-json\/wp\/v2\/product"}],"about":[{"href":"https:\/\/gpl-love.com\/fr\/wp-json\/wp\/v2\/types\/product"}],"replies":[{"embeddable":true,"href":"https:\/\/gpl-love.com\/fr\/wp-json\/wp\/v2\/comments?post=139180"}],"wp:featuredmedia":[{"embeddable":true,"href":"https:\/\/gpl-love.com\/fr\/wp-json\/wp\/v2\/media\/146996"}],"wp:attachment":[{"href":"https:\/\/gpl-love.com\/fr\/wp-json\/wp\/v2\/media?parent=139180"}],"wp:term":[{"taxonomy":"product_brand","embeddable":true,"href":"https:\/\/gpl-love.com\/fr\/wp-json\/wp\/v2\/product_brand?post=139180"},{"taxonomy":"product_cat","embeddable":true,"href":"https:\/\/gpl-love.com\/fr\/wp-json\/wp\/v2\/product_cat?post=139180"},{"taxonomy":"product_tag","embeddable":true,"href":"https:\/\/gpl-love.com\/fr\/wp-json\/wp\/v2\/product_tag?post=139180"}],"curies":[{"name":"wp","href":"https:\/\/api.w.org\/{rel}","templated":true}]}}