{"id":139174,"date":"2025-10-20T00:00:00","date_gmt":"2025-10-19T22:00:00","guid":{"rendered":"https:\/\/gpl-love.com\/fr\/produit\/bookingpress-advanced-discount\/"},"modified":"2026-04-17T00:32:07","modified_gmt":"2026-04-16T22:32:07","slug":"bookingpress-advanced-discount","status":"publish","type":"product","link":"https:\/\/gpl-love.com\/fr\/produit\/bookingpress-advanced-discount\/","title":{"rendered":"BookingPress Advanced Discount 1.7"},"content":{"rendered":"<h3>BookingPress Advanced Discount Traits<\/h3>\n<p>Exploitez pleinement le potentiel de votre syst\u00e8me de r\u00e9servation en ligne gr\u00e2ce aux r\u00e8gles de r\u00e9duction avanc\u00e9es de BookingPress. Cette fonctionnalit\u00e9 puissante vous permet de mettre en \u0153uvre des strat\u00e9gies de r\u00e9duction sophistiqu\u00e9es, garantissant ainsi que vos promotions attirent de nouveaux clients tout en fid\u00e9lisant les clients existants.<\/p>\n<p>### Ma\u00eetrisez l&rsquo;art des r\u00e9ductions<\/p>\n<p>Plongez dans notre guide complet de configuration des r\u00e9ductions BookingPress, qui vous accompagne \u00e0 chaque \u00e9tape de la cr\u00e9ation de promotions attractives. Apprenez \u00e0 utiliser BookingPress pour des promotions qui trouvent un \u00e9cho aupr\u00e8s de votre public cible, g\u00e9n\u00e9rant \u00e0 la fois du trafic et des conversions.<\/p>\n<p>### Personnalisez vos promotions<\/p>\n<p>Que vous souhaitiez mettre en place des r\u00e9ductions saisonni\u00e8res, des offres de derni\u00e8re minute ou des programmes de fid\u00e9lit\u00e9, notre guide sur la configuration des r\u00e9ductions BookingPress vous fournit toutes les informations n\u00e9cessaires. Gr\u00e2ce aux strat\u00e9gies de r\u00e9duction avanc\u00e9es de BookingPress, vous pouvez personnaliser les offres qui s&rsquo;appliquent automatiquement au moment du paiement, pour des promotions fluides et conviviales.<\/p>\n<p>### Optimisez vos campagnes<\/p>\n<p>Tirez parti des fonctionnalit\u00e9s avanc\u00e9es d&rsquo;optimisation des r\u00e9ductions BookingPress pour garantir que chaque r\u00e9duction que vous proposez maximise votre rentabilit\u00e9 et votre visibilit\u00e9.<\/p>\n<ul>\n<li>Offre des remises en pourcentage<\/li>\n<li>Autorise les remises \u00e0 montant fixe<\/li>\n<li>Prend en charge les remises conditionnelles selon les d\u00e9tails de la r\u00e9servation<\/li>\n<li>Inclut des offres \u00e0 dur\u00e9e limit\u00e9e pour les r\u00e9servations anticip\u00e9es ou de derni\u00e8re minute<\/li>\n<li>Propose des options de r\u00e9duction de groupe pour les r\u00e9servations multiples<\/li>\n<li>Inclut des codes de r\u00e9duction personnalisables<\/li>\n<li>S&rsquo;int\u00e8gre parfaitement au logiciel de r\u00e9servation BookingPress<\/li>\n<li>Permet l&rsquo;application automatique des remises au moment du paiement<\/li>\n<li>Permet d&rsquo;exclure certaines dates ou certains services des remises<\/li>\n<li>Offre une interface utilisateur intuitive pour une gestion simplifi\u00e9e des r\u00e8gles de r\u00e9duction<\/li>\n<\/ul>\n","protected":false},"excerpt":{"rendered":"<p>D\u00e9couvrez comment optimiser vos promotions gr\u00e2ce aux r\u00e8gles de r\u00e9duction avanc\u00e9es de BookingPress\u00a0! Notre guide complet de configuration des r\u00e9ductions BookingPress vous accompagne pas \u00e0 pas pour configurer vos r\u00e9ductions en toute simplicit\u00e9. Apprenez des strat\u00e9gies de r\u00e9duction avanc\u00e9es sur BookingPress pour booster vos ventes. Que vous soyez d\u00e9butant ou expert en marketing, notre guide sur l&rsquo;utilisation de BookingPress pour vos promotions et l&rsquo;optimisation de ses fonctionnalit\u00e9s de r\u00e9duction avanc\u00e9es vous permettra d&rsquo;accro\u00eetre consid\u00e9rablement votre efficacit\u00e9 promotionnelle. Exploitez d\u00e8s aujourd&rsquo;hui la puissance des r\u00e9ductions cibl\u00e9es et voyez vos r\u00e9servations exploser\u00a0!<\/p>\n","protected":false},"featured_media":146993,"comment_status":"open","ping_status":"open","template":"","meta":[],"product_brand":[2778],"product_cat":[1182,1200,1181],"product_tag":[2371],"class_list":{"0":"post-139174","1":"product","2":"type-product","3":"status-publish","4":"has-post-thumbnail","6":"product_brand-bookingpress","7":"product_cat-commerce-electronique-plugins","8":"product_cat-commercialisation","9":"product_cat-plugins","10":"product_tag-bookingpress","11":"member-discount","12":"discount-restricted","14":"first","15":"instock","16":"sale","17":"downloadable","18":"virtual","19":"sold-individually","20":"purchasable","21":"product-type-simple"},"_links":{"self":[{"href":"https:\/\/gpl-love.com\/fr\/wp-json\/wp\/v2\/product\/139174","targetHints":{"allow":["GET"]}}],"collection":[{"href":"https:\/\/gpl-love.com\/fr\/wp-json\/wp\/v2\/product"}],"about":[{"href":"https:\/\/gpl-love.com\/fr\/wp-json\/wp\/v2\/types\/product"}],"replies":[{"embeddable":true,"href":"https:\/\/gpl-love.com\/fr\/wp-json\/wp\/v2\/comments?post=139174"}],"wp:featuredmedia":[{"embeddable":true,"href":"https:\/\/gpl-love.com\/fr\/wp-json\/wp\/v2\/media\/146993"}],"wp:attachment":[{"href":"https:\/\/gpl-love.com\/fr\/wp-json\/wp\/v2\/media?parent=139174"}],"wp:term":[{"taxonomy":"product_brand","embeddable":true,"href":"https:\/\/gpl-love.com\/fr\/wp-json\/wp\/v2\/product_brand?post=139174"},{"taxonomy":"product_cat","embeddable":true,"href":"https:\/\/gpl-love.com\/fr\/wp-json\/wp\/v2\/product_cat?post=139174"},{"taxonomy":"product_tag","embeddable":true,"href":"https:\/\/gpl-love.com\/fr\/wp-json\/wp\/v2\/product_tag?post=139174"}],"curies":[{"name":"wp","href":"https:\/\/api.w.org\/{rel}","templated":true}]}}