{"id":139172,"date":"2025-09-22T00:00:00","date_gmt":"2025-09-21T22:00:00","guid":{"rendered":"https:\/\/gpl-love.com\/fr\/produit\/bookingpress-google-calendar\/"},"modified":"2026-04-18T06:33:40","modified_gmt":"2026-04-18T04:33:40","slug":"bookingpress-google-calendar","status":"publish","type":"product","link":"https:\/\/gpl-love.com\/fr\/produit\/bookingpress-google-calendar\/","title":{"rendered":"BookingPress Google Calendar 3.3"},"content":{"rendered":"<h3>BookingPress Google Calendar Traits<\/h3>\n<p>Simplifiez la gestion de vos rendez-vous gr\u00e2ce \u00e0 l&rsquo;int\u00e9gration Google Agenda de BookingPress\u00a0! Id\u00e9al pour les entreprises et les professionnels, ce puissant plugin assure une synchronisation parfaite entre votre syst\u00e8me BookingPress et Google Agenda. Dites adieu aux doubles r\u00e9servations et aux conflits d&rsquo;horaires gr\u00e2ce \u00e0 la synchronisation en temps r\u00e9el.<\/p>\n<p>La configuration est un jeu d&rsquo;enfant\u00a0: suivez notre tutoriel et notre guide d&rsquo;installation faciles pour BookingPress et Google Agenda. Apprenez \u00e0 utiliser BookingPress avec Google Agenda gr\u00e2ce \u00e0 des instructions pas \u00e0 pas qui vous permettront de g\u00e9rer vos r\u00e9servations efficacement en un rien de temps.<\/p>\n<p>D\u00e9couvrez les fonctionnalit\u00e9s avanc\u00e9es de Google Agenda dans BookingPress\u00a0: consultez vos rendez-vous directement dans Google Agenda, envoyez des rappels automatiques \u00e0 vos clients et bien plus encore. Utiliser Google Agenda pour vos r\u00e9servations BookingPress simplifie votre flux de travail et am\u00e9liore la satisfaction client en leur garantissant de ne pas oublier leurs rendez-vous.<\/p>\n<ul>\n<li>Int\u00e9gration fluide avec Google Agenda<\/li>\n<li>Mises \u00e0 jour des disponibilit\u00e9s en temps r\u00e9el<\/li>\n<li>Confirmations et rappels de r\u00e9servation automatiques<\/li>\n<li>Configuration simple et interface intuitive<\/li>\n<li>Gestion de plusieurs agendas pour diff\u00e9rents services<\/li>\n<li>Formulaires de r\u00e9servation personnalisables<\/li>\n<li>Synchronisation avec les plateformes mobiles et de bureau<\/li>\n<li>Am\u00e9lioration de la productivit\u00e9 gr\u00e2ce \u00e0 la r\u00e9duction des conflits d&rsquo;horaires<\/li>\n<li>S\u00e9curisation du traitement des donn\u00e9es et respect de la vie priv\u00e9e<\/li>\n<li>Compatible avec diverses plateformes et outils de cr\u00e9ation de sites web<\/li>\n<\/ul>\n","protected":false},"excerpt":{"rendered":"<p>D\u00e9couvrez l&rsquo;int\u00e9gration BookingPress avec Google Agenda, la solution id\u00e9ale pour simplifier la gestion de vos rendez-vous\u00a0! Synchronisez et g\u00e9rez vos r\u00e9servations directement depuis votre Google Agenda gr\u00e2ce \u00e0 notre extension intuitive. Apprenez \u00e0 utiliser BookingPress avec Google Agenda gr\u00e2ce \u00e0 notre tutoriel et nos instructions d&rsquo;installation simples, et optimisez ainsi votre planification. Profitez des fonctionnalit\u00e9s compl\u00e8tes de Google Agenda dans BookingPress, notamment la synchronisation automatique et une gestion simplifi\u00e9e. Parfaite pour les entreprises souhaitant optimiser BookingPress avec Google Agenda, notre int\u00e9gration vous garantit une gestion de vos rendez-vous d&rsquo;une simplicit\u00e9 in\u00e9gal\u00e9e. Lancez-vous d\u00e8s aujourd&rsquo;hui et transformez votre processus de r\u00e9servation gr\u00e2ce \u00e0 l&rsquo;int\u00e9gration BookingPress avec Google Agenda\u00a0!<\/p>\n","protected":false},"featured_media":146992,"comment_status":"open","ping_status":"open","template":"","meta":[],"product_brand":[2778],"product_cat":[1187,1181,1186],"product_tag":[2371],"class_list":{"0":"post-139172","1":"product","2":"type-product","3":"status-publish","4":"has-post-thumbnail","6":"product_brand-bookingpress","7":"product_cat-administration-wordpress-plugins","8":"product_cat-plugins","9":"product_cat-wordpress-plugins","10":"product_tag-bookingpress","11":"member-discount","12":"discount-restricted","14":"first","15":"instock","16":"sale","17":"downloadable","18":"virtual","19":"sold-individually","20":"purchasable","21":"product-type-simple"},"_links":{"self":[{"href":"https:\/\/gpl-love.com\/fr\/wp-json\/wp\/v2\/product\/139172","targetHints":{"allow":["GET"]}}],"collection":[{"href":"https:\/\/gpl-love.com\/fr\/wp-json\/wp\/v2\/product"}],"about":[{"href":"https:\/\/gpl-love.com\/fr\/wp-json\/wp\/v2\/types\/product"}],"replies":[{"embeddable":true,"href":"https:\/\/gpl-love.com\/fr\/wp-json\/wp\/v2\/comments?post=139172"}],"wp:featuredmedia":[{"embeddable":true,"href":"https:\/\/gpl-love.com\/fr\/wp-json\/wp\/v2\/media\/146992"}],"wp:attachment":[{"href":"https:\/\/gpl-love.com\/fr\/wp-json\/wp\/v2\/media?parent=139172"}],"wp:term":[{"taxonomy":"product_brand","embeddable":true,"href":"https:\/\/gpl-love.com\/fr\/wp-json\/wp\/v2\/product_brand?post=139172"},{"taxonomy":"product_cat","embeddable":true,"href":"https:\/\/gpl-love.com\/fr\/wp-json\/wp\/v2\/product_cat?post=139172"},{"taxonomy":"product_tag","embeddable":true,"href":"https:\/\/gpl-love.com\/fr\/wp-json\/wp\/v2\/product_tag?post=139172"}],"curies":[{"name":"wp","href":"https:\/\/api.w.org\/{rel}","templated":true}]}}